{"id":1059,"date":"2024-09-06T14:04:56","date_gmt":"2024-09-06T12:04:56","guid":{"rendered":"https:\/\/olgaluxurycreation.com\/?page_id=1059"},"modified":"2024-09-06T14:07:47","modified_gmt":"2024-09-06T12:07:47","slug":"maintenance","status":"publish","type":"page","link":"https:\/\/olgaluxurycreation.com\/en\/maintenance\/","title":{"rendered":"Maintenance"},"content":{"rendered":"<div data-elementor-type=\"wp-page\" data-elementor-id=\"1059\" class=\"elementor elementor-1059\" data-elementor-post-type=\"page\">\n\t\t\t\t<div class=\"elementor-element elementor-element-41c9ad9 e-flex e-con-boxed e-con e-parent\" data-id=\"41c9ad9\" data-element_type=\"container\">\n\t\t\t\t\t<div class=\"e-con-inner\">\n\t\t\t\t<div class=\"elementor-element elementor-element-4d5d5cf elementor-widget elementor-widget-image\" data-id=\"4d5d5cf\" data-element_type=\"widget\" data-widget_type=\"image.default\">\n\t\t\t\t<div class=\"elementor-widget-container\">\n\t\t\t\t\t\t\t\t\t\t\t\t\t\t\t<img fetchpriority=\"high\" decoding=\"async\" width=\"800\" height=\"82\" src=\"https:\/\/olgaluxurycreation.com\/wp-content\/uploads\/2024\/07\/logo-olga-luxury-creation.png\" class=\"attachment-large size-large wp-image-33\" alt=\"\" srcset=\"https:\/\/olgaluxurycreation.com\/wp-content\/uploads\/2024\/07\/logo-olga-luxury-creation.png 999w, https:\/\/olgaluxurycreation.com\/wp-content\/uploads\/2024\/07\/logo-olga-luxury-creation-600x62.png 600w, https:\/\/olgaluxurycreation.com\/wp-content\/uploads\/2024\/07\/logo-olga-luxury-creation-300x31.png 300w, https:\/\/olgaluxurycreation.com\/wp-content\/uploads\/2024\/07\/logo-olga-luxury-creation-768x79.png 768w\" sizes=\"(max-width: 800px) 100vw, 800px\" \/>\t\t\t\t\t\t\t\t\t\t\t\t\t\t\t<\/div>\n\t\t\t\t<\/div>\n\t\t\t\t<div class=\"elementor-element elementor-element-410c24e elementor-widget elementor-widget-heading\" data-id=\"410c24e\" data-element_type=\"widget\" data-widget_type=\"heading.default\">\n\t\t\t\t<div class=\"elementor-widget-container\">\n\t\t\t\t\t<h2 class=\"elementor-heading-title elementor-size-default\">Site en construction<\/h2>\t\t\t\t<\/div>\n\t\t\t\t<\/div>\n\t\t\t\t<div class=\"elementor-element elementor-element-c9f9323 elementor-align-center elementor-widget elementor-widget-button\" data-id=\"c9f9323\" data-element_type=\"widget\" data-widget_type=\"button.default\">\n\t\t\t\t<div class=\"elementor-widget-container\">\n\t\t\t\t\t\t\t\t\t<div class=\"elementor-button-wrapper\">\n\t\t\t\t\t<a class=\"elementor-button elementor-button-link elementor-size-sm\" href=\"https:\/\/www.instagram.com\/olgaluxurycreation\/\">\n\t\t\t\t\t\t<span class=\"elementor-button-content-wrapper\">\n\t\t\t\t\t\t\t\t\t<span class=\"elementor-button-text\">D\u00e9couvrez notre Instagram<\/span>\n\t\t\t\t\t<\/span>\n\t\t\t\t\t<\/a>\n\t\t\t\t<\/div>\n\t\t\t\t\t\t\t\t<\/div>\n\t\t\t\t<\/div>\n\t\t\t\t\t<\/div>\n\t\t\t\t<\/div>\n\t\t\t\t<\/div>","protected":false},"excerpt":{"rendered":"<p>Site en construction D\u00e9couvrez notre Instagram<\/p>","protected":false},"author":6,"featured_media":0,"parent":0,"menu_order":0,"comment_status":"closed","ping_status":"closed","template":"elementor_canvas","meta":{"_acf_changed":false,"footnotes":""},"class_list":["post-1059","page","type-page","status-publish","hentry"],"acf":[],"yoast_head":"<!-- This site is optimized with the Yoast SEO plugin v24.6 - https:\/\/yoast.com\/wordpress\/plugins\/seo\/ -->\n<title>Maintenance - Olga Luxury Cr\u00e9ation<\/title>\n<meta name=\"robots\" content=\"index, follow, max-snippet:-1, max-image-preview:large, max-video-preview:-1\" \/>\n<link rel=\"canonical\" href=\"https:\/\/olgaluxurycreation.com\/en\/maintenance\/\" \/>\n<meta property=\"og:locale\" content=\"en_GB\" \/>\n<meta property=\"og:type\" content=\"article\" \/>\n<meta property=\"og:title\" content=\"Maintenance - Olga Luxury Cr\u00e9ation\" \/>\n<meta property=\"og:description\" content=\"Site en construction D\u00e9couvrez notre Instagram\" \/>\n<meta property=\"og:url\" content=\"https:\/\/olgaluxurycreation.com\/en\/maintenance\/\" \/>\n<meta property=\"og:site_name\" content=\"Olga Luxury Cr\u00e9ation\" \/>\n<meta property=\"article:modified_time\" content=\"2024-09-06T12:07:47+00:00\" \/>\n<meta property=\"og:image\" content=\"https:\/\/olgaluxurycreation.com\/wp-content\/uploads\/2024\/07\/logo-olga-luxury-creation.png\" \/>\n<meta name=\"twitter:card\" content=\"summary_large_image\" \/>\n<meta name=\"twitter:label1\" content=\"Estimated reading time\" \/>\n\t<meta name=\"twitter:data1\" content=\"1 minute\" \/>\n<script type=\"application\/ld+json\" class=\"yoast-schema-graph\">{\"@context\":\"https:\/\/schema.org\",\"@graph\":[{\"@type\":\"WebPage\",\"@id\":\"https:\/\/olgaluxurycreation.com\/maintenance\/\",\"url\":\"https:\/\/olgaluxurycreation.com\/maintenance\/\",\"name\":\"Maintenance - Olga Luxury Cr\u00e9ation\",\"isPartOf\":{\"@id\":\"https:\/\/olgaluxurycreation.com\/#website\"},\"primaryImageOfPage\":{\"@id\":\"https:\/\/olgaluxurycreation.com\/maintenance\/#primaryimage\"},\"image\":{\"@id\":\"https:\/\/olgaluxurycreation.com\/maintenance\/#primaryimage\"},\"thumbnailUrl\":\"https:\/\/olgaluxurycreation.com\/wp-content\/uploads\/2024\/07\/logo-olga-luxury-creation.png\",\"datePublished\":\"2024-09-06T12:04:56+00:00\",\"dateModified\":\"2024-09-06T12:07:47+00:00\",\"breadcrumb\":{\"@id\":\"https:\/\/olgaluxurycreation.com\/maintenance\/#breadcrumb\"},\"inLanguage\":\"en-GB\",\"potentialAction\":[{\"@type\":\"ReadAction\",\"target\":[\"https:\/\/olgaluxurycreation.com\/maintenance\/\"]}]},{\"@type\":\"ImageObject\",\"inLanguage\":\"en-GB\",\"@id\":\"https:\/\/olgaluxurycreation.com\/maintenance\/#primaryimage\",\"url\":\"https:\/\/olgaluxurycreation.com\/wp-content\/uploads\/2024\/07\/logo-olga-luxury-creation.png\",\"contentUrl\":\"https:\/\/olgaluxurycreation.com\/wp-content\/uploads\/2024\/07\/logo-olga-luxury-creation.png\"},{\"@type\":\"BreadcrumbList\",\"@id\":\"https:\/\/olgaluxurycreation.com\/maintenance\/#breadcrumb\",\"itemListElement\":[{\"@type\":\"ListItem\",\"position\":1,\"name\":\"Accueil\",\"item\":\"https:\/\/olgaluxurycreation.com\/\"},{\"@type\":\"ListItem\",\"position\":2,\"name\":\"Maintenance\"}]},{\"@type\":\"WebSite\",\"@id\":\"https:\/\/olgaluxurycreation.com\/#website\",\"url\":\"https:\/\/olgaluxurycreation.com\/\",\"name\":\"Olga Luxury Cr\u00e9ation\",\"description\":\"Sacs en cuir v\u00e9ritable faits main par Olga Luxury Cr\u00e9ation\",\"potentialAction\":[{\"@type\":\"SearchAction\",\"target\":{\"@type\":\"EntryPoint\",\"urlTemplate\":\"https:\/\/olgaluxurycreation.com\/?s={search_term_string}\"},\"query-input\":{\"@type\":\"PropertyValueSpecification\",\"valueRequired\":true,\"valueName\":\"search_term_string\"}}],\"inLanguage\":\"en-GB\"}]}<\/script>\n<!-- \/ Yoast SEO plugin. -->","yoast_head_json":{"title":"Maintenance - Olga Luxury Cr\u00e9ation","robots":{"index":"index","follow":"follow","max-snippet":"max-snippet:-1","max-image-preview":"max-image-preview:large","max-video-preview":"max-video-preview:-1"},"canonical":"https:\/\/olgaluxurycreation.com\/en\/maintenance\/","og_locale":"en_GB","og_type":"article","og_title":"Maintenance - Olga Luxury Cr\u00e9ation","og_description":"Site en construction D\u00e9couvrez notre Instagram","og_url":"https:\/\/olgaluxurycreation.com\/en\/maintenance\/","og_site_name":"Olga Luxury Cr\u00e9ation","article_modified_time":"2024-09-06T12:07:47+00:00","og_image":[{"url":"https:\/\/olgaluxurycreation.com\/wp-content\/uploads\/2024\/07\/logo-olga-luxury-creation.png","type":"","width":"","height":""}],"twitter_card":"summary_large_image","twitter_misc":{"Estimated reading time":"1 minute"},"schema":{"@context":"https:\/\/schema.org","@graph":[{"@type":"WebPage","@id":"https:\/\/olgaluxurycreation.com\/maintenance\/","url":"https:\/\/olgaluxurycreation.com\/maintenance\/","name":"Maintenance - Olga Luxury Cr\u00e9ation","isPartOf":{"@id":"https:\/\/olgaluxurycreation.com\/#website"},"primaryImageOfPage":{"@id":"https:\/\/olgaluxurycreation.com\/maintenance\/#primaryimage"},"image":{"@id":"https:\/\/olgaluxurycreation.com\/maintenance\/#primaryimage"},"thumbnailUrl":"https:\/\/olgaluxurycreation.com\/wp-content\/uploads\/2024\/07\/logo-olga-luxury-creation.png","datePublished":"2024-09-06T12:04:56+00:00","dateModified":"2024-09-06T12:07:47+00:00","breadcrumb":{"@id":"https:\/\/olgaluxurycreation.com\/maintenance\/#breadcrumb"},"inLanguage":"en-GB","potentialAction":[{"@type":"ReadAction","target":["https:\/\/olgaluxurycreation.com\/maintenance\/"]}]},{"@type":"ImageObject","inLanguage":"en-GB","@id":"https:\/\/olgaluxurycreation.com\/maintenance\/#primaryimage","url":"https:\/\/olgaluxurycreation.com\/wp-content\/uploads\/2024\/07\/logo-olga-luxury-creation.png","contentUrl":"https:\/\/olgaluxurycreation.com\/wp-content\/uploads\/2024\/07\/logo-olga-luxury-creation.png"},{"@type":"BreadcrumbList","@id":"https:\/\/olgaluxurycreation.com\/maintenance\/#breadcrumb","itemListElement":[{"@type":"ListItem","position":1,"name":"Accueil","item":"https:\/\/olgaluxurycreation.com\/"},{"@type":"ListItem","position":2,"name":"Maintenance"}]},{"@type":"WebSite","@id":"https:\/\/olgaluxurycreation.com\/#website","url":"https:\/\/olgaluxurycreation.com\/","name":"Olga Luxury Cr\u00e9ation","description":"Sacs en cuir v\u00e9ritable faits main par Olga Luxury Cr\u00e9ation","potentialAction":[{"@type":"SearchAction","target":{"@type":"EntryPoint","urlTemplate":"https:\/\/olgaluxurycreation.com\/?s={search_term_string}"},"query-input":{"@type":"PropertyValueSpecification","valueRequired":true,"valueName":"search_term_string"}}],"inLanguage":"en-GB"}]}},"_links":{"self":[{"href":"https:\/\/olgaluxurycreation.com\/en\/wp-json\/wp\/v2\/pages\/1059","targetHints":{"allow":["GET"]}}],"collection":[{"href":"https:\/\/olgaluxurycreation.com\/en\/wp-json\/wp\/v2\/pages"}],"about":[{"href":"https:\/\/olgaluxurycreation.com\/en\/wp-json\/wp\/v2\/types\/page"}],"author":[{"embeddable":true,"href":"https:\/\/olgaluxurycreation.com\/en\/wp-json\/wp\/v2\/users\/6"}],"replies":[{"embeddable":true,"href":"https:\/\/olgaluxurycreation.com\/en\/wp-json\/wp\/v2\/comments?post=1059"}],"version-history":[{"count":7,"href":"https:\/\/olgaluxurycreation.com\/en\/wp-json\/wp\/v2\/pages\/1059\/revisions"}],"predecessor-version":[{"id":1067,"href":"https:\/\/olgaluxurycreation.com\/en\/wp-json\/wp\/v2\/pages\/1059\/revisions\/1067"}],"wp:attachment":[{"href":"https:\/\/olgaluxurycreation.com\/en\/wp-json\/wp\/v2\/media?parent=1059"}],"curies":[{"name":"wp","href":"https:\/\/api.w.org\/{rel}","templated":true}]}}