{"id":134,"date":"2024-07-19T16:17:28","date_gmt":"2024-07-19T14:17:28","guid":{"rendered":"https:\/\/olgaluxurycreation.com\/?page_id=134"},"modified":"2024-09-06T12:20:39","modified_gmt":"2024-09-06T10:20:39","slug":"retours-livraison","status":"publish","type":"page","link":"https:\/\/olgaluxurycreation.com\/en\/retours-livraison\/","title":{"rendered":"Retours et livraisons"},"content":{"rendered":"<div data-elementor-type=\"wp-page\" data-elementor-id=\"134\" class=\"elementor elementor-134\" data-elementor-post-type=\"page\">\n\t\t\t\t<div class=\"elementor-element elementor-element-9dc475d e-flex e-con-boxed e-con e-parent\" data-id=\"9dc475d\" data-element_type=\"container\">\n\t\t\t\t\t<div class=\"e-con-inner\">\n\t\t<div class=\"elementor-element elementor-element-70801a3 e-con-full e-flex e-con e-child\" data-id=\"70801a3\" data-element_type=\"container\">\n\t\t\t\t<\/div>\n\t\t<div class=\"elementor-element elementor-element-03c62e5 e-con-full e-flex e-con e-child\" data-id=\"03c62e5\" data-element_type=\"container\">\n\t\t\t\t<\/div>\n\t\t\t\t\t<\/div>\n\t\t\t\t<\/div>\n\t\t<div class=\"elementor-element elementor-element-87119a3 e-flex e-con-boxed e-con e-parent\" data-id=\"87119a3\" data-element_type=\"container\">\n\t\t\t\t\t<div class=\"e-con-inner\">\n\t\t\t\t<div class=\"elementor-element elementor-element-52a2d23 elementor-widget elementor-widget-heading\" data-id=\"52a2d23\" data-element_type=\"widget\" data-widget_type=\"heading.default\">\n\t\t\t\t<div class=\"elementor-widget-container\">\n\t\t\t\t\t<h2 class=\"elementor-heading-title elementor-size-default\">Returns and delivery<\/h2>\t\t\t\t<\/div>\n\t\t\t\t<\/div>\n\t\t\t\t\t<\/div>\n\t\t\t\t<\/div>\n\t\t<div class=\"elementor-element elementor-element-a37c6e4 e-flex e-con-boxed e-con e-parent\" data-id=\"a37c6e4\" data-element_type=\"container\">\n\t\t\t\t\t<div class=\"e-con-inner\">\n\t\t\t\t<div class=\"elementor-element elementor-element-b642e7c elementor-widget elementor-widget-text-editor\" data-id=\"b642e7c\" data-element_type=\"widget\" data-widget_type=\"text-editor.default\">\n\t\t\t\t<div class=\"elementor-widget-container\">\n\t\t\t\t\t\t\t\t\t<h4>Delivery to all countries in Europe (except United Kingdom, Norway, Germany) as well as the United States, Canada, Japan, Australia, Singapore, South Korea, Qatar and United Arab Emirates.<\/h4><p><strong>For Delivery:<\/strong><\/p><ul><li>Colissimo delivery with signature or without signature offered with parcel tracking, to mainland France. Shipping with package number sent by shipping confirmation email. Delivery for France is 2-3 working days.<\/li><li>Free international delivery by Delivengo\/Colissimo. Delivery is 7-10 working days.<\/li><\/ul>\t\t\t\t\t\t\t\t<\/div>\n\t\t\t\t<\/div>\n\t\t\t\t<div class=\"elementor-element elementor-element-7caad52 elementor-widget elementor-widget-text-editor\" data-id=\"7caad52\" data-element_type=\"widget\" data-widget_type=\"text-editor.default\">\n\t\t\t\t<div class=\"elementor-widget-container\">\n\t\t\t\t\t\t\t\t\t<p><span style=\"background-color: #f8f9fa; color: #1f1f1f; font-family: inherit; font-size: 28px; white-space-collapse: preserve; font-weight: var( --e-global-typography-text-font-weight ); text-align: var(--text-align);\">Delivery to the above countries is free of charge.<\/span><\/p><p><span style=\"color: var( --e-global-color-text ); font-family: var( --e-global-typography-text-font-family ), Sans-serif; font-weight: var( --e-global-typography-text-font-weight ); text-align: var(--text-align); font-size: 1rem;\">Customs and import taxes are the buyers responsibility. I am not responsible for delays caused by customs.<\/span><\/p><p><strong>Return policy:<\/strong><\/p><ul><li>The buyer may return or exchange the item.<\/li><li>The buyer must return the item within 14 days of receipt.<\/li><li>Return shipping costs are the responsibility of the buyer.<\/li><li>The buyer is responsible for any loss in value (as assessed with the seller) if an item is not returned in its original condition.<\/li><\/ul>\t\t\t\t\t\t\t\t<\/div>\n\t\t\t\t<\/div>\n\t\t\t\t<div class=\"elementor-element elementor-element-6a8c9fd elementor-widget elementor-widget-text-editor\" data-id=\"6a8c9fd\" data-element_type=\"widget\" data-widget_type=\"text-editor.default\">\n\t\t\t\t<div class=\"elementor-widget-container\">\n\t\t\t\t\t\t\t\t\t<p><strong>Cancellations accepted:<\/strong><\/p>\n<p><em>Do not hesitate to contact the designer if there is a problem with your order.<\/em><\/p>\t\t\t\t\t\t\t\t<\/div>\n\t\t\t\t<\/div>\n\t\t\t\t\t<\/div>\n\t\t\t\t<\/div>\n\t\t\t\t<\/div>","protected":false},"excerpt":{"rendered":"<p>Retours et livraison Livraison dans tous les pays d&rsquo;Europe (sauf Royaume-Uni, Norv\u00e8ge, Allemagne) ainsi qu\u2019aux \u00c9tats-Unis, Canada, Japon, Australie, Singapour, Cor\u00e9e du Sud, Qatar et \u00c9mirats Arabes Unis. Pour la Livraison : Livraison Colissimo avec signature ou sans signature offerte avec suivi du colis, vers la France m\u00e9tropolitaine. Exp\u00e9dition avec num\u00e9ro de colis transmis par [&hellip;]<\/p>","protected":false},"author":6,"featured_media":0,"parent":0,"menu_order":0,"comment_status":"closed","ping_status":"closed","template":"","meta":{"_acf_changed":false,"footnotes":""},"class_list":["post-134","page","type-page","status-publish","hentry"],"acf":[],"yoast_head":"<!-- This site is optimized with the Yoast SEO plugin v24.6 - https:\/\/yoast.com\/wordpress\/plugins\/seo\/ -->\n<title>Retours et livraisons - Olga Luxury Cr\u00e9ation<\/title>\n<meta name=\"robots\" content=\"index, follow, max-snippet:-1, max-image-preview:large, max-video-preview:-1\" \/>\n<link rel=\"canonical\" href=\"https:\/\/olgaluxurycreation.com\/en\/retours-livraison\/\" \/>\n<meta property=\"og:locale\" content=\"en_GB\" \/>\n<meta property=\"og:type\" content=\"article\" \/>\n<meta property=\"og:title\" content=\"Retours et livraisons - Olga Luxury Cr\u00e9ation\" \/>\n<meta property=\"og:description\" content=\"Retours et livraison Livraison dans tous les pays d&rsquo;Europe (sauf Royaume-Uni, Norv\u00e8ge, Allemagne) ainsi qu\u2019aux \u00c9tats-Unis, Canada, Japon, Australie, Singapour, Cor\u00e9e du Sud, Qatar et \u00c9mirats Arabes Unis. Pour la Livraison : Livraison Colissimo avec signature ou sans signature offerte avec suivi du colis, vers la France m\u00e9tropolitaine. Exp\u00e9dition avec num\u00e9ro de colis transmis par [&hellip;]\" \/>\n<meta property=\"og:url\" content=\"https:\/\/olgaluxurycreation.com\/en\/retours-livraison\/\" \/>\n<meta property=\"og:site_name\" content=\"Olga Luxury Cr\u00e9ation\" \/>\n<meta property=\"article:modified_time\" content=\"2024-09-06T10:20:39+00:00\" \/>\n<meta name=\"twitter:card\" content=\"summary_large_image\" \/>\n<meta name=\"twitter:label1\" content=\"Estimated reading time\" \/>\n\t<meta name=\"twitter:data1\" content=\"1 minute\" \/>\n<script type=\"application\/ld+json\" class=\"yoast-schema-graph\">{\"@context\":\"https:\/\/schema.org\",\"@graph\":[{\"@type\":\"WebPage\",\"@id\":\"https:\/\/olgaluxurycreation.com\/retours-livraison\/\",\"url\":\"https:\/\/olgaluxurycreation.com\/retours-livraison\/\",\"name\":\"Retours et livraisons - Olga Luxury Cr\u00e9ation\",\"isPartOf\":{\"@id\":\"https:\/\/olgaluxurycreation.com\/#website\"},\"datePublished\":\"2024-07-19T14:17:28+00:00\",\"dateModified\":\"2024-09-06T10:20:39+00:00\",\"breadcrumb\":{\"@id\":\"https:\/\/olgaluxurycreation.com\/retours-livraison\/#breadcrumb\"},\"inLanguage\":\"en-GB\",\"potentialAction\":[{\"@type\":\"ReadAction\",\"target\":[\"https:\/\/olgaluxurycreation.com\/retours-livraison\/\"]}]},{\"@type\":\"BreadcrumbList\",\"@id\":\"https:\/\/olgaluxurycreation.com\/retours-livraison\/#breadcrumb\",\"itemListElement\":[{\"@type\":\"ListItem\",\"position\":1,\"name\":\"Accueil\",\"item\":\"https:\/\/olgaluxurycreation.com\/\"},{\"@type\":\"ListItem\",\"position\":2,\"name\":\"Retours et livraisons\"}]},{\"@type\":\"WebSite\",\"@id\":\"https:\/\/olgaluxurycreation.com\/#website\",\"url\":\"https:\/\/olgaluxurycreation.com\/\",\"name\":\"Olga Luxury Cr\u00e9ation\",\"description\":\"Sacs en cuir v\u00e9ritable faits main par Olga Luxury Cr\u00e9ation\",\"potentialAction\":[{\"@type\":\"SearchAction\",\"target\":{\"@type\":\"EntryPoint\",\"urlTemplate\":\"https:\/\/olgaluxurycreation.com\/?s={search_term_string}\"},\"query-input\":{\"@type\":\"PropertyValueSpecification\",\"valueRequired\":true,\"valueName\":\"search_term_string\"}}],\"inLanguage\":\"en-GB\"}]}<\/script>\n<!-- \/ Yoast SEO plugin. -->","yoast_head_json":{"title":"Retours et livraisons - Olga Luxury Cr\u00e9ation","robots":{"index":"index","follow":"follow","max-snippet":"max-snippet:-1","max-image-preview":"max-image-preview:large","max-video-preview":"max-video-preview:-1"},"canonical":"https:\/\/olgaluxurycreation.com\/en\/retours-livraison\/","og_locale":"en_GB","og_type":"article","og_title":"Retours et livraisons - Olga Luxury Cr\u00e9ation","og_description":"Retours et livraison Livraison dans tous les pays d&rsquo;Europe (sauf Royaume-Uni, Norv\u00e8ge, Allemagne) ainsi qu\u2019aux \u00c9tats-Unis, Canada, Japon, Australie, Singapour, Cor\u00e9e du Sud, Qatar et \u00c9mirats Arabes Unis. Pour la Livraison : Livraison Colissimo avec signature ou sans signature offerte avec suivi du colis, vers la France m\u00e9tropolitaine. Exp\u00e9dition avec num\u00e9ro de colis transmis par [&hellip;]","og_url":"https:\/\/olgaluxurycreation.com\/en\/retours-livraison\/","og_site_name":"Olga Luxury Cr\u00e9ation","article_modified_time":"2024-09-06T10:20:39+00:00","twitter_card":"summary_large_image","twitter_misc":{"Estimated reading time":"1 minute"},"schema":{"@context":"https:\/\/schema.org","@graph":[{"@type":"WebPage","@id":"https:\/\/olgaluxurycreation.com\/retours-livraison\/","url":"https:\/\/olgaluxurycreation.com\/retours-livraison\/","name":"Retours et livraisons - Olga Luxury Cr\u00e9ation","isPartOf":{"@id":"https:\/\/olgaluxurycreation.com\/#website"},"datePublished":"2024-07-19T14:17:28+00:00","dateModified":"2024-09-06T10:20:39+00:00","breadcrumb":{"@id":"https:\/\/olgaluxurycreation.com\/retours-livraison\/#breadcrumb"},"inLanguage":"en-GB","potentialAction":[{"@type":"ReadAction","target":["https:\/\/olgaluxurycreation.com\/retours-livraison\/"]}]},{"@type":"BreadcrumbList","@id":"https:\/\/olgaluxurycreation.com\/retours-livraison\/#breadcrumb","itemListElement":[{"@type":"ListItem","position":1,"name":"Accueil","item":"https:\/\/olgaluxurycreation.com\/"},{"@type":"ListItem","position":2,"name":"Retours et livraisons"}]},{"@type":"WebSite","@id":"https:\/\/olgaluxurycreation.com\/#website","url":"https:\/\/olgaluxurycreation.com\/","name":"Olga Luxury Cr\u00e9ation","description":"Sacs en cuir v\u00e9ritable faits main par Olga Luxury Cr\u00e9ation","potentialAction":[{"@type":"SearchAction","target":{"@type":"EntryPoint","urlTemplate":"https:\/\/olgaluxurycreation.com\/?s={search_term_string}"},"query-input":{"@type":"PropertyValueSpecification","valueRequired":true,"valueName":"search_term_string"}}],"inLanguage":"en-GB"}]}},"_links":{"self":[{"href":"https:\/\/olgaluxurycreation.com\/en\/wp-json\/wp\/v2\/pages\/134","targetHints":{"allow":["GET"]}}],"collection":[{"href":"https:\/\/olgaluxurycreation.com\/en\/wp-json\/wp\/v2\/pages"}],"about":[{"href":"https:\/\/olgaluxurycreation.com\/en\/wp-json\/wp\/v2\/types\/page"}],"author":[{"embeddable":true,"href":"https:\/\/olgaluxurycreation.com\/en\/wp-json\/wp\/v2\/users\/6"}],"replies":[{"embeddable":true,"href":"https:\/\/olgaluxurycreation.com\/en\/wp-json\/wp\/v2\/comments?post=134"}],"version-history":[{"count":20,"href":"https:\/\/olgaluxurycreation.com\/en\/wp-json\/wp\/v2\/pages\/134\/revisions"}],"predecessor-version":[{"id":1056,"href":"https:\/\/olgaluxurycreation.com\/en\/wp-json\/wp\/v2\/pages\/134\/revisions\/1056"}],"wp:attachment":[{"href":"https:\/\/olgaluxurycreation.com\/en\/wp-json\/wp\/v2\/media?parent=134"}],"curies":[{"name":"wp","href":"https:\/\/api.w.org\/{rel}","templated":true}]}}