{"id":136,"date":"2024-07-19T16:17:54","date_gmt":"2024-07-19T14:17:54","guid":{"rendered":"https:\/\/olgaluxurycreation.com\/?page_id=136"},"modified":"2024-08-29T14:56:22","modified_gmt":"2024-08-29T12:56:22","slug":"politique-de-confidentialite","status":"publish","type":"page","link":"https:\/\/olgaluxurycreation.com\/en\/politique-de-confidentialite\/","title":{"rendered":"Privacy policy"},"content":{"rendered":"<div data-elementor-type=\"wp-page\" data-elementor-id=\"136\" class=\"elementor elementor-136\" data-elementor-post-type=\"page\">\n\t\t\t\t<div class=\"elementor-element elementor-element-6eae7d9 e-flex e-con-boxed e-con e-parent\" data-id=\"6eae7d9\" data-element_type=\"container\">\n\t\t\t\t\t<div class=\"e-con-inner\">\n\t\t<div class=\"elementor-element elementor-element-2a9b752 e-con-full e-flex e-con e-child\" data-id=\"2a9b752\" data-element_type=\"container\">\n\t\t\t\t<\/div>\n\t\t<div class=\"elementor-element elementor-element-f6517a4 e-con-full e-flex e-con e-child\" data-id=\"f6517a4\" data-element_type=\"container\">\n\t\t\t\t<\/div>\n\t\t\t\t\t<\/div>\n\t\t\t\t<\/div>\n\t\t<div class=\"elementor-element elementor-element-b3d6a57 e-flex e-con-boxed e-con e-parent\" data-id=\"b3d6a57\" data-element_type=\"container\">\n\t\t\t\t\t<div class=\"e-con-inner\">\n\t\t\t\t<div class=\"elementor-element elementor-element-6415e9d elementor-widget elementor-widget-heading\" data-id=\"6415e9d\" data-element_type=\"widget\" data-widget_type=\"heading.default\">\n\t\t\t\t<div class=\"elementor-widget-container\">\n\t\t\t\t\t<h2 class=\"elementor-heading-title elementor-size-default\">Privacy policy<\/h2>\t\t\t\t<\/div>\n\t\t\t\t<\/div>\n\t\t\t\t\t<\/div>\n\t\t\t\t<\/div>\n\t\t<div class=\"elementor-element elementor-element-bf44d29 e-flex e-con-boxed e-con e-parent\" data-id=\"bf44d29\" data-element_type=\"container\">\n\t\t\t\t\t<div class=\"e-con-inner\">\n\t\t\t\t<div class=\"elementor-element elementor-element-3961157 elementor-widget elementor-widget-text-editor\" data-id=\"3961157\" data-element_type=\"widget\" data-widget_type=\"text-editor.default\">\n\t\t\t\t<div class=\"elementor-widget-container\">\n\t\t\t\t\t\t\t\t\t<h4>1. The purpose of the privacy policy<\/h4><p>This privacy policy has been drawn up to inform users of the site, owned and managed by Olga Luxury Creation, of the following terms and conditions:<\/p><ul><li>Personal data collected by the website<\/li><li>The use made of this data<\/li><li>Access to this data<\/li><li>The rights of site users<\/li><li>Policy on the use of cookies<\/li><\/ul><p>This confidentiality policy operates in parallel with the site's general terms and conditions.<\/p><h4>2. Applicable laws<\/h4><p>In accordance with the General Data Protection Regulation, this privacy policy is subject to the following regulations:<\/p><p>The personal data are :<\/p><ul><li>processed in a lawful and transparent manner;<\/li><li>collected for specified, explicit and legitimate purposes, and will not be further processed in a way incompatible with those purposes. In accordance with Article 89(1) of the GDPR, the storage and processing of such data for archival purposes in the public interest, for scientific or historical research purposes or for statistical purposes shall not be considered incompatible with the original purposes;<\/li><li>adequate, relevant and limited to what is necessary for the purposes for which they are processed;<\/li><li>accurate and, if necessary, kept up to date. All reasonable steps will be taken to correct data that is incorrect for the purposes for which it is collected;<\/li><li>kept in a form which permits identification of the data subjects for a period of time sufficient for processing;<\/li><li>processed in a way that guarantees their security, including with regard to unauthorised or unlawful processing, loss or destruction of such data, whether accidental or deliberate.<\/li><\/ul><p>The processing of the data collected is only lawful if at least one of the following conditions is met:<\/p><ul><li>The data subject has consented to the data being processed for one or more specific purposes.<\/li><li>The processing of data is necessary for the performance of a contract to which the data subject is a party or for the performance of pre-contractual measures taken at the request of the data subject.<\/li><li>The processing is necessary to fulfil a legal obligation to which the person responsible, Olga Luxury Creation, is subject.<\/li><li>The processing is necessary to safeguard the vital interests of any natural person.<\/li><li>The processing is necessary to fulfil a mission of public interest entrusted to Olga Luxury Creation.<\/li><li>Processing is necessary for the purposes of the legitimate interests pursued by the controller or by a third party, unless the interests, freedoms or fundamental rights of the data subject prevail.<\/li><\/ul><h4>3. Consent<\/h4><p>By using the site , users agree to :<\/p><ul><li>All the conditions included in this confidentiality policy ;<\/li><li>The collection, use and storage of the data listed in this privacy policy.<\/li><\/ul><h4>4. Personal data collected<\/h4><p>When browsing the site, various personal data about users is collected.<\/p><p>The following data is collected automatically:<\/p><ul><li style=\"list-style-type: none;\"><ul><li>IP address<\/li><\/ul><\/li><\/ul><p>\u00a0<\/p><p>The following data are collected non-automatically:<\/p><ul><li style=\"list-style-type: none;\"><ul><li>Full name<\/li><li>Mail address<\/li><li>Phone number<\/li><\/ul><\/li><\/ul><p>\u00a0<\/p><p>This data is collected when you make a request via our contact form.<\/p><p>No additional data is collected without informing you in advance.<\/p><h4>5. Data processing<\/h4><p>Personal data collected on the site is only collected and processed for the purposes specified in this privacy policy and\/or on the relevant pages of the site. The personal data we collect will not be used for any other purpose.<\/p><p>The information collected by Olga Luxury Creation is used to process your specific request and to send you commercial information related to our company.<\/p><h4>6. Sharing of personal data collected<\/h4><ul><li>Employees: We may openly disclose information to employees of Olga Luxury Creation insofar as they need it to carry out the purposes set out in this policy.<\/li><\/ul><p>In addition, the personal data collected may be shared:<\/p><ul><li>If Olga Luxury Creation is required to do so by law<\/li><li>If the information is required for any legal proceedings<\/li><li>In order to protect the legal rights of Olga Luxury Creation<\/li><\/ul><p>Apart from the situations provided for in this policy, personal information will under no circumstances be disclosed or shared with third parties.<\/p><h4>7. Storage and protection of personal data<\/h4><p>Olga Luxury Creation does not keep personal data longer than is necessary for the purposes for which it is collected.<\/p><p>To protect this data, we implement the following measures:<\/p><ul><li>Our server is protected by a firewall<\/li><li>All our computers are protected by strong passwords<\/li><li>Our website is protected by security extensions<\/li><li>Our premises are under video surveillance and secured by a security alarm.<\/li><\/ul><h4>8. User rights<\/h4><p>In accordance with chapter 3, art 12-23 of the RGPD, users of the site have the following rights with regard to their personal data:<\/p><ul><li>Right of access<\/li><li>Right of rectification<\/li><li>Right to erasure<\/li><li>Right to restrict processing<\/li><li>Right to data portability<\/li><li>Right to object<\/li><\/ul><p>If you wish to exercise any of these rights, access your data, modify it or delete it in any way, you can make your request via our <a href=\"https:\/\/olgaluxurycreation.com\/en\/contact\/\">contact<\/a><\/p><h4>9. Cookie policy<\/h4><p>A cookie is a file stored on a user's hard drive when they browse a website. This cookie enables us to better understand the data relating to the user's browsing habits in order to offer them a better user experience.<\/p><p>Pour tous renseignements relatifs au cookies nous vous invitons \u00e0 consulter notre page d\u00e9di\u00e9e \u00e0 la politique des cookies : https:\/\/olgaluxurycreation.com\/politique-de-cookies-ue\/<\/p><h4>10. Contact<\/h4><p>If you have any queries, you can contact us using our contact form. <a href=\"https:\/\/olgaluxurycreation.com\/en\/contact\/\">contact<\/a> <\/p>\t\t\t\t\t\t\t\t<\/div>\n\t\t\t\t<\/div>\n\t\t\t\t\t<\/div>\n\t\t\t\t<\/div>\n\t\t\t\t<\/div>","protected":false},"excerpt":{"rendered":"<p>Politique de confidentialit\u00e9 1. L\u2019objectif de la politique de confidentialit\u00e9 Cette politique de confidentialit\u00e9 est \u00e9tablie dans le but d\u2019informer les utilisateurs du site , poss\u00e9d\u00e9 et g\u00e9r\u00e9 par Olga Luxury Creation, des modalit\u00e9s suivantes : Les donn\u00e9es personnelles recueillies par le site internet L\u2019utilisation faite de ces donn\u00e9es L\u2019acc\u00e8s \u00e0 ces donn\u00e9es Les droits [&hellip;]<\/p>","protected":false},"author":6,"featured_media":0,"parent":0,"menu_order":0,"comment_status":"closed","ping_status":"closed","template":"","meta":{"_acf_changed":false,"footnotes":""},"class_list":["post-136","page","type-page","status-publish","hentry"],"acf":[],"yoast_head":"<!-- This site is optimized with the Yoast SEO plugin v24.6 - https:\/\/yoast.com\/wordpress\/plugins\/seo\/ -->\n<title>Politique de confidentialit\u00e9 - Olga Luxury Cr\u00e9ation<\/title>\n<meta name=\"robots\" content=\"index, follow, max-snippet:-1, max-image-preview:large, max-video-preview:-1\" \/>\n<link rel=\"canonical\" href=\"https:\/\/olgaluxurycreation.com\/en\/politique-de-confidentialite\/\" \/>\n<meta property=\"og:locale\" content=\"en_GB\" \/>\n<meta property=\"og:type\" content=\"article\" \/>\n<meta property=\"og:title\" content=\"Politique de confidentialit\u00e9 - Olga Luxury Cr\u00e9ation\" \/>\n<meta property=\"og:description\" content=\"Politique de confidentialit\u00e9 1. L\u2019objectif de la politique de confidentialit\u00e9 Cette politique de confidentialit\u00e9 est \u00e9tablie dans le but d\u2019informer les utilisateurs du site , poss\u00e9d\u00e9 et g\u00e9r\u00e9 par Olga Luxury Creation, des modalit\u00e9s suivantes : Les donn\u00e9es personnelles recueillies par le site internet L\u2019utilisation faite de ces donn\u00e9es L\u2019acc\u00e8s \u00e0 ces donn\u00e9es Les droits [&hellip;]\" \/>\n<meta property=\"og:url\" content=\"https:\/\/olgaluxurycreation.com\/en\/politique-de-confidentialite\/\" \/>\n<meta property=\"og:site_name\" content=\"Olga Luxury Cr\u00e9ation\" \/>\n<meta property=\"article:modified_time\" content=\"2024-08-29T12:56:22+00:00\" \/>\n<meta name=\"twitter:card\" content=\"summary_large_image\" \/>\n<meta name=\"twitter:label1\" content=\"Estimated reading time\" \/>\n\t<meta name=\"twitter:data1\" content=\"5 minutes\" \/>\n<script type=\"application\/ld+json\" class=\"yoast-schema-graph\">{\"@context\":\"https:\/\/schema.org\",\"@graph\":[{\"@type\":\"WebPage\",\"@id\":\"https:\/\/olgaluxurycreation.com\/politique-de-confidentialite\/\",\"url\":\"https:\/\/olgaluxurycreation.com\/politique-de-confidentialite\/\",\"name\":\"Politique de confidentialit\u00e9 - Olga Luxury Cr\u00e9ation\",\"isPartOf\":{\"@id\":\"https:\/\/olgaluxurycreation.com\/#website\"},\"datePublished\":\"2024-07-19T14:17:54+00:00\",\"dateModified\":\"2024-08-29T12:56:22+00:00\",\"breadcrumb\":{\"@id\":\"https:\/\/olgaluxurycreation.com\/politique-de-confidentialite\/#breadcrumb\"},\"inLanguage\":\"en-GB\",\"potentialAction\":[{\"@type\":\"ReadAction\",\"target\":[\"https:\/\/olgaluxurycreation.com\/politique-de-confidentialite\/\"]}]},{\"@type\":\"BreadcrumbList\",\"@id\":\"https:\/\/olgaluxurycreation.com\/politique-de-confidentialite\/#breadcrumb\",\"itemListElement\":[{\"@type\":\"ListItem\",\"position\":1,\"name\":\"Accueil\",\"item\":\"https:\/\/olgaluxurycreation.com\/\"},{\"@type\":\"ListItem\",\"position\":2,\"name\":\"Politique de confidentialit\u00e9\"}]},{\"@type\":\"WebSite\",\"@id\":\"https:\/\/olgaluxurycreation.com\/#website\",\"url\":\"https:\/\/olgaluxurycreation.com\/\",\"name\":\"Olga Luxury Cr\u00e9ation\",\"description\":\"Sacs en cuir v\u00e9ritable faits main par Olga Luxury Cr\u00e9ation\",\"potentialAction\":[{\"@type\":\"SearchAction\",\"target\":{\"@type\":\"EntryPoint\",\"urlTemplate\":\"https:\/\/olgaluxurycreation.com\/?s={search_term_string}\"},\"query-input\":{\"@type\":\"PropertyValueSpecification\",\"valueRequired\":true,\"valueName\":\"search_term_string\"}}],\"inLanguage\":\"en-GB\"}]}<\/script>\n<!-- \/ Yoast SEO plugin. -->","yoast_head_json":{"title":"Politique de confidentialit\u00e9 - Olga Luxury Cr\u00e9ation","robots":{"index":"index","follow":"follow","max-snippet":"max-snippet:-1","max-image-preview":"max-image-preview:large","max-video-preview":"max-video-preview:-1"},"canonical":"https:\/\/olgaluxurycreation.com\/en\/politique-de-confidentialite\/","og_locale":"en_GB","og_type":"article","og_title":"Politique de confidentialit\u00e9 - Olga Luxury Cr\u00e9ation","og_description":"Politique de confidentialit\u00e9 1. L\u2019objectif de la politique de confidentialit\u00e9 Cette politique de confidentialit\u00e9 est \u00e9tablie dans le but d\u2019informer les utilisateurs du site , poss\u00e9d\u00e9 et g\u00e9r\u00e9 par Olga Luxury Creation, des modalit\u00e9s suivantes : Les donn\u00e9es personnelles recueillies par le site internet L\u2019utilisation faite de ces donn\u00e9es L\u2019acc\u00e8s \u00e0 ces donn\u00e9es Les droits [&hellip;]","og_url":"https:\/\/olgaluxurycreation.com\/en\/politique-de-confidentialite\/","og_site_name":"Olga Luxury Cr\u00e9ation","article_modified_time":"2024-08-29T12:56:22+00:00","twitter_card":"summary_large_image","twitter_misc":{"Estimated reading time":"5 minutes"},"schema":{"@context":"https:\/\/schema.org","@graph":[{"@type":"WebPage","@id":"https:\/\/olgaluxurycreation.com\/politique-de-confidentialite\/","url":"https:\/\/olgaluxurycreation.com\/politique-de-confidentialite\/","name":"Politique de confidentialit\u00e9 - Olga Luxury Cr\u00e9ation","isPartOf":{"@id":"https:\/\/olgaluxurycreation.com\/#website"},"datePublished":"2024-07-19T14:17:54+00:00","dateModified":"2024-08-29T12:56:22+00:00","breadcrumb":{"@id":"https:\/\/olgaluxurycreation.com\/politique-de-confidentialite\/#breadcrumb"},"inLanguage":"en-GB","potentialAction":[{"@type":"ReadAction","target":["https:\/\/olgaluxurycreation.com\/politique-de-confidentialite\/"]}]},{"@type":"BreadcrumbList","@id":"https:\/\/olgaluxurycreation.com\/politique-de-confidentialite\/#breadcrumb","itemListElement":[{"@type":"ListItem","position":1,"name":"Accueil","item":"https:\/\/olgaluxurycreation.com\/"},{"@type":"ListItem","position":2,"name":"Politique de confidentialit\u00e9"}]},{"@type":"WebSite","@id":"https:\/\/olgaluxurycreation.com\/#website","url":"https:\/\/olgaluxurycreation.com\/","name":"Olga Luxury Cr\u00e9ation","description":"Sacs en cuir v\u00e9ritable faits main par Olga Luxury Cr\u00e9ation","potentialAction":[{"@type":"SearchAction","target":{"@type":"EntryPoint","urlTemplate":"https:\/\/olgaluxurycreation.com\/?s={search_term_string}"},"query-input":{"@type":"PropertyValueSpecification","valueRequired":true,"valueName":"search_term_string"}}],"inLanguage":"en-GB"}]}},"_links":{"self":[{"href":"https:\/\/olgaluxurycreation.com\/en\/wp-json\/wp\/v2\/pages\/136","targetHints":{"allow":["GET"]}}],"collection":[{"href":"https:\/\/olgaluxurycreation.com\/en\/wp-json\/wp\/v2\/pages"}],"about":[{"href":"https:\/\/olgaluxurycreation.com\/en\/wp-json\/wp\/v2\/types\/page"}],"author":[{"embeddable":true,"href":"https:\/\/olgaluxurycreation.com\/en\/wp-json\/wp\/v2\/users\/6"}],"replies":[{"embeddable":true,"href":"https:\/\/olgaluxurycreation.com\/en\/wp-json\/wp\/v2\/comments?post=136"}],"version-history":[{"count":31,"href":"https:\/\/olgaluxurycreation.com\/en\/wp-json\/wp\/v2\/pages\/136\/revisions"}],"predecessor-version":[{"id":895,"href":"https:\/\/olgaluxurycreation.com\/en\/wp-json\/wp\/v2\/pages\/136\/revisions\/895"}],"wp:attachment":[{"href":"https:\/\/olgaluxurycreation.com\/en\/wp-json\/wp\/v2\/media?parent=136"}],"curies":[{"name":"wp","href":"https:\/\/api.w.org\/{rel}","templated":true}]}}