{"id":165,"date":"2024-07-22T09:26:50","date_gmt":"2024-07-22T07:26:50","guid":{"rendered":"https:\/\/olgaluxurycreation.com\/mon-compte\/"},"modified":"2024-08-30T11:43:54","modified_gmt":"2024-08-30T09:43:54","slug":"mon-compte","status":"publish","type":"page","link":"https:\/\/olgaluxurycreation.com\/en\/mon-compte\/","title":{"rendered":"My account"},"content":{"rendered":"<div data-elementor-type=\"wp-page\" data-elementor-id=\"165\" class=\"elementor elementor-165\" data-elementor-post-type=\"page\">\n\t\t\t\t<div class=\"elementor-element elementor-element-33a569ec e-flex e-con-boxed e-con e-parent\" data-id=\"33a569ec\" data-element_type=\"container\" id=\"conteneur-compte\">\n\t\t\t\t\t<div class=\"e-con-inner\">\n\t\t\t\t<div class=\"elementor-element elementor-element-636b613 e-my-account-tabs-vertical elementor-widget elementor-widget-woocommerce-my-account\" data-id=\"636b613\" data-element_type=\"widget\" data-widget_type=\"woocommerce-my-account.default\">\n\t\t\t\t<div class=\"elementor-widget-container\">\n\t\t\t\t\t<div class=\"e-my-account-tab e-my-account-tab__\">\t\t\t<div class=\"woocommerce\"><\/div>\t\t<\/div>\n\t\t\t\t\t\t<\/div>\n\t\t\t\t<\/div>\n\t\t\t\t\t<\/div>\n\t\t\t\t<\/div>\n\t\t\t\t<\/div>","protected":false},"excerpt":{"rendered":"<p>Tableau de bord Commandes T\u00e9l\u00e9chargements Adresses D\u00e9tails du compte D\u00e9connexion Bonjour Flocor-declic (vous n\u2019\u00eates pas Flocor-declic\u00a0? D\u00e9connexion) \u00c0 partir du tableau de bord de votre compte, vous pouvez visualiser vos commandes r\u00e9centes, g\u00e9rer vos adresses de livraison et de facturation ainsi que changer votre mot de passe et les d\u00e9tails de votre compte.<\/p>","protected":false},"author":1,"featured_media":0,"parent":0,"menu_order":0,"comment_status":"closed","ping_status":"closed","template":"","meta":{"_acf_changed":false,"footnotes":""},"class_list":["post-165","page","type-page","status-publish","hentry"],"acf":[],"yoast_head":"<!-- This site is optimized with the Yoast SEO plugin v24.6 - https:\/\/yoast.com\/wordpress\/plugins\/seo\/ -->\n<title>Mon compte - Olga Luxury Cr\u00e9ation<\/title>\n<meta name=\"robots\" content=\"index, follow, max-snippet:-1, max-image-preview:large, max-video-preview:-1\" \/>\n<link rel=\"canonical\" href=\"https:\/\/olgaluxurycreation.com\/en\/mon-compte\/\" \/>\n<meta property=\"og:locale\" content=\"en_GB\" \/>\n<meta property=\"og:type\" content=\"article\" \/>\n<meta property=\"og:title\" content=\"Mon compte - Olga Luxury Cr\u00e9ation\" \/>\n<meta property=\"og:description\" content=\"Tableau de bord Commandes T\u00e9l\u00e9chargements Adresses D\u00e9tails du compte D\u00e9connexion Bonjour Flocor-declic (vous n\u2019\u00eates pas Flocor-declic\u00a0? D\u00e9connexion) \u00c0 partir du tableau de bord de votre compte, vous pouvez visualiser vos commandes r\u00e9centes, g\u00e9rer vos adresses de livraison et de facturation ainsi que changer votre mot de passe et les d\u00e9tails de votre compte.\" \/>\n<meta property=\"og:url\" content=\"https:\/\/olgaluxurycreation.com\/en\/mon-compte\/\" \/>\n<meta property=\"og:site_name\" content=\"Olga Luxury Cr\u00e9ation\" \/>\n<meta property=\"article:modified_time\" content=\"2024-08-30T09:43:54+00:00\" \/>\n<meta name=\"twitter:card\" content=\"summary_large_image\" \/>\n<meta name=\"twitter:label1\" content=\"Estimated reading time\" \/>\n\t<meta name=\"twitter:data1\" content=\"2 minutes\" \/>\n<script type=\"application\/ld+json\" class=\"yoast-schema-graph\">{\"@context\":\"https:\/\/schema.org\",\"@graph\":[{\"@type\":\"WebPage\",\"@id\":\"https:\/\/olgaluxurycreation.com\/mon-compte\/\",\"url\":\"https:\/\/olgaluxurycreation.com\/mon-compte\/\",\"name\":\"Mon compte - Olga Luxury Cr\u00e9ation\",\"isPartOf\":{\"@id\":\"https:\/\/olgaluxurycreation.com\/#website\"},\"datePublished\":\"2024-07-22T07:26:50+00:00\",\"dateModified\":\"2024-08-30T09:43:54+00:00\",\"breadcrumb\":{\"@id\":\"https:\/\/olgaluxurycreation.com\/mon-compte\/#breadcrumb\"},\"inLanguage\":\"en-GB\",\"potentialAction\":[{\"@type\":\"ReadAction\",\"target\":[\"https:\/\/olgaluxurycreation.com\/mon-compte\/\"]}]},{\"@type\":\"BreadcrumbList\",\"@id\":\"https:\/\/olgaluxurycreation.com\/mon-compte\/#breadcrumb\",\"itemListElement\":[{\"@type\":\"ListItem\",\"position\":1,\"name\":\"Accueil\",\"item\":\"https:\/\/olgaluxurycreation.com\/\"},{\"@type\":\"ListItem\",\"position\":2,\"name\":\"Mon compte\"}]},{\"@type\":\"WebSite\",\"@id\":\"https:\/\/olgaluxurycreation.com\/#website\",\"url\":\"https:\/\/olgaluxurycreation.com\/\",\"name\":\"Olga Luxury Cr\u00e9ation\",\"description\":\"Sacs en cuir v\u00e9ritable faits main par Olga Luxury Cr\u00e9ation\",\"potentialAction\":[{\"@type\":\"SearchAction\",\"target\":{\"@type\":\"EntryPoint\",\"urlTemplate\":\"https:\/\/olgaluxurycreation.com\/?s={search_term_string}\"},\"query-input\":{\"@type\":\"PropertyValueSpecification\",\"valueRequired\":true,\"valueName\":\"search_term_string\"}}],\"inLanguage\":\"en-GB\"}]}<\/script>\n<!-- \/ Yoast SEO plugin. -->","yoast_head_json":{"title":"Mon compte - Olga Luxury Cr\u00e9ation","robots":{"index":"index","follow":"follow","max-snippet":"max-snippet:-1","max-image-preview":"max-image-preview:large","max-video-preview":"max-video-preview:-1"},"canonical":"https:\/\/olgaluxurycreation.com\/en\/mon-compte\/","og_locale":"en_GB","og_type":"article","og_title":"Mon compte - Olga Luxury Cr\u00e9ation","og_description":"Tableau de bord Commandes T\u00e9l\u00e9chargements Adresses D\u00e9tails du compte D\u00e9connexion Bonjour Flocor-declic (vous n\u2019\u00eates pas Flocor-declic\u00a0? D\u00e9connexion) \u00c0 partir du tableau de bord de votre compte, vous pouvez visualiser vos commandes r\u00e9centes, g\u00e9rer vos adresses de livraison et de facturation ainsi que changer votre mot de passe et les d\u00e9tails de votre compte.","og_url":"https:\/\/olgaluxurycreation.com\/en\/mon-compte\/","og_site_name":"Olga Luxury Cr\u00e9ation","article_modified_time":"2024-08-30T09:43:54+00:00","twitter_card":"summary_large_image","twitter_misc":{"Estimated reading time":"2 minutes"},"schema":{"@context":"https:\/\/schema.org","@graph":[{"@type":"WebPage","@id":"https:\/\/olgaluxurycreation.com\/mon-compte\/","url":"https:\/\/olgaluxurycreation.com\/mon-compte\/","name":"Mon compte - Olga Luxury Cr\u00e9ation","isPartOf":{"@id":"https:\/\/olgaluxurycreation.com\/#website"},"datePublished":"2024-07-22T07:26:50+00:00","dateModified":"2024-08-30T09:43:54+00:00","breadcrumb":{"@id":"https:\/\/olgaluxurycreation.com\/mon-compte\/#breadcrumb"},"inLanguage":"en-GB","potentialAction":[{"@type":"ReadAction","target":["https:\/\/olgaluxurycreation.com\/mon-compte\/"]}]},{"@type":"BreadcrumbList","@id":"https:\/\/olgaluxurycreation.com\/mon-compte\/#breadcrumb","itemListElement":[{"@type":"ListItem","position":1,"name":"Accueil","item":"https:\/\/olgaluxurycreation.com\/"},{"@type":"ListItem","position":2,"name":"Mon compte"}]},{"@type":"WebSite","@id":"https:\/\/olgaluxurycreation.com\/#website","url":"https:\/\/olgaluxurycreation.com\/","name":"Olga Luxury Cr\u00e9ation","description":"Sacs en cuir v\u00e9ritable faits main par Olga Luxury Cr\u00e9ation","potentialAction":[{"@type":"SearchAction","target":{"@type":"EntryPoint","urlTemplate":"https:\/\/olgaluxurycreation.com\/?s={search_term_string}"},"query-input":{"@type":"PropertyValueSpecification","valueRequired":true,"valueName":"search_term_string"}}],"inLanguage":"en-GB"}]}},"_links":{"self":[{"href":"https:\/\/olgaluxurycreation.com\/en\/wp-json\/wp\/v2\/pages\/165","targetHints":{"allow":["GET"]}}],"collection":[{"href":"https:\/\/olgaluxurycreation.com\/en\/wp-json\/wp\/v2\/pages"}],"about":[{"href":"https:\/\/olgaluxurycreation.com\/en\/wp-json\/wp\/v2\/types\/page"}],"author":[{"embeddable":true,"href":"https:\/\/olgaluxurycreation.com\/en\/wp-json\/wp\/v2\/users\/1"}],"replies":[{"embeddable":true,"href":"https:\/\/olgaluxurycreation.com\/en\/wp-json\/wp\/v2\/comments?post=165"}],"version-history":[{"count":18,"href":"https:\/\/olgaluxurycreation.com\/en\/wp-json\/wp\/v2\/pages\/165\/revisions"}],"predecessor-version":[{"id":1006,"href":"https:\/\/olgaluxurycreation.com\/en\/wp-json\/wp\/v2\/pages\/165\/revisions\/1006"}],"wp:attachment":[{"href":"https:\/\/olgaluxurycreation.com\/en\/wp-json\/wp\/v2\/media?parent=165"}],"curies":[{"name":"wp","href":"https:\/\/api.w.org\/{rel}","templated":true}]}}