{"id":8,"date":"2024-07-23T11:13:57","date_gmt":"2024-07-23T09:13:57","guid":{"rendered":""},"modified":"2024-09-23T10:42:40","modified_gmt":"2024-09-23T08:42:40","slug":"contact","status":"publish","type":"page","link":"https:\/\/olgaluxurycreation.com\/en\/contact\/","title":{"rendered":"Contact"},"content":{"rendered":"<div data-elementor-type=\"wp-page\" data-elementor-id=\"8\" class=\"elementor elementor-8\" data-elementor-post-type=\"page\">\n\t\t\t\t\t\t<section class=\"elementor-section elementor-top-section elementor-element elementor-element-1936013 elementor-section-full_width elementor-section-height-default elementor-section-height-default\" data-id=\"1936013\" data-element_type=\"section\">\n\t\t\t\t\t\t<div class=\"elementor-container elementor-column-gap-no\">\n\t\t\t\t\t<div class=\"elementor-column elementor-col-50 elementor-top-column elementor-element elementor-element-437bfae\" data-id=\"437bfae\" data-element_type=\"column\" data-settings=\"{&quot;background_background&quot;:&quot;classic&quot;}\">\n\t\t\t<div class=\"elementor-widget-wrap elementor-element-populated\">\n\t\t\t\t\t\t<div class=\"elementor-element elementor-element-0c693de elementor-widget elementor-widget-heading\" data-id=\"0c693de\" data-element_type=\"widget\" data-widget_type=\"heading.default\">\n\t\t\t\t<div class=\"elementor-widget-container\">\n\t\t\t\t\t<h2 class=\"elementor-heading-title elementor-size-default\"> <\/h2>\t\t\t\t<\/div>\n\t\t\t\t<\/div>\n\t\t\t\t\t<\/div>\n\t\t<\/div>\n\t\t\t\t<div class=\"elementor-column elementor-col-50 elementor-top-column elementor-element elementor-element-4d389f0\" data-id=\"4d389f0\" data-element_type=\"column\">\n\t\t\t<div class=\"elementor-widget-wrap elementor-element-populated\">\n\t\t\t\t\t\t<div class=\"elementor-element elementor-element-421f969 elementor-widget elementor-widget-heading\" data-id=\"421f969\" data-element_type=\"widget\" data-widget_type=\"heading.default\">\n\t\t\t\t<div class=\"elementor-widget-container\">\n\t\t\t\t\t<h2 class=\"elementor-heading-title elementor-size-default\">Do you have a question?<\/h2>\t\t\t\t<\/div>\n\t\t\t\t<\/div>\n\t\t\t\t<div class=\"elementor-element elementor-element-60824ac elementor-button-align-center elementor-widget elementor-widget-form\" data-id=\"60824ac\" data-element_type=\"widget\" data-settings=\"{&quot;step_next_label&quot;:&quot;Suivant&quot;,&quot;step_previous_label&quot;:&quot;Pr\\u00e9c\\u00e9dent&quot;,&quot;button_width&quot;:&quot;100&quot;,&quot;step_type&quot;:&quot;number_text&quot;,&quot;step_icon_shape&quot;:&quot;circle&quot;}\" data-widget_type=\"form.default\">\n\t\t\t\t<div class=\"elementor-widget-container\">\n\t\t\t\t\t\t\t<form class=\"elementor-form\" method=\"post\" name=\"Formulaire de contact\" action=\"\">\n\t\t\t<input type=\"hidden\" name=\"post_id\" value=\"8\"\/>\n\t\t\t<input type=\"hidden\" name=\"form_id\" value=\"60824ac\"\/>\n\t\t\t<input type=\"hidden\" name=\"referer_title\" value=\"Contactez Olga Luxury Cr\u00e9ation, pour toutes demandes de sacs \u00e0 main en cuir v\u00e9ritable\" \/>\n\n\t\t\t\t\t\t\t<input type=\"hidden\" name=\"queried_id\" value=\"8\"\/>\n\t\t\t\n\t\t\t<div class=\"elementor-form-fields-wrapper elementor-labels-\">\n\t\t\t\t\t\t\t\t<div class=\"elementor-field-type-text elementor-field-group elementor-column elementor-field-group-nom elementor-col-50 elementor-field-required\">\n\t\t\t\t\t\t\t\t\t\t\t\t<label for=\"form-field-nom\" class=\"elementor-field-label elementor-screen-only\">\n\t\t\t\t\t\t\t\tNom\t\t\t\t\t\t\t<\/label>\n\t\t\t\t\t\t\t\t\t\t\t\t\t\t<input size=\"1\" type=\"text\" name=\"form_fields[nom]\" id=\"form-field-nom\" class=\"elementor-field elementor-size-sm  elementor-field-textual\" placeholder=\"Name*\" required=\"required\" aria-required=\"true\">\n\t\t\t\t\t\t\t\t\t\t\t<\/div>\n\t\t\t\t\t\t\t\t<div class=\"elementor-field-type-text elementor-field-group elementor-column elementor-field-group-prenom elementor-col-50 elementor-field-required\">\n\t\t\t\t\t\t\t\t\t\t\t\t<label for=\"form-field-prenom\" class=\"elementor-field-label elementor-screen-only\">\n\t\t\t\t\t\t\t\tPr\u00e9nom\t\t\t\t\t\t\t<\/label>\n\t\t\t\t\t\t\t\t\t\t\t\t\t\t<input size=\"1\" type=\"text\" name=\"form_fields[prenom]\" id=\"form-field-prenom\" class=\"elementor-field elementor-size-sm  elementor-field-textual\" placeholder=\"First name*\" required=\"required\" aria-required=\"true\">\n\t\t\t\t\t\t\t\t\t\t\t<\/div>\n\t\t\t\t\t\t\t\t<div class=\"elementor-field-type-email elementor-field-group elementor-column elementor-field-group-email elementor-col-100 elementor-field-required\">\n\t\t\t\t\t\t\t\t\t\t\t\t<label for=\"form-field-email\" class=\"elementor-field-label elementor-screen-only\">\n\t\t\t\t\t\t\t\tE-mail\t\t\t\t\t\t\t<\/label>\n\t\t\t\t\t\t\t\t\t\t\t\t\t\t<input size=\"1\" type=\"email\" name=\"form_fields[email]\" id=\"form-field-email\" class=\"elementor-field elementor-size-sm  elementor-field-textual\" placeholder=\"E-mail*\" required=\"required\" aria-required=\"true\">\n\t\t\t\t\t\t\t\t\t\t\t<\/div>\n\t\t\t\t\t\t\t\t<div class=\"elementor-field-type-textarea elementor-field-group elementor-column elementor-field-group-message elementor-col-100\">\n\t\t\t\t\t\t\t\t\t\t\t\t<label for=\"form-field-message\" class=\"elementor-field-label elementor-screen-only\">\n\t\t\t\t\t\t\t\tMessage\t\t\t\t\t\t\t<\/label>\n\t\t\t\t\t\t<textarea class=\"elementor-field-textual elementor-field  elementor-size-sm\" name=\"form_fields[message]\" id=\"form-field-message\" rows=\"4\" placeholder=\"Message\"><\/textarea>\t\t\t\t<\/div>\n\t\t\t\t\t\t\t\t<div class=\"elementor-field-type-text\">\n\t\t\t\t\t<input size=\"1\" type=\"text\" name=\"form_fields[field_5bc1e6d]\" id=\"form-field-field_5bc1e6d\" class=\"elementor-field elementor-size-sm\" style=\"display:none !important;\">\t\t\t\t<\/div>\n\t\t\t\t\t\t\t\t<div class=\"elementor-field-type-acceptance elementor-field-group elementor-column elementor-field-group-field_056ff24 elementor-col-100 elementor-field-required\">\n\t\t\t\t\t\t\t\t\t\t\t\t<label for=\"form-field-field_056ff24\" class=\"elementor-field-label elementor-screen-only\">\n\t\t\t\t\t\t\t\tAcceptation\t\t\t\t\t\t\t<\/label>\n\t\t\t\t\t\t\t\t<div class=\"elementor-field-subgroup\">\n\t\t\t<span class=\"elementor-field-option\">\n\t\t\t\t<input type=\"checkbox\" name=\"form_fields[field_056ff24]\" id=\"form-field-field_056ff24\" class=\"elementor-field elementor-size-sm  elementor-acceptance-field\" required=\"required\" aria-required=\"true\">\n\t\t\t\t<label for=\"form-field-field_056ff24\">I confirm that I have read the information relating to the collection and management of my data via this form.<\/label>\t\t\t<\/span>\n\t\t<\/div>\n\t\t\t\t\t\t<\/div>\n\t\t\t\t\t\t\t\t<div class=\"elementor-field-type-html elementor-field-group elementor-column elementor-field-group-field_a7e3778 elementor-col-100 translation-block\">By validating this form, you consent to your personal data being processed by Olga Luxury Cr\u00e9ation, responsible for processing, for the management and monitoring of your request. For these purposes, fields marked with an asterisk are mandatory. To find out more about your rights as well as our processing and practices regarding personal data, go to <a href=\"https:\/\/olgaluxurycreation.com\/en\/politique-de-confidentialite\/\" target=\"_blank\">our privacy policy. confidentiality<\/a>. To request the modification or deletion of your information, use this same form.<\/div>\n\t\t\t\t\t\t\t\t<div class=\"elementor-field-type-recaptcha_v3 elementor-field-group elementor-column elementor-field-group-field_721854a elementor-col-100 recaptcha_v3-bottomright\">\n\t\t\t\t\t<div class=\"elementor-field\" id=\"form-field-field_721854a\"><div class=\"elementor-g-recaptcha\" data-sitekey=\"6Leh6kgqAAAAAFgp8Q34UTvmPPg8wj_P6KvcVcqI\" data-type=\"v3\" data-action=\"Form\" data-badge=\"bottomright\" data-size=\"invisible\"><\/div><\/div>\t\t\t\t<\/div>\n\t\t\t\t\t\t\t\t<div class=\"elementor-field-type-text\">\n\t\t\t\t\t<input size=\"1\" type=\"text\" name=\"form_fields[field_af2475e]\" id=\"form-field-field_af2475e\" class=\"elementor-field elementor-size-sm\" style=\"display:none !important;\">\t\t\t\t<\/div>\n\t\t\t\t\t\t\t\t<div class=\"elementor-field-group elementor-column elementor-field-type-submit elementor-col-100 e-form__buttons\">\n\t\t\t\t\t<button class=\"elementor-button elementor-size-sm\" type=\"submit\">\n\t\t\t\t\t\t<span class=\"elementor-button-content-wrapper\">\n\t\t\t\t\t\t\t\t\t\t\t\t\t\t\t\t\t\t\t\t\t\t<span class=\"elementor-button-text\">Send<\/span>\n\t\t\t\t\t\t\t\t\t\t\t\t\t<\/span>\n\t\t\t\t\t<\/button>\n\t\t\t\t<\/div>\n\t\t\t<\/div>\n\t\t<input type=\"hidden\" name=\"trp-form-language\" value=\"en\"\/><\/form>\n\t\t\t\t\t\t<\/div>\n\t\t\t\t<\/div>\n\t\t\t\t\t<\/div>\n\t\t<\/div>\n\t\t\t\t\t<\/div>\n\t\t<\/section>\n\t\t\t\t<\/div>","protected":false},"excerpt":{"rendered":"<p>Do you have a question?<\/p>","protected":false},"author":3,"featured_media":0,"parent":0,"menu_order":0,"comment_status":"closed","ping_status":"open","template":"","meta":{"_acf_changed":false,"footnotes":""},"class_list":["post-8","page","type-page","status-publish","hentry"],"acf":[],"yoast_head":"<!-- This site is optimized with the Yoast SEO plugin v24.6 - https:\/\/yoast.com\/wordpress\/plugins\/seo\/ -->\n<title>Contactez Olga Luxury Cr\u00e9ation, pour toutes demandes de sacs \u00e0 main en cuir v\u00e9ritable<\/title>\n<meta name=\"description\" content=\"Observez l&#039;\u00e9l\u00e9gance intemporelle des sacs en cuir faits main, de qualit\u00e9 fran\u00e7aise et savoir-faire artisanal unique Olga Luxury Cr\u00e9ation.\" \/>\n<meta name=\"robots\" content=\"index, follow, max-snippet:-1, max-image-preview:large, max-video-preview:-1\" \/>\n<link rel=\"canonical\" href=\"https:\/\/olgaluxurycreation.com\/en\/contact\/\" \/>\n<meta property=\"og:locale\" content=\"en_GB\" \/>\n<meta property=\"og:type\" content=\"article\" \/>\n<meta property=\"og:title\" content=\"Contactez Olga Luxury Cr\u00e9ation, pour toutes demandes de sacs \u00e0 main en cuir v\u00e9ritable\" \/>\n<meta property=\"og:description\" content=\"Observez l&#039;\u00e9l\u00e9gance intemporelle des sacs en cuir faits main, de qualit\u00e9 fran\u00e7aise et savoir-faire artisanal unique Olga Luxury Cr\u00e9ation.\" \/>\n<meta property=\"og:url\" content=\"https:\/\/olgaluxurycreation.com\/en\/contact\/\" \/>\n<meta property=\"og:site_name\" content=\"Olga Luxury Cr\u00e9ation\" \/>\n<meta property=\"article:modified_time\" content=\"2024-09-23T08:42:40+00:00\" \/>\n<meta name=\"twitter:card\" content=\"summary_large_image\" \/>\n<meta name=\"twitter:label1\" content=\"Estimated reading time\" \/>\n\t<meta name=\"twitter:data1\" content=\"1 minute\" \/>\n<script type=\"application\/ld+json\" class=\"yoast-schema-graph\">{\"@context\":\"https:\/\/schema.org\",\"@graph\":[{\"@type\":\"WebPage\",\"@id\":\"https:\/\/olgaluxurycreation.com\/contact\/\",\"url\":\"https:\/\/olgaluxurycreation.com\/contact\/\",\"name\":\"Contactez Olga Luxury Cr\u00e9ation, pour toutes demandes de sacs \u00e0 main en cuir v\u00e9ritable\",\"isPartOf\":{\"@id\":\"https:\/\/olgaluxurycreation.com\/#website\"},\"datePublished\":\"2024-07-23T09:13:57+00:00\",\"dateModified\":\"2024-09-23T08:42:40+00:00\",\"description\":\"Observez l'\u00e9l\u00e9gance intemporelle des sacs en cuir faits main, de qualit\u00e9 fran\u00e7aise et savoir-faire artisanal unique Olga Luxury Cr\u00e9ation.\",\"breadcrumb\":{\"@id\":\"https:\/\/olgaluxurycreation.com\/contact\/#breadcrumb\"},\"inLanguage\":\"en-GB\",\"potentialAction\":[{\"@type\":\"ReadAction\",\"target\":[\"https:\/\/olgaluxurycreation.com\/contact\/\"]}]},{\"@type\":\"BreadcrumbList\",\"@id\":\"https:\/\/olgaluxurycreation.com\/contact\/#breadcrumb\",\"itemListElement\":[{\"@type\":\"ListItem\",\"position\":1,\"name\":\"Accueil\",\"item\":\"https:\/\/olgaluxurycreation.com\/\"},{\"@type\":\"ListItem\",\"position\":2,\"name\":\"Contact\"}]},{\"@type\":\"WebSite\",\"@id\":\"https:\/\/olgaluxurycreation.com\/#website\",\"url\":\"https:\/\/olgaluxurycreation.com\/\",\"name\":\"Olga Luxury Cr\u00e9ation\",\"description\":\"Sacs en cuir v\u00e9ritable faits main par Olga Luxury Cr\u00e9ation\",\"potentialAction\":[{\"@type\":\"SearchAction\",\"target\":{\"@type\":\"EntryPoint\",\"urlTemplate\":\"https:\/\/olgaluxurycreation.com\/?s={search_term_string}\"},\"query-input\":{\"@type\":\"PropertyValueSpecification\",\"valueRequired\":true,\"valueName\":\"search_term_string\"}}],\"inLanguage\":\"en-GB\"}]}<\/script>\n<!-- \/ Yoast SEO plugin. -->","yoast_head_json":{"title":"Contactez Olga Luxury Cr\u00e9ation, pour toutes demandes de sacs \u00e0 main en cuir v\u00e9ritable","description":"Observez l'\u00e9l\u00e9gance intemporelle des sacs en cuir faits main, de qualit\u00e9 fran\u00e7aise et savoir-faire artisanal unique Olga Luxury Cr\u00e9ation.","robots":{"index":"index","follow":"follow","max-snippet":"max-snippet:-1","max-image-preview":"max-image-preview:large","max-video-preview":"max-video-preview:-1"},"canonical":"https:\/\/olgaluxurycreation.com\/en\/contact\/","og_locale":"en_GB","og_type":"article","og_title":"Contactez Olga Luxury Cr\u00e9ation, pour toutes demandes de sacs \u00e0 main en cuir v\u00e9ritable","og_description":"Observez l'\u00e9l\u00e9gance intemporelle des sacs en cuir faits main, de qualit\u00e9 fran\u00e7aise et savoir-faire artisanal unique Olga Luxury Cr\u00e9ation.","og_url":"https:\/\/olgaluxurycreation.com\/en\/contact\/","og_site_name":"Olga Luxury Cr\u00e9ation","article_modified_time":"2024-09-23T08:42:40+00:00","twitter_card":"summary_large_image","twitter_misc":{"Estimated reading time":"1 minute"},"schema":{"@context":"https:\/\/schema.org","@graph":[{"@type":"WebPage","@id":"https:\/\/olgaluxurycreation.com\/contact\/","url":"https:\/\/olgaluxurycreation.com\/contact\/","name":"Contactez Olga Luxury Cr\u00e9ation, pour toutes demandes de sacs \u00e0 main en cuir v\u00e9ritable","isPartOf":{"@id":"https:\/\/olgaluxurycreation.com\/#website"},"datePublished":"2024-07-23T09:13:57+00:00","dateModified":"2024-09-23T08:42:40+00:00","description":"Observez l'\u00e9l\u00e9gance intemporelle des sacs en cuir faits main, de qualit\u00e9 fran\u00e7aise et savoir-faire artisanal unique Olga Luxury Cr\u00e9ation.","breadcrumb":{"@id":"https:\/\/olgaluxurycreation.com\/contact\/#breadcrumb"},"inLanguage":"en-GB","potentialAction":[{"@type":"ReadAction","target":["https:\/\/olgaluxurycreation.com\/contact\/"]}]},{"@type":"BreadcrumbList","@id":"https:\/\/olgaluxurycreation.com\/contact\/#breadcrumb","itemListElement":[{"@type":"ListItem","position":1,"name":"Accueil","item":"https:\/\/olgaluxurycreation.com\/"},{"@type":"ListItem","position":2,"name":"Contact"}]},{"@type":"WebSite","@id":"https:\/\/olgaluxurycreation.com\/#website","url":"https:\/\/olgaluxurycreation.com\/","name":"Olga Luxury Cr\u00e9ation","description":"Sacs en cuir v\u00e9ritable faits main par Olga Luxury Cr\u00e9ation","potentialAction":[{"@type":"SearchAction","target":{"@type":"EntryPoint","urlTemplate":"https:\/\/olgaluxurycreation.com\/?s={search_term_string}"},"query-input":{"@type":"PropertyValueSpecification","valueRequired":true,"valueName":"search_term_string"}}],"inLanguage":"en-GB"}]}},"_links":{"self":[{"href":"https:\/\/olgaluxurycreation.com\/en\/wp-json\/wp\/v2\/pages\/8","targetHints":{"allow":["GET"]}}],"collection":[{"href":"https:\/\/olgaluxurycreation.com\/en\/wp-json\/wp\/v2\/pages"}],"about":[{"href":"https:\/\/olgaluxurycreation.com\/en\/wp-json\/wp\/v2\/types\/page"}],"author":[{"embeddable":true,"href":"https:\/\/olgaluxurycreation.com\/en\/wp-json\/wp\/v2\/users\/3"}],"replies":[{"embeddable":true,"href":"https:\/\/olgaluxurycreation.com\/en\/wp-json\/wp\/v2\/comments?post=8"}],"version-history":[{"count":57,"href":"https:\/\/olgaluxurycreation.com\/en\/wp-json\/wp\/v2\/pages\/8\/revisions"}],"predecessor-version":[{"id":1146,"href":"https:\/\/olgaluxurycreation.com\/en\/wp-json\/wp\/v2\/pages\/8\/revisions\/1146"}],"wp:attachment":[{"href":"https:\/\/olgaluxurycreation.com\/en\/wp-json\/wp\/v2\/media?parent=8"}],"curies":[{"name":"wp","href":"https:\/\/api.w.org\/{rel}","templated":true}]}}