{"id":9,"date":"2024-07-23T11:40:20","date_gmt":"2024-07-23T09:40:20","guid":{"rendered":""},"modified":"2024-09-06T15:55:00","modified_gmt":"2024-09-06T13:55:00","slug":"actualites","status":"publish","type":"page","link":"https:\/\/olgaluxurycreation.com\/en\/actualites\/","title":{"rendered":"News"},"content":{"rendered":"<div data-elementor-type=\"wp-page\" data-elementor-id=\"9\" class=\"elementor elementor-9\" data-elementor-post-type=\"page\">\n\t\t\t\t<div class=\"elementor-element elementor-element-a432d4b e-flex e-con-boxed e-con e-parent\" data-id=\"a432d4b\" data-element_type=\"container\">\n\t\t\t\t\t<div class=\"e-con-inner\">\n\t\t\t\t<div class=\"elementor-element elementor-element-9d31010 elementor-widget__width-initial elementor-invisible elementor-widget elementor-widget-heading\" data-id=\"9d31010\" data-element_type=\"widget\" data-settings=\"{&quot;_animation&quot;:&quot;fadeInUp&quot;}\" data-widget_type=\"heading.default\">\n\t\t\t\t<div class=\"elementor-widget-container\">\n\t\t\t\t\t<h2 class=\"elementor-heading-title elementor-size-default\">News<\/h2>\t\t\t\t<\/div>\n\t\t\t\t<\/div>\n\t\t\t\t\t<\/div>\n\t\t\t\t<\/div>\n\t\t\t\t<section class=\"elementor-section elementor-top-section elementor-element elementor-element-36545b9 elementor-section-boxed elementor-section-height-default elementor-section-height-default\" data-id=\"36545b9\" data-element_type=\"section\" data-settings=\"{&quot;background_background&quot;:&quot;classic&quot;}\">\n\t\t\t\t\t\t\t<div class=\"elementor-background-overlay\"><\/div>\n\t\t\t\t\t\t\t<div class=\"elementor-container elementor-column-gap-no\">\n\t\t\t\t\t<div class=\"elementor-column elementor-col-100 elementor-top-column elementor-element elementor-element-925507d\" data-id=\"925507d\" data-element_type=\"column\">\n\t\t\t<div class=\"elementor-widget-wrap elementor-element-populated\">\n\t\t\t\t\t\t<div class=\"elementor-element elementor-element-32e5807 elementor-grid-3 elementor-grid-tablet-2 elementor-grid-mobile-1 elementor-posts--thumbnail-top elementor-widget elementor-widget-posts\" data-id=\"32e5807\" data-element_type=\"widget\" data-settings=\"{&quot;pagination_type&quot;:&quot;numbers_and_prev_next&quot;,&quot;classic_columns&quot;:&quot;3&quot;,&quot;classic_columns_tablet&quot;:&quot;2&quot;,&quot;classic_columns_mobile&quot;:&quot;1&quot;,&quot;classic_row_gap&quot;:{&quot;unit&quot;:&quot;px&quot;,&quot;size&quot;:35,&quot;sizes&quot;:[]},&quot;classic_row_gap_tablet&quot;:{&quot;unit&quot;:&quot;px&quot;,&quot;size&quot;:&quot;&quot;,&quot;sizes&quot;:[]},&quot;classic_row_gap_mobile&quot;:{&quot;unit&quot;:&quot;px&quot;,&quot;size&quot;:&quot;&quot;,&quot;sizes&quot;:[]}}\" data-widget_type=\"posts.classic\">\n\t\t\t\t<div class=\"elementor-widget-container\">\n\t\t\t\t\t\t\t<div class=\"elementor-posts-container elementor-posts elementor-posts--skin-classic elementor-grid\">\n\t\t\t\t<article class=\"elementor-post elementor-grid-item post-454 post type-post status-publish format-standard has-post-thumbnail hentry category-non-classe\">\n\t\t\t\t<a class=\"elementor-post__thumbnail__link\" href=\"https:\/\/olgaluxurycreation.com\/en\/premiere-actualite\/\" tabindex=\"-1\" >\n\t\t\t<div class=\"elementor-post__thumbnail\"><img fetchpriority=\"high\" decoding=\"async\" width=\"800\" height=\"533\" src=\"https:\/\/olgaluxurycreation.com\/wp-content\/uploads\/2024\/07\/sac-cuir-noir-france-olga.jpg\" class=\"attachment-large size-large wp-image-868\" alt=\"Sac en cuir v\u00e9ritable noir fait main par Olga Luxury Cr\u00e9ation\" srcset=\"https:\/\/olgaluxurycreation.com\/wp-content\/uploads\/2024\/07\/sac-cuir-noir-france-olga.jpg 900w, https:\/\/olgaluxurycreation.com\/wp-content\/uploads\/2024\/07\/sac-cuir-noir-france-olga-300x200.jpg 300w, https:\/\/olgaluxurycreation.com\/wp-content\/uploads\/2024\/07\/sac-cuir-noir-france-olga-768x512.jpg 768w, https:\/\/olgaluxurycreation.com\/wp-content\/uploads\/2024\/07\/sac-cuir-noir-france-olga-600x400.jpg 600w\" sizes=\"(max-width: 800px) 100vw, 800px\" \/><\/div>\n\t\t<\/a>\n\t\t\t\t<div class=\"elementor-post__text\">\n\t\t\t\t<h3 class=\"elementor-post__title\">\n\t\t\t<a href=\"https:\/\/olgaluxurycreation.com\/en\/premiere-actualite\/\" >\n\t\t\t\tOur leather bags: elegance and practicality for everyday use\t\t\t<\/a>\n\t\t<\/h3>\n\t\t\t\t<div class=\"elementor-post__excerpt\">\n\t\t\t<p>Our bags are designed to accompany you every day, adding a touch of elegance to your style. Thanks to the many<\/p>\n\t\t<\/div>\n\t\t\n\t\t<a class=\"elementor-post__read-more\" href=\"https:\/\/olgaluxurycreation.com\/en\/premiere-actualite\/\" aria-label=\"Read more about Nos sacs en cuir : \u00e9l\u00e9gance et praticit\u00e9 au quotidien\" tabindex=\"-1\" >\n\t\t\tRead more\t\t<\/a>\n\n\t\t\t\t<\/div>\n\t\t\t\t<\/article>\n\t\t\t\t<article class=\"elementor-post elementor-grid-item post-1 post type-post status-publish format-standard has-post-thumbnail hentry category-non-classe\">\n\t\t\t\t<a class=\"elementor-post__thumbnail__link\" href=\"https:\/\/olgaluxurycreation.com\/en\/bonjour-tout-le-monde\/\" tabindex=\"-1\" >\n\t\t\t<div class=\"elementor-post__thumbnail\"><img decoding=\"async\" width=\"800\" height=\"533\" src=\"https:\/\/olgaluxurycreation.com\/wp-content\/uploads\/2024\/07\/Matieres-premieres-de-qualite-olga.jpg\" class=\"attachment-large size-large wp-image-809\" alt=\"cuir de qualit\u00e9\" srcset=\"https:\/\/olgaluxurycreation.com\/wp-content\/uploads\/2024\/07\/Matieres-premieres-de-qualite-olga.jpg 900w, https:\/\/olgaluxurycreation.com\/wp-content\/uploads\/2024\/07\/Matieres-premieres-de-qualite-olga-300x200.jpg 300w, https:\/\/olgaluxurycreation.com\/wp-content\/uploads\/2024\/07\/Matieres-premieres-de-qualite-olga-768x512.jpg 768w, https:\/\/olgaluxurycreation.com\/wp-content\/uploads\/2024\/07\/Matieres-premieres-de-qualite-olga-600x400.jpg 600w\" sizes=\"(max-width: 800px) 100vw, 800px\" \/><\/div>\n\t\t<\/a>\n\t\t\t\t<div class=\"elementor-post__text\">\n\t\t\t\t<h3 class=\"elementor-post__title\">\n\t\t\t<a href=\"https:\/\/olgaluxurycreation.com\/en\/bonjour-tout-le-monde\/\" >\n\t\t\t\tA process of excellence for Olga Luxury Creation bags\t\t\t<\/a>\n\t\t<\/h3>\n\t\t\t\t<div class=\"elementor-post__excerpt\">\n\t\t\t<p>Olga Luxury Creation stands out for its cutting-edge expertise in the manufacture of bags. Rigour and excellence are<\/p>\n\t\t<\/div>\n\t\t\n\t\t<a class=\"elementor-post__read-more\" href=\"https:\/\/olgaluxurycreation.com\/en\/bonjour-tout-le-monde\/\" aria-label=\"Read more about Un processus de cr\u00e9ation d&rsquo;excellence pour les sacs Olga Luxury Cr\u00e9ation\" tabindex=\"-1\" >\n\t\t\tRead more\t\t<\/a>\n\n\t\t\t\t<\/div>\n\t\t\t\t<\/article>\n\t\t\t\t<article class=\"elementor-post elementor-grid-item post-452 post type-post status-publish format-standard has-post-thumbnail hentry category-non-classe\">\n\t\t\t\t<a class=\"elementor-post__thumbnail__link\" href=\"https:\/\/olgaluxurycreation.com\/en\/seconde-actualite\/\" tabindex=\"-1\" >\n\t\t\t<div class=\"elementor-post__thumbnail\"><img decoding=\"async\" width=\"800\" height=\"533\" src=\"https:\/\/olgaluxurycreation.com\/wp-content\/uploads\/2024\/07\/cuir-sac-olga-france.jpg\" class=\"attachment-large size-large wp-image-858\" alt=\"Cuir pour fabrication de sac\" srcset=\"https:\/\/olgaluxurycreation.com\/wp-content\/uploads\/2024\/07\/cuir-sac-olga-france.jpg 900w, https:\/\/olgaluxurycreation.com\/wp-content\/uploads\/2024\/07\/cuir-sac-olga-france-300x200.jpg 300w, https:\/\/olgaluxurycreation.com\/wp-content\/uploads\/2024\/07\/cuir-sac-olga-france-768x512.jpg 768w, https:\/\/olgaluxurycreation.com\/wp-content\/uploads\/2024\/07\/cuir-sac-olga-france-600x400.jpg 600w\" sizes=\"(max-width: 800px) 100vw, 800px\" \/><\/div>\n\t\t<\/a>\n\t\t\t\t<div class=\"elementor-post__text\">\n\t\t\t\t<h3 class=\"elementor-post__title\">\n\t\t\t<a href=\"https:\/\/olgaluxurycreation.com\/en\/seconde-actualite\/\" >\n\t\t\t\tLeather at the heart of our bag creations\t\t\t<\/a>\n\t\t<\/h3>\n\t\t\t\t<div class=\"elementor-post__excerpt\">\n\t\t\t<p>The choice of materials is an essential stage in the creation of our bags. It is based on a precise selection<\/p>\n\t\t<\/div>\n\t\t\n\t\t<a class=\"elementor-post__read-more\" href=\"https:\/\/olgaluxurycreation.com\/en\/seconde-actualite\/\" aria-label=\"Read more about Le cuir au c\u0153ur de nos cr\u00e9ations de sacs\" tabindex=\"-1\" >\n\t\t\tRead more\t\t<\/a>\n\n\t\t\t\t<\/div>\n\t\t\t\t<\/article>\n\t\t\t\t<\/div>\n\t\t\n\t\t\t\t\t\t<\/div>\n\t\t\t\t<\/div>\n\t\t\t\t\t<\/div>\n\t\t<\/div>\n\t\t\t\t\t<\/div>\n\t\t<\/section>\n\t\t\t\t<\/div>","protected":false},"excerpt":{"rendered":"<p>News<\/p>","protected":false},"author":3,"featured_media":0,"parent":0,"menu_order":0,"comment_status":"closed","ping_status":"open","template":"","meta":{"_acf_changed":false,"footnotes":""},"class_list":["post-9","page","type-page","status-publish","hentry"],"acf":[],"yoast_head":"<!-- This site is optimized with the Yoast SEO plugin v24.6 - https:\/\/yoast.com\/wordpress\/plugins\/seo\/ -->\n<title>Suivez les actualit\u00e9s de fabrication de nos sacs \u00e0 main en cuir - Olga Luxury Cr\u00e9ation<\/title>\n<meta name=\"description\" content=\"D\u00e9couvrez l&#039;excellence du savoir-faire en maroquinerie : des sacs uniques en cuir v\u00e9ritable. Consultez les actualit\u00e9s Olga Luxury Cr\u00e9ation.\" \/>\n<meta name=\"robots\" content=\"index, follow, max-snippet:-1, max-image-preview:large, max-video-preview:-1\" \/>\n<link rel=\"canonical\" href=\"https:\/\/olgaluxurycreation.com\/en\/actualites\/\" \/>\n<meta property=\"og:locale\" content=\"en_GB\" \/>\n<meta property=\"og:type\" content=\"article\" \/>\n<meta property=\"og:title\" content=\"Suivez les actualit\u00e9s de fabrication de nos sacs \u00e0 main en cuir - Olga Luxury Cr\u00e9ation\" \/>\n<meta property=\"og:description\" content=\"D\u00e9couvrez l&#039;excellence du savoir-faire en maroquinerie : des sacs uniques en cuir v\u00e9ritable. Consultez les actualit\u00e9s Olga Luxury Cr\u00e9ation.\" \/>\n<meta property=\"og:url\" content=\"https:\/\/olgaluxurycreation.com\/en\/actualites\/\" \/>\n<meta property=\"og:site_name\" content=\"Olga Luxury Cr\u00e9ation\" \/>\n<meta property=\"article:modified_time\" content=\"2024-09-06T13:55:00+00:00\" \/>\n<meta name=\"twitter:card\" content=\"summary_large_image\" \/>\n<meta name=\"twitter:label1\" content=\"Estimated reading time\" \/>\n\t<meta name=\"twitter:data1\" content=\"1 minute\" \/>\n<script type=\"application\/ld+json\" class=\"yoast-schema-graph\">{\"@context\":\"https:\/\/schema.org\",\"@graph\":[{\"@type\":\"WebPage\",\"@id\":\"https:\/\/olgaluxurycreation.com\/actualites\/\",\"url\":\"https:\/\/olgaluxurycreation.com\/actualites\/\",\"name\":\"Suivez les actualit\u00e9s de fabrication de nos sacs \u00e0 main en cuir - Olga Luxury Cr\u00e9ation\",\"isPartOf\":{\"@id\":\"https:\/\/olgaluxurycreation.com\/#website\"},\"datePublished\":\"2024-07-23T09:40:20+00:00\",\"dateModified\":\"2024-09-06T13:55:00+00:00\",\"description\":\"D\u00e9couvrez l'excellence du savoir-faire en maroquinerie : des sacs uniques en cuir v\u00e9ritable. Consultez les actualit\u00e9s Olga Luxury Cr\u00e9ation.\",\"breadcrumb\":{\"@id\":\"https:\/\/olgaluxurycreation.com\/actualites\/#breadcrumb\"},\"inLanguage\":\"en-GB\",\"potentialAction\":[{\"@type\":\"ReadAction\",\"target\":[\"https:\/\/olgaluxurycreation.com\/actualites\/\"]}]},{\"@type\":\"BreadcrumbList\",\"@id\":\"https:\/\/olgaluxurycreation.com\/actualites\/#breadcrumb\",\"itemListElement\":[{\"@type\":\"ListItem\",\"position\":1,\"name\":\"Accueil\",\"item\":\"https:\/\/olgaluxurycreation.com\/\"},{\"@type\":\"ListItem\",\"position\":2,\"name\":\"Actualit\u00e9s\"}]},{\"@type\":\"WebSite\",\"@id\":\"https:\/\/olgaluxurycreation.com\/#website\",\"url\":\"https:\/\/olgaluxurycreation.com\/\",\"name\":\"Olga Luxury Cr\u00e9ation\",\"description\":\"Sacs en cuir v\u00e9ritable faits main par Olga Luxury Cr\u00e9ation\",\"potentialAction\":[{\"@type\":\"SearchAction\",\"target\":{\"@type\":\"EntryPoint\",\"urlTemplate\":\"https:\/\/olgaluxurycreation.com\/?s={search_term_string}\"},\"query-input\":{\"@type\":\"PropertyValueSpecification\",\"valueRequired\":true,\"valueName\":\"search_term_string\"}}],\"inLanguage\":\"en-GB\"}]}<\/script>\n<!-- \/ Yoast SEO plugin. -->","yoast_head_json":{"title":"Suivez les actualit\u00e9s de fabrication de nos sacs \u00e0 main en cuir - Olga Luxury Cr\u00e9ation","description":"D\u00e9couvrez l'excellence du savoir-faire en maroquinerie : des sacs uniques en cuir v\u00e9ritable. Consultez les actualit\u00e9s Olga Luxury Cr\u00e9ation.","robots":{"index":"index","follow":"follow","max-snippet":"max-snippet:-1","max-image-preview":"max-image-preview:large","max-video-preview":"max-video-preview:-1"},"canonical":"https:\/\/olgaluxurycreation.com\/en\/actualites\/","og_locale":"en_GB","og_type":"article","og_title":"Suivez les actualit\u00e9s de fabrication de nos sacs \u00e0 main en cuir - Olga Luxury Cr\u00e9ation","og_description":"D\u00e9couvrez l'excellence du savoir-faire en maroquinerie : des sacs uniques en cuir v\u00e9ritable. Consultez les actualit\u00e9s Olga Luxury Cr\u00e9ation.","og_url":"https:\/\/olgaluxurycreation.com\/en\/actualites\/","og_site_name":"Olga Luxury Cr\u00e9ation","article_modified_time":"2024-09-06T13:55:00+00:00","twitter_card":"summary_large_image","twitter_misc":{"Estimated reading time":"1 minute"},"schema":{"@context":"https:\/\/schema.org","@graph":[{"@type":"WebPage","@id":"https:\/\/olgaluxurycreation.com\/actualites\/","url":"https:\/\/olgaluxurycreation.com\/actualites\/","name":"Suivez les actualit\u00e9s de fabrication de nos sacs \u00e0 main en cuir - Olga Luxury Cr\u00e9ation","isPartOf":{"@id":"https:\/\/olgaluxurycreation.com\/#website"},"datePublished":"2024-07-23T09:40:20+00:00","dateModified":"2024-09-06T13:55:00+00:00","description":"D\u00e9couvrez l'excellence du savoir-faire en maroquinerie : des sacs uniques en cuir v\u00e9ritable. Consultez les actualit\u00e9s Olga Luxury Cr\u00e9ation.","breadcrumb":{"@id":"https:\/\/olgaluxurycreation.com\/actualites\/#breadcrumb"},"inLanguage":"en-GB","potentialAction":[{"@type":"ReadAction","target":["https:\/\/olgaluxurycreation.com\/actualites\/"]}]},{"@type":"BreadcrumbList","@id":"https:\/\/olgaluxurycreation.com\/actualites\/#breadcrumb","itemListElement":[{"@type":"ListItem","position":1,"name":"Accueil","item":"https:\/\/olgaluxurycreation.com\/"},{"@type":"ListItem","position":2,"name":"Actualit\u00e9s"}]},{"@type":"WebSite","@id":"https:\/\/olgaluxurycreation.com\/#website","url":"https:\/\/olgaluxurycreation.com\/","name":"Olga Luxury Cr\u00e9ation","description":"Sacs en cuir v\u00e9ritable faits main par Olga Luxury Cr\u00e9ation","potentialAction":[{"@type":"SearchAction","target":{"@type":"EntryPoint","urlTemplate":"https:\/\/olgaluxurycreation.com\/?s={search_term_string}"},"query-input":{"@type":"PropertyValueSpecification","valueRequired":true,"valueName":"search_term_string"}}],"inLanguage":"en-GB"}]}},"_links":{"self":[{"href":"https:\/\/olgaluxurycreation.com\/en\/wp-json\/wp\/v2\/pages\/9","targetHints":{"allow":["GET"]}}],"collection":[{"href":"https:\/\/olgaluxurycreation.com\/en\/wp-json\/wp\/v2\/pages"}],"about":[{"href":"https:\/\/olgaluxurycreation.com\/en\/wp-json\/wp\/v2\/types\/page"}],"author":[{"embeddable":true,"href":"https:\/\/olgaluxurycreation.com\/en\/wp-json\/wp\/v2\/users\/3"}],"replies":[{"embeddable":true,"href":"https:\/\/olgaluxurycreation.com\/en\/wp-json\/wp\/v2\/comments?post=9"}],"version-history":[{"count":21,"href":"https:\/\/olgaluxurycreation.com\/en\/wp-json\/wp\/v2\/pages\/9\/revisions"}],"predecessor-version":[{"id":986,"href":"https:\/\/olgaluxurycreation.com\/en\/wp-json\/wp\/v2\/pages\/9\/revisions\/986"}],"wp:attachment":[{"href":"https:\/\/olgaluxurycreation.com\/en\/wp-json\/wp\/v2\/media?parent=9"}],"curies":[{"name":"wp","href":"https:\/\/api.w.org\/{rel}","templated":true}]}}