{"id":1279,"date":"2025-07-09T15:52:55","date_gmt":"2025-07-09T13:52:55","guid":{"rendered":"https:\/\/olgaluxurycreation.com\/?post_type=product&#038;p=1279"},"modified":"2025-07-09T17:28:28","modified_gmt":"2025-07-09T15:28:28","slug":"pochette-en-cuir-kaki-vert-pour-mariage-petit-sac-a-main-avec-chaine-dore-vintage","status":"publish","type":"product","link":"https:\/\/olgaluxurycreation.com\/en\/product\/pochette-en-cuir-kaki-vert-pour-mariage-petit-sac-a-main-avec-chaine-dore-vintage\/","title":{"rendered":"Pochette en cuir Kaki vert pour Mariage Petit sac \u00e0 main avec chaine dor\u00e9 vintage"},"content":{"rendered":"<p>Imaginez une touche d&rsquo;\u00e9l\u00e9gance intemporelle pour le plus beau jour de votre vie. Chez Olga&rsquo;s Luxury Creation, nous avons confectionn\u00e9 le sac parfait pour sublimer votre tenue de mari\u00e9e : notre <b>sac en cuir de luxe avec fermoir r\u00e9tro<\/b>.<\/p>\n<p>Fabriqu\u00e9 \u00e0 la main dans nos ateliers fran\u00e7ais, il incarne le savoir-faire unique. Chaque d\u00e9tail a \u00e9t\u00e9 pens\u00e9 pour vous offrir un accessoire \u00e0 la fois <b>pratique et raffin\u00e9<\/b>, capable d&rsquo;accueillir vos essentiels (rouge \u00e0 l\u00e8vres, t\u00e9l\u00e9phone&#8230;) avec discr\u00e9tion et \u00e9l\u00e9gance.<\/p>\n<p>Son <b>cuir pleine fleur d&rsquo;une qualit\u00e9 irr\u00e9prochable<\/b>, s\u00e9lectionn\u00e9 avec le plus grand soin, offre une texture douce et un toucher luxueux.<\/p>\n<p>Inspir\u00e9 des cr\u00e9ations d&rsquo;antan, ce fermoir n&rsquo;est pas seulement un \u00e9l\u00e9ment de s\u00e9curit\u00e9, c&rsquo;est une v\u00e9ritable parure qui apporte une touche d&rsquo;authenticit\u00e9 et de singularit\u00e9 \u00e0 l&rsquo;ensemble. Il \u00e9voque le glamour des \u00e9poques r\u00e9volues tout en s&rsquo;int\u00e9grant parfaitement aux tendances actuelles.<\/p>","protected":false},"excerpt":{"rendered":"<p>Sac en cuir Kaki vert fermoir r\u00e9tro vintage. Pochette Mariage et C\u00e9r\u00e9monie.<\/p>","protected":false},"featured_media":1282,"template":"","meta":{"_acf_changed":false},"product_brand":[],"product_cat":[20],"product_tag":[104,208,209,119,192,206,164,207,204,205,78,210],"class_list":{"0":"post-1279","1":"product","2":"type-product","3":"status-publish","4":"has-post-thumbnail","6":"product_cat-non-classe","7":"product_tag-gift-for-her","8":"product_tag-khaki-leather-purse","9":"product_tag-luxury-bags-from-france","10":"product_tag-pochette-cuir","11":"product_tag-pochette-mariage","12":"product_tag-pochette-tendance","13":"product_tag-sac-cuir-de-luxe","14":"product_tag-sac-cuir-kaki-vert","15":"product_tag-sac-cuir-vintage","16":"product_tag-sac-de-soiree-cuir-vert","17":"product_tag-sac-fermoir-retro","18":"product_tag-vintage-bags","20":"first","21":"instock","22":"shipping-taxable","23":"purchasable","24":"product-type-simple"},"acf":[],"yoast_head":"<!-- This site is optimized with the Yoast SEO plugin v24.6 - https:\/\/yoast.com\/wordpress\/plugins\/seo\/ -->\n<title>Pochette en cuir Kaki vert pour Mariage Petit sac \u00e0 main avec chaine dor\u00e9 vintage - Olga Luxury Cr\u00e9ation<\/title>\n<meta name=\"robots\" content=\"index, follow, max-snippet:-1, max-image-preview:large, max-video-preview:-1\" \/>\n<link rel=\"canonical\" href=\"https:\/\/olgaluxurycreation.com\/en\/product\/pochette-en-cuir-kaki-vert-pour-mariage-petit-sac-a-main-avec-chaine-dore-vintage\/\" \/>\n<meta property=\"og:locale\" content=\"en_GB\" \/>\n<meta property=\"og:type\" content=\"article\" \/>\n<meta property=\"og:title\" content=\"Pochette en cuir Kaki vert pour Mariage Petit sac \u00e0 main avec chaine dor\u00e9 vintage - Olga Luxury Cr\u00e9ation\" \/>\n<meta property=\"og:description\" content=\"Sac en cuir Kaki vert fermoir r\u00e9tro vintage. Pochette Mariage et C\u00e9r\u00e9monie.\" \/>\n<meta property=\"og:url\" content=\"https:\/\/olgaluxurycreation.com\/en\/product\/pochette-en-cuir-kaki-vert-pour-mariage-petit-sac-a-main-avec-chaine-dore-vintage\/\" \/>\n<meta property=\"og:site_name\" content=\"Olga Luxury Cr\u00e9ation\" \/>\n<meta property=\"article:modified_time\" content=\"2025-07-09T15:28:28+00:00\" \/>\n<meta property=\"og:image\" content=\"https:\/\/olgaluxurycreation.com\/wp-content\/uploads\/2025\/07\/IMG_7333b1.jpg\" \/>\n\t<meta property=\"og:image:width\" content=\"400\" \/>\n\t<meta property=\"og:image:height\" content=\"600\" \/>\n\t<meta property=\"og:image:type\" content=\"image\/jpeg\" \/>\n<meta name=\"twitter:card\" content=\"summary_large_image\" \/>\n<meta name=\"twitter:label1\" content=\"Estimated reading time\" \/>\n\t<meta name=\"twitter:data1\" content=\"1 minute\" \/>\n<script type=\"application\/ld+json\" class=\"yoast-schema-graph\">{\"@context\":\"https:\/\/schema.org\",\"@graph\":[{\"@type\":\"WebPage\",\"@id\":\"https:\/\/olgaluxurycreation.com\/produit\/pochette-en-cuir-kaki-vert-pour-mariage-petit-sac-a-main-avec-chaine-dore-vintage\/\",\"url\":\"https:\/\/olgaluxurycreation.com\/produit\/pochette-en-cuir-kaki-vert-pour-mariage-petit-sac-a-main-avec-chaine-dore-vintage\/\",\"name\":\"Pochette en cuir Kaki vert pour Mariage Petit sac \u00e0 main avec chaine dor\u00e9 vintage - Olga Luxury Cr\u00e9ation\",\"isPartOf\":{\"@id\":\"https:\/\/olgaluxurycreation.com\/#website\"},\"primaryImageOfPage\":{\"@id\":\"https:\/\/olgaluxurycreation.com\/produit\/pochette-en-cuir-kaki-vert-pour-mariage-petit-sac-a-main-avec-chaine-dore-vintage\/#primaryimage\"},\"image\":{\"@id\":\"https:\/\/olgaluxurycreation.com\/produit\/pochette-en-cuir-kaki-vert-pour-mariage-petit-sac-a-main-avec-chaine-dore-vintage\/#primaryimage\"},\"thumbnailUrl\":\"https:\/\/olgaluxurycreation.com\/wp-content\/uploads\/2025\/07\/IMG_7333b1.jpg\",\"datePublished\":\"2025-07-09T13:52:55+00:00\",\"dateModified\":\"2025-07-09T15:28:28+00:00\",\"breadcrumb\":{\"@id\":\"https:\/\/olgaluxurycreation.com\/produit\/pochette-en-cuir-kaki-vert-pour-mariage-petit-sac-a-main-avec-chaine-dore-vintage\/#breadcrumb\"},\"inLanguage\":\"en-GB\",\"potentialAction\":[{\"@type\":\"ReadAction\",\"target\":[\"https:\/\/olgaluxurycreation.com\/produit\/pochette-en-cuir-kaki-vert-pour-mariage-petit-sac-a-main-avec-chaine-dore-vintage\/\"]}]},{\"@type\":\"ImageObject\",\"inLanguage\":\"en-GB\",\"@id\":\"https:\/\/olgaluxurycreation.com\/produit\/pochette-en-cuir-kaki-vert-pour-mariage-petit-sac-a-main-avec-chaine-dore-vintage\/#primaryimage\",\"url\":\"https:\/\/olgaluxurycreation.com\/wp-content\/uploads\/2025\/07\/IMG_7333b1.jpg\",\"contentUrl\":\"https:\/\/olgaluxurycreation.com\/wp-content\/uploads\/2025\/07\/IMG_7333b1.jpg\",\"width\":400,\"height\":600},{\"@type\":\"BreadcrumbList\",\"@id\":\"https:\/\/olgaluxurycreation.com\/produit\/pochette-en-cuir-kaki-vert-pour-mariage-petit-sac-a-main-avec-chaine-dore-vintage\/#breadcrumb\",\"itemListElement\":[{\"@type\":\"ListItem\",\"position\":1,\"name\":\"Accueil\",\"item\":\"https:\/\/olgaluxurycreation.com\/\"},{\"@type\":\"ListItem\",\"position\":2,\"name\":\"Boutique\",\"item\":\"https:\/\/olgaluxurycreation.com\/boutique\/\"},{\"@type\":\"ListItem\",\"position\":3,\"name\":\"Pochette en cuir Kaki vert pour Mariage Petit sac \u00e0 main avec chaine dor\u00e9 vintage\"}]},{\"@type\":\"WebSite\",\"@id\":\"https:\/\/olgaluxurycreation.com\/#website\",\"url\":\"https:\/\/olgaluxurycreation.com\/\",\"name\":\"Olga Luxury Cr\u00e9ation\",\"description\":\"Sacs en cuir v\u00e9ritable faits main par Olga Luxury Cr\u00e9ation\",\"potentialAction\":[{\"@type\":\"SearchAction\",\"target\":{\"@type\":\"EntryPoint\",\"urlTemplate\":\"https:\/\/olgaluxurycreation.com\/?s={search_term_string}\"},\"query-input\":{\"@type\":\"PropertyValueSpecification\",\"valueRequired\":true,\"valueName\":\"search_term_string\"}}],\"inLanguage\":\"en-GB\"}]}<\/script>\n<!-- \/ Yoast SEO plugin. -->","yoast_head_json":{"title":"Pochette en cuir Kaki vert pour Mariage Petit sac \u00e0 main avec chaine dor\u00e9 vintage - Olga Luxury Cr\u00e9ation","robots":{"index":"index","follow":"follow","max-snippet":"max-snippet:-1","max-image-preview":"max-image-preview:large","max-video-preview":"max-video-preview:-1"},"canonical":"https:\/\/olgaluxurycreation.com\/en\/product\/pochette-en-cuir-kaki-vert-pour-mariage-petit-sac-a-main-avec-chaine-dore-vintage\/","og_locale":"en_GB","og_type":"article","og_title":"Pochette en cuir Kaki vert pour Mariage Petit sac \u00e0 main avec chaine dor\u00e9 vintage - Olga Luxury Cr\u00e9ation","og_description":"Sac en cuir Kaki vert fermoir r\u00e9tro vintage. Pochette Mariage et C\u00e9r\u00e9monie.","og_url":"https:\/\/olgaluxurycreation.com\/en\/product\/pochette-en-cuir-kaki-vert-pour-mariage-petit-sac-a-main-avec-chaine-dore-vintage\/","og_site_name":"Olga Luxury Cr\u00e9ation","article_modified_time":"2025-07-09T15:28:28+00:00","og_image":[{"width":400,"height":600,"url":"https:\/\/olgaluxurycreation.com\/wp-content\/uploads\/2025\/07\/IMG_7333b1.jpg","type":"image\/jpeg"}],"twitter_card":"summary_large_image","twitter_misc":{"Estimated reading time":"1 minute"},"schema":{"@context":"https:\/\/schema.org","@graph":[{"@type":"WebPage","@id":"https:\/\/olgaluxurycreation.com\/produit\/pochette-en-cuir-kaki-vert-pour-mariage-petit-sac-a-main-avec-chaine-dore-vintage\/","url":"https:\/\/olgaluxurycreation.com\/produit\/pochette-en-cuir-kaki-vert-pour-mariage-petit-sac-a-main-avec-chaine-dore-vintage\/","name":"Pochette en cuir Kaki vert pour Mariage Petit sac \u00e0 main avec chaine dor\u00e9 vintage - Olga Luxury Cr\u00e9ation","isPartOf":{"@id":"https:\/\/olgaluxurycreation.com\/#website"},"primaryImageOfPage":{"@id":"https:\/\/olgaluxurycreation.com\/produit\/pochette-en-cuir-kaki-vert-pour-mariage-petit-sac-a-main-avec-chaine-dore-vintage\/#primaryimage"},"image":{"@id":"https:\/\/olgaluxurycreation.com\/produit\/pochette-en-cuir-kaki-vert-pour-mariage-petit-sac-a-main-avec-chaine-dore-vintage\/#primaryimage"},"thumbnailUrl":"https:\/\/olgaluxurycreation.com\/wp-content\/uploads\/2025\/07\/IMG_7333b1.jpg","datePublished":"2025-07-09T13:52:55+00:00","dateModified":"2025-07-09T15:28:28+00:00","breadcrumb":{"@id":"https:\/\/olgaluxurycreation.com\/produit\/pochette-en-cuir-kaki-vert-pour-mariage-petit-sac-a-main-avec-chaine-dore-vintage\/#breadcrumb"},"inLanguage":"en-GB","potentialAction":[{"@type":"ReadAction","target":["https:\/\/olgaluxurycreation.com\/produit\/pochette-en-cuir-kaki-vert-pour-mariage-petit-sac-a-main-avec-chaine-dore-vintage\/"]}]},{"@type":"ImageObject","inLanguage":"en-GB","@id":"https:\/\/olgaluxurycreation.com\/produit\/pochette-en-cuir-kaki-vert-pour-mariage-petit-sac-a-main-avec-chaine-dore-vintage\/#primaryimage","url":"https:\/\/olgaluxurycreation.com\/wp-content\/uploads\/2025\/07\/IMG_7333b1.jpg","contentUrl":"https:\/\/olgaluxurycreation.com\/wp-content\/uploads\/2025\/07\/IMG_7333b1.jpg","width":400,"height":600},{"@type":"BreadcrumbList","@id":"https:\/\/olgaluxurycreation.com\/produit\/pochette-en-cuir-kaki-vert-pour-mariage-petit-sac-a-main-avec-chaine-dore-vintage\/#breadcrumb","itemListElement":[{"@type":"ListItem","position":1,"name":"Accueil","item":"https:\/\/olgaluxurycreation.com\/"},{"@type":"ListItem","position":2,"name":"Boutique","item":"https:\/\/olgaluxurycreation.com\/boutique\/"},{"@type":"ListItem","position":3,"name":"Pochette en cuir Kaki vert pour Mariage Petit sac \u00e0 main avec chaine dor\u00e9 vintage"}]},{"@type":"WebSite","@id":"https:\/\/olgaluxurycreation.com\/#website","url":"https:\/\/olgaluxurycreation.com\/","name":"Olga Luxury Cr\u00e9ation","description":"Sacs en cuir v\u00e9ritable faits main par Olga Luxury Cr\u00e9ation","potentialAction":[{"@type":"SearchAction","target":{"@type":"EntryPoint","urlTemplate":"https:\/\/olgaluxurycreation.com\/?s={search_term_string}"},"query-input":{"@type":"PropertyValueSpecification","valueRequired":true,"valueName":"search_term_string"}}],"inLanguage":"en-GB"}]}},"_links":{"self":[{"href":"https:\/\/olgaluxurycreation.com\/en\/wp-json\/wp\/v2\/product\/1279","targetHints":{"allow":["GET"]}}],"collection":[{"href":"https:\/\/olgaluxurycreation.com\/en\/wp-json\/wp\/v2\/product"}],"about":[{"href":"https:\/\/olgaluxurycreation.com\/en\/wp-json\/wp\/v2\/types\/product"}],"wp:featuredmedia":[{"embeddable":true,"href":"https:\/\/olgaluxurycreation.com\/en\/wp-json\/wp\/v2\/media\/1282"}],"wp:attachment":[{"href":"https:\/\/olgaluxurycreation.com\/en\/wp-json\/wp\/v2\/media?parent=1279"}],"wp:term":[{"taxonomy":"product_brand","embeddable":true,"href":"https:\/\/olgaluxurycreation.com\/en\/wp-json\/wp\/v2\/product_brand?post=1279"},{"taxonomy":"product_cat","embeddable":true,"href":"https:\/\/olgaluxurycreation.com\/en\/wp-json\/wp\/v2\/product_cat?post=1279"},{"taxonomy":"product_tag","embeddable":true,"href":"https:\/\/olgaluxurycreation.com\/en\/wp-json\/wp\/v2\/product_tag?post=1279"}],"curies":[{"name":"wp","href":"https:\/\/api.w.org\/{rel}","templated":true}]}}