{"id":1284,"date":"2025-07-09T16:23:01","date_gmt":"2025-07-09T14:23:01","guid":{"rendered":"https:\/\/olgaluxurycreation.com\/?post_type=product&#038;p=1284"},"modified":"2025-11-12T21:01:34","modified_gmt":"2025-11-12T20:01:34","slug":"sac-mariage-et-soiree-en-satin-noir-et-dentelle-raffine","status":"publish","type":"product","link":"https:\/\/olgaluxurycreation.com\/en\/product\/sac-mariage-et-soiree-en-satin-noir-et-dentelle-raffine\/","title":{"rendered":"Sac Mariage et soir\u00e9e en satin Noir et dentelle raffine"},"content":{"rendered":"<p>Pour les moments d&rsquo;exception o\u00f9 chaque d\u00e9tail compte, Olga&rsquo;s Luxury Creation vous pr\u00e9sente une pochette de c\u00e9r\u00e9monie exquise, con\u00e7ue pour illuminer vos tenues de mariage et de grande occasion. V\u00e9ritable ode \u00e0 la d\u00e9licatesse et au raffinement, cette pi\u00e8ce unique est le fruit d&rsquo;un savoir-faire artisanal fran\u00e7ais d&rsquo;excellence.<\/p>","protected":false},"excerpt":{"rendered":"<p>Cette pochette est le compl\u00e9ment id\u00e9al de votre robe de mari\u00e9e, de votre tenue de demoiselle d&rsquo;honneur ou de vos ensembles de soir\u00e9e les plus sophistiqu\u00e9s.<\/p>","protected":false},"featured_media":1285,"template":"","meta":{"_acf_changed":false},"product_brand":[],"product_cat":[186],"product_tag":[187],"class_list":{"0":"post-1284","1":"product","2":"type-product","3":"status-publish","4":"has-post-thumbnail","6":"product_cat-pochette-de-soiree","7":"product_tag-sac-mariage-et-soiree-en-satin-noir-et-dentelle-raffine","9":"first","10":"instock","11":"shipping-taxable","12":"purchasable","13":"product-type-simple"},"acf":[],"yoast_head":"<!-- This site is optimized with the Yoast SEO plugin v24.6 - https:\/\/yoast.com\/wordpress\/plugins\/seo\/ -->\n<title>Sac Mariage et soir\u00e9e en satin Noir et dentelle raffine - Olga Luxury Cr\u00e9ation<\/title>\n<meta name=\"robots\" content=\"index, follow, max-snippet:-1, max-image-preview:large, max-video-preview:-1\" \/>\n<link rel=\"canonical\" href=\"https:\/\/olgaluxurycreation.com\/en\/product\/sac-mariage-et-soiree-en-satin-noir-et-dentelle-raffine\/\" \/>\n<meta property=\"og:locale\" content=\"en_GB\" \/>\n<meta property=\"og:type\" content=\"article\" \/>\n<meta property=\"og:title\" content=\"Sac Mariage et soir\u00e9e en satin Noir et dentelle raffine - Olga Luxury Cr\u00e9ation\" \/>\n<meta property=\"og:description\" content=\"Cette pochette est le compl\u00e9ment id\u00e9al de votre robe de mari\u00e9e, de votre tenue de demoiselle d&#039;honneur ou de vos ensembles de soir\u00e9e les plus sophistiqu\u00e9s.\" \/>\n<meta property=\"og:url\" content=\"https:\/\/olgaluxurycreation.com\/en\/product\/sac-mariage-et-soiree-en-satin-noir-et-dentelle-raffine\/\" \/>\n<meta property=\"og:site_name\" content=\"Olga Luxury Cr\u00e9ation\" \/>\n<meta property=\"article:modified_time\" content=\"2025-11-12T20:01:34+00:00\" \/>\n<meta property=\"og:image\" content=\"https:\/\/olgaluxurycreation.com\/wp-content\/uploads\/2025\/07\/IMG_7927b.jpg\" \/>\n\t<meta property=\"og:image:width\" content=\"600\" \/>\n\t<meta property=\"og:image:height\" content=\"900\" \/>\n\t<meta property=\"og:image:type\" content=\"image\/jpeg\" \/>\n<meta name=\"twitter:card\" content=\"summary_large_image\" \/>\n<meta name=\"twitter:label1\" content=\"Estimated reading time\" \/>\n\t<meta name=\"twitter:data1\" content=\"1 minute\" \/>\n<script type=\"application\/ld+json\" class=\"yoast-schema-graph\">{\"@context\":\"https:\/\/schema.org\",\"@graph\":[{\"@type\":\"WebPage\",\"@id\":\"https:\/\/olgaluxurycreation.com\/produit\/sac-mariage-et-soiree-en-satin-noir-et-dentelle-raffine\/\",\"url\":\"https:\/\/olgaluxurycreation.com\/produit\/sac-mariage-et-soiree-en-satin-noir-et-dentelle-raffine\/\",\"name\":\"Sac Mariage et soir\u00e9e en satin Noir et dentelle raffine - Olga Luxury Cr\u00e9ation\",\"isPartOf\":{\"@id\":\"https:\/\/olgaluxurycreation.com\/#website\"},\"primaryImageOfPage\":{\"@id\":\"https:\/\/olgaluxurycreation.com\/produit\/sac-mariage-et-soiree-en-satin-noir-et-dentelle-raffine\/#primaryimage\"},\"image\":{\"@id\":\"https:\/\/olgaluxurycreation.com\/produit\/sac-mariage-et-soiree-en-satin-noir-et-dentelle-raffine\/#primaryimage\"},\"thumbnailUrl\":\"https:\/\/olgaluxurycreation.com\/wp-content\/uploads\/2025\/07\/IMG_7927b.jpg\",\"datePublished\":\"2025-07-09T14:23:01+00:00\",\"dateModified\":\"2025-11-12T20:01:34+00:00\",\"breadcrumb\":{\"@id\":\"https:\/\/olgaluxurycreation.com\/produit\/sac-mariage-et-soiree-en-satin-noir-et-dentelle-raffine\/#breadcrumb\"},\"inLanguage\":\"en-GB\",\"potentialAction\":[{\"@type\":\"ReadAction\",\"target\":[\"https:\/\/olgaluxurycreation.com\/produit\/sac-mariage-et-soiree-en-satin-noir-et-dentelle-raffine\/\"]}]},{\"@type\":\"ImageObject\",\"inLanguage\":\"en-GB\",\"@id\":\"https:\/\/olgaluxurycreation.com\/produit\/sac-mariage-et-soiree-en-satin-noir-et-dentelle-raffine\/#primaryimage\",\"url\":\"https:\/\/olgaluxurycreation.com\/wp-content\/uploads\/2025\/07\/IMG_7927b.jpg\",\"contentUrl\":\"https:\/\/olgaluxurycreation.com\/wp-content\/uploads\/2025\/07\/IMG_7927b.jpg\",\"width\":600,\"height\":900,\"caption\":\"Sac Mariage et soir\u00e9e en satin Noir et dentelle raffine\"},{\"@type\":\"BreadcrumbList\",\"@id\":\"https:\/\/olgaluxurycreation.com\/produit\/sac-mariage-et-soiree-en-satin-noir-et-dentelle-raffine\/#breadcrumb\",\"itemListElement\":[{\"@type\":\"ListItem\",\"position\":1,\"name\":\"Accueil\",\"item\":\"https:\/\/olgaluxurycreation.com\/\"},{\"@type\":\"ListItem\",\"position\":2,\"name\":\"Boutique\",\"item\":\"https:\/\/olgaluxurycreation.com\/boutique\/\"},{\"@type\":\"ListItem\",\"position\":3,\"name\":\"Sac Mariage et soir\u00e9e en satin Noir et dentelle raffine\"}]},{\"@type\":\"WebSite\",\"@id\":\"https:\/\/olgaluxurycreation.com\/#website\",\"url\":\"https:\/\/olgaluxurycreation.com\/\",\"name\":\"Olga Luxury Cr\u00e9ation\",\"description\":\"Sacs en cuir v\u00e9ritable faits main par Olga Luxury Cr\u00e9ation\",\"potentialAction\":[{\"@type\":\"SearchAction\",\"target\":{\"@type\":\"EntryPoint\",\"urlTemplate\":\"https:\/\/olgaluxurycreation.com\/?s={search_term_string}\"},\"query-input\":{\"@type\":\"PropertyValueSpecification\",\"valueRequired\":true,\"valueName\":\"search_term_string\"}}],\"inLanguage\":\"en-GB\"}]}<\/script>\n<!-- \/ Yoast SEO plugin. -->","yoast_head_json":{"title":"Sac Mariage et soir\u00e9e en satin Noir et dentelle raffine - Olga Luxury Cr\u00e9ation","robots":{"index":"index","follow":"follow","max-snippet":"max-snippet:-1","max-image-preview":"max-image-preview:large","max-video-preview":"max-video-preview:-1"},"canonical":"https:\/\/olgaluxurycreation.com\/en\/product\/sac-mariage-et-soiree-en-satin-noir-et-dentelle-raffine\/","og_locale":"en_GB","og_type":"article","og_title":"Sac Mariage et soir\u00e9e en satin Noir et dentelle raffine - Olga Luxury Cr\u00e9ation","og_description":"Cette pochette est le compl\u00e9ment id\u00e9al de votre robe de mari\u00e9e, de votre tenue de demoiselle d'honneur ou de vos ensembles de soir\u00e9e les plus sophistiqu\u00e9s.","og_url":"https:\/\/olgaluxurycreation.com\/en\/product\/sac-mariage-et-soiree-en-satin-noir-et-dentelle-raffine\/","og_site_name":"Olga Luxury Cr\u00e9ation","article_modified_time":"2025-11-12T20:01:34+00:00","og_image":[{"width":600,"height":900,"url":"https:\/\/olgaluxurycreation.com\/wp-content\/uploads\/2025\/07\/IMG_7927b.jpg","type":"image\/jpeg"}],"twitter_card":"summary_large_image","twitter_misc":{"Estimated reading time":"1 minute"},"schema":{"@context":"https:\/\/schema.org","@graph":[{"@type":"WebPage","@id":"https:\/\/olgaluxurycreation.com\/produit\/sac-mariage-et-soiree-en-satin-noir-et-dentelle-raffine\/","url":"https:\/\/olgaluxurycreation.com\/produit\/sac-mariage-et-soiree-en-satin-noir-et-dentelle-raffine\/","name":"Sac Mariage et soir\u00e9e en satin Noir et dentelle raffine - Olga Luxury Cr\u00e9ation","isPartOf":{"@id":"https:\/\/olgaluxurycreation.com\/#website"},"primaryImageOfPage":{"@id":"https:\/\/olgaluxurycreation.com\/produit\/sac-mariage-et-soiree-en-satin-noir-et-dentelle-raffine\/#primaryimage"},"image":{"@id":"https:\/\/olgaluxurycreation.com\/produit\/sac-mariage-et-soiree-en-satin-noir-et-dentelle-raffine\/#primaryimage"},"thumbnailUrl":"https:\/\/olgaluxurycreation.com\/wp-content\/uploads\/2025\/07\/IMG_7927b.jpg","datePublished":"2025-07-09T14:23:01+00:00","dateModified":"2025-11-12T20:01:34+00:00","breadcrumb":{"@id":"https:\/\/olgaluxurycreation.com\/produit\/sac-mariage-et-soiree-en-satin-noir-et-dentelle-raffine\/#breadcrumb"},"inLanguage":"en-GB","potentialAction":[{"@type":"ReadAction","target":["https:\/\/olgaluxurycreation.com\/produit\/sac-mariage-et-soiree-en-satin-noir-et-dentelle-raffine\/"]}]},{"@type":"ImageObject","inLanguage":"en-GB","@id":"https:\/\/olgaluxurycreation.com\/produit\/sac-mariage-et-soiree-en-satin-noir-et-dentelle-raffine\/#primaryimage","url":"https:\/\/olgaluxurycreation.com\/wp-content\/uploads\/2025\/07\/IMG_7927b.jpg","contentUrl":"https:\/\/olgaluxurycreation.com\/wp-content\/uploads\/2025\/07\/IMG_7927b.jpg","width":600,"height":900,"caption":"Sac Mariage et soir\u00e9e en satin Noir et dentelle raffine"},{"@type":"BreadcrumbList","@id":"https:\/\/olgaluxurycreation.com\/produit\/sac-mariage-et-soiree-en-satin-noir-et-dentelle-raffine\/#breadcrumb","itemListElement":[{"@type":"ListItem","position":1,"name":"Accueil","item":"https:\/\/olgaluxurycreation.com\/"},{"@type":"ListItem","position":2,"name":"Boutique","item":"https:\/\/olgaluxurycreation.com\/boutique\/"},{"@type":"ListItem","position":3,"name":"Sac Mariage et soir\u00e9e en satin Noir et dentelle raffine"}]},{"@type":"WebSite","@id":"https:\/\/olgaluxurycreation.com\/#website","url":"https:\/\/olgaluxurycreation.com\/","name":"Olga Luxury Cr\u00e9ation","description":"Sacs en cuir v\u00e9ritable faits main par Olga Luxury Cr\u00e9ation","potentialAction":[{"@type":"SearchAction","target":{"@type":"EntryPoint","urlTemplate":"https:\/\/olgaluxurycreation.com\/?s={search_term_string}"},"query-input":{"@type":"PropertyValueSpecification","valueRequired":true,"valueName":"search_term_string"}}],"inLanguage":"en-GB"}]}},"_links":{"self":[{"href":"https:\/\/olgaluxurycreation.com\/en\/wp-json\/wp\/v2\/product\/1284","targetHints":{"allow":["GET"]}}],"collection":[{"href":"https:\/\/olgaluxurycreation.com\/en\/wp-json\/wp\/v2\/product"}],"about":[{"href":"https:\/\/olgaluxurycreation.com\/en\/wp-json\/wp\/v2\/types\/product"}],"wp:featuredmedia":[{"embeddable":true,"href":"https:\/\/olgaluxurycreation.com\/en\/wp-json\/wp\/v2\/media\/1285"}],"wp:attachment":[{"href":"https:\/\/olgaluxurycreation.com\/en\/wp-json\/wp\/v2\/media?parent=1284"}],"wp:term":[{"taxonomy":"product_brand","embeddable":true,"href":"https:\/\/olgaluxurycreation.com\/en\/wp-json\/wp\/v2\/product_brand?post=1284"},{"taxonomy":"product_cat","embeddable":true,"href":"https:\/\/olgaluxurycreation.com\/en\/wp-json\/wp\/v2\/product_cat?post=1284"},{"taxonomy":"product_tag","embeddable":true,"href":"https:\/\/olgaluxurycreation.com\/en\/wp-json\/wp\/v2\/product_tag?post=1284"}],"curies":[{"name":"wp","href":"https:\/\/api.w.org\/{rel}","templated":true}]}}