{"id":1286,"date":"2025-07-09T16:42:02","date_gmt":"2025-07-09T14:42:02","guid":{"rendered":"https:\/\/olgaluxurycreation.com\/?post_type=product&#038;p=1286"},"modified":"2025-07-09T17:26:05","modified_gmt":"2025-07-09T15:26:05","slug":"pochette-soiree-et-mariage-en-satin-beige-dore-et-dentelle-raffine","status":"publish","type":"product","link":"https:\/\/olgaluxurycreation.com\/en\/product\/pochette-soiree-et-mariage-en-satin-beige-dore-et-dentelle-raffine\/","title":{"rendered":"Pochette Soir\u00e9e et Mariage en satin Beige dor\u00e9 et dentelle Raffine"},"content":{"rendered":"<div class=\"tab-panel\" data-panel=\"pdp-description\">\n<p class=\"description__item\">Pochette Soir\u00e9e en Satin beige dor\u00e9 pour femme.<\/p>\n<p class=\"description__item\">Une Alliance pr\u00e9cieuse de Mati\u00e8res Nobles.<\/p>\n<p>Imaginez la caresse d&rsquo;une dentelle de Chantilly, choisie pour sa finesse et ses motifs floraux d&rsquo;une rare \u00e9l\u00e9gance, habillant d\u00e9licatement un \u00e9crin de <b>satin Beige<\/b> d&rsquo;une douceur in\u00e9gal\u00e9e. Ce mariage harmonieux de textures cr\u00e9e un jeu de transparence et de brillance subtil, captant la lumi\u00e8re pour r\u00e9v\u00e9ler toute la beaut\u00e9 de votre tenue.<\/p>\n<p>Chaque fibre est s\u00e9lectionn\u00e9e avec le plus grand soin, garantissant une qualit\u00e9 et une durabilit\u00e9 \u00e0 la hauteur de vos attentes les plus luxueuses.<\/p>\n<p class=\"description__item\">\n<\/div>","protected":false},"excerpt":{"rendered":"<p>Pochette Soir\u00e9e en Satin beige dor\u00e9 pour femme. Une Alliance pr\u00e9cieuse de Mati\u00e8res Nobles. Imaginez la caresse d&rsquo;une dentelle de Chantilly, choisie pour sa finesse et ses motifs floraux d&rsquo;une rare \u00e9l\u00e9gance, habillant d\u00e9licatement un \u00e9crin de satin Beige d&rsquo;une douceur in\u00e9gal\u00e9e. Ce mariage harmonieux de textures cr\u00e9e un jeu de transparence et de brillance [&hellip;]<\/p>","protected":false},"featured_media":1288,"template":"","meta":{"_acf_changed":false},"product_brand":[],"product_cat":[186],"product_tag":[201,200,198,203,71,202,199],"class_list":{"0":"post-1286","1":"product","2":"type-product","3":"status-publish","4":"has-post-thumbnail","6":"product_cat-pochette-de-soiree","7":"product_tag-cadeau-pour-mariage","8":"product_tag-pochette-champagne","9":"product_tag-pochette-mariage-dore","10":"product_tag-pochette-soiree-beige","11":"product_tag-sac-a-main-unique","12":"product_tag-sac-de-soiree-champagne-dore","13":"product_tag-sac-mariage-champagne","15":"first","16":"instock","17":"shipping-taxable","18":"purchasable","19":"product-type-simple"},"acf":[],"yoast_head":"<!-- This site is optimized with the Yoast SEO plugin v24.6 - https:\/\/yoast.com\/wordpress\/plugins\/seo\/ -->\n<title>Pochette Soir\u00e9e et Mariage en satin Beige dor\u00e9 et dentelle Raffine - Olga Luxury Cr\u00e9ation<\/title>\n<meta name=\"robots\" content=\"index, follow, max-snippet:-1, max-image-preview:large, max-video-preview:-1\" \/>\n<link rel=\"canonical\" href=\"https:\/\/olgaluxurycreation.com\/en\/product\/pochette-soiree-et-mariage-en-satin-beige-dore-et-dentelle-raffine\/\" \/>\n<meta property=\"og:locale\" content=\"en_GB\" \/>\n<meta property=\"og:type\" content=\"article\" \/>\n<meta property=\"og:title\" content=\"Pochette Soir\u00e9e et Mariage en satin Beige dor\u00e9 et dentelle Raffine - Olga Luxury Cr\u00e9ation\" \/>\n<meta property=\"og:description\" content=\"Pochette Soir\u00e9e en Satin beige dor\u00e9 pour femme. Une Alliance pr\u00e9cieuse de Mati\u00e8res Nobles. Imaginez la caresse d&rsquo;une dentelle de Chantilly, choisie pour sa finesse et ses motifs floraux d&rsquo;une rare \u00e9l\u00e9gance, habillant d\u00e9licatement un \u00e9crin de satin Beige d&rsquo;une douceur in\u00e9gal\u00e9e. Ce mariage harmonieux de textures cr\u00e9e un jeu de transparence et de brillance [&hellip;]\" \/>\n<meta property=\"og:url\" content=\"https:\/\/olgaluxurycreation.com\/en\/product\/pochette-soiree-et-mariage-en-satin-beige-dore-et-dentelle-raffine\/\" \/>\n<meta property=\"og:site_name\" content=\"Olga Luxury Cr\u00e9ation\" \/>\n<meta property=\"article:modified_time\" content=\"2025-07-09T15:26:05+00:00\" \/>\n<meta property=\"og:image\" content=\"https:\/\/olgaluxurycreation.com\/wp-content\/uploads\/2025\/07\/IMG_0052b-min.jpg\" \/>\n\t<meta property=\"og:image:width\" content=\"600\" \/>\n\t<meta property=\"og:image:height\" content=\"900\" \/>\n\t<meta property=\"og:image:type\" content=\"image\/jpeg\" \/>\n<meta name=\"twitter:card\" content=\"summary_large_image\" \/>\n<meta name=\"twitter:label1\" content=\"Estimated reading time\" \/>\n\t<meta name=\"twitter:data1\" content=\"1 minute\" \/>\n<script type=\"application\/ld+json\" class=\"yoast-schema-graph\">{\"@context\":\"https:\/\/schema.org\",\"@graph\":[{\"@type\":\"WebPage\",\"@id\":\"https:\/\/olgaluxurycreation.com\/produit\/pochette-soiree-et-mariage-en-satin-beige-dore-et-dentelle-raffine\/\",\"url\":\"https:\/\/olgaluxurycreation.com\/produit\/pochette-soiree-et-mariage-en-satin-beige-dore-et-dentelle-raffine\/\",\"name\":\"Pochette Soir\u00e9e et Mariage en satin Beige dor\u00e9 et dentelle Raffine - Olga Luxury Cr\u00e9ation\",\"isPartOf\":{\"@id\":\"https:\/\/olgaluxurycreation.com\/#website\"},\"primaryImageOfPage\":{\"@id\":\"https:\/\/olgaluxurycreation.com\/produit\/pochette-soiree-et-mariage-en-satin-beige-dore-et-dentelle-raffine\/#primaryimage\"},\"image\":{\"@id\":\"https:\/\/olgaluxurycreation.com\/produit\/pochette-soiree-et-mariage-en-satin-beige-dore-et-dentelle-raffine\/#primaryimage\"},\"thumbnailUrl\":\"https:\/\/olgaluxurycreation.com\/wp-content\/uploads\/2025\/07\/IMG_0052b-min.jpg\",\"datePublished\":\"2025-07-09T14:42:02+00:00\",\"dateModified\":\"2025-07-09T15:26:05+00:00\",\"breadcrumb\":{\"@id\":\"https:\/\/olgaluxurycreation.com\/produit\/pochette-soiree-et-mariage-en-satin-beige-dore-et-dentelle-raffine\/#breadcrumb\"},\"inLanguage\":\"en-GB\",\"potentialAction\":[{\"@type\":\"ReadAction\",\"target\":[\"https:\/\/olgaluxurycreation.com\/produit\/pochette-soiree-et-mariage-en-satin-beige-dore-et-dentelle-raffine\/\"]}]},{\"@type\":\"ImageObject\",\"inLanguage\":\"en-GB\",\"@id\":\"https:\/\/olgaluxurycreation.com\/produit\/pochette-soiree-et-mariage-en-satin-beige-dore-et-dentelle-raffine\/#primaryimage\",\"url\":\"https:\/\/olgaluxurycreation.com\/wp-content\/uploads\/2025\/07\/IMG_0052b-min.jpg\",\"contentUrl\":\"https:\/\/olgaluxurycreation.com\/wp-content\/uploads\/2025\/07\/IMG_0052b-min.jpg\",\"width\":600,\"height\":900,\"caption\":\"Pochette Beige pour Soir\u00e9e en dentelle et satin raffine\"},{\"@type\":\"BreadcrumbList\",\"@id\":\"https:\/\/olgaluxurycreation.com\/produit\/pochette-soiree-et-mariage-en-satin-beige-dore-et-dentelle-raffine\/#breadcrumb\",\"itemListElement\":[{\"@type\":\"ListItem\",\"position\":1,\"name\":\"Accueil\",\"item\":\"https:\/\/olgaluxurycreation.com\/\"},{\"@type\":\"ListItem\",\"position\":2,\"name\":\"Boutique\",\"item\":\"https:\/\/olgaluxurycreation.com\/boutique\/\"},{\"@type\":\"ListItem\",\"position\":3,\"name\":\"Pochette Soir\u00e9e et Mariage en satin Beige dor\u00e9 et dentelle Raffine\"}]},{\"@type\":\"WebSite\",\"@id\":\"https:\/\/olgaluxurycreation.com\/#website\",\"url\":\"https:\/\/olgaluxurycreation.com\/\",\"name\":\"Olga Luxury Cr\u00e9ation\",\"description\":\"Sacs en cuir v\u00e9ritable faits main par Olga Luxury Cr\u00e9ation\",\"potentialAction\":[{\"@type\":\"SearchAction\",\"target\":{\"@type\":\"EntryPoint\",\"urlTemplate\":\"https:\/\/olgaluxurycreation.com\/?s={search_term_string}\"},\"query-input\":{\"@type\":\"PropertyValueSpecification\",\"valueRequired\":true,\"valueName\":\"search_term_string\"}}],\"inLanguage\":\"en-GB\"}]}<\/script>\n<!-- \/ Yoast SEO plugin. -->","yoast_head_json":{"title":"Pochette Soir\u00e9e et Mariage en satin Beige dor\u00e9 et dentelle Raffine - Olga Luxury Cr\u00e9ation","robots":{"index":"index","follow":"follow","max-snippet":"max-snippet:-1","max-image-preview":"max-image-preview:large","max-video-preview":"max-video-preview:-1"},"canonical":"https:\/\/olgaluxurycreation.com\/en\/product\/pochette-soiree-et-mariage-en-satin-beige-dore-et-dentelle-raffine\/","og_locale":"en_GB","og_type":"article","og_title":"Pochette Soir\u00e9e et Mariage en satin Beige dor\u00e9 et dentelle Raffine - Olga Luxury Cr\u00e9ation","og_description":"Pochette Soir\u00e9e en Satin beige dor\u00e9 pour femme. Une Alliance pr\u00e9cieuse de Mati\u00e8res Nobles. Imaginez la caresse d&rsquo;une dentelle de Chantilly, choisie pour sa finesse et ses motifs floraux d&rsquo;une rare \u00e9l\u00e9gance, habillant d\u00e9licatement un \u00e9crin de satin Beige d&rsquo;une douceur in\u00e9gal\u00e9e. Ce mariage harmonieux de textures cr\u00e9e un jeu de transparence et de brillance [&hellip;]","og_url":"https:\/\/olgaluxurycreation.com\/en\/product\/pochette-soiree-et-mariage-en-satin-beige-dore-et-dentelle-raffine\/","og_site_name":"Olga Luxury Cr\u00e9ation","article_modified_time":"2025-07-09T15:26:05+00:00","og_image":[{"width":600,"height":900,"url":"https:\/\/olgaluxurycreation.com\/wp-content\/uploads\/2025\/07\/IMG_0052b-min.jpg","type":"image\/jpeg"}],"twitter_card":"summary_large_image","twitter_misc":{"Estimated reading time":"1 minute"},"schema":{"@context":"https:\/\/schema.org","@graph":[{"@type":"WebPage","@id":"https:\/\/olgaluxurycreation.com\/produit\/pochette-soiree-et-mariage-en-satin-beige-dore-et-dentelle-raffine\/","url":"https:\/\/olgaluxurycreation.com\/produit\/pochette-soiree-et-mariage-en-satin-beige-dore-et-dentelle-raffine\/","name":"Pochette Soir\u00e9e et Mariage en satin Beige dor\u00e9 et dentelle Raffine - Olga Luxury Cr\u00e9ation","isPartOf":{"@id":"https:\/\/olgaluxurycreation.com\/#website"},"primaryImageOfPage":{"@id":"https:\/\/olgaluxurycreation.com\/produit\/pochette-soiree-et-mariage-en-satin-beige-dore-et-dentelle-raffine\/#primaryimage"},"image":{"@id":"https:\/\/olgaluxurycreation.com\/produit\/pochette-soiree-et-mariage-en-satin-beige-dore-et-dentelle-raffine\/#primaryimage"},"thumbnailUrl":"https:\/\/olgaluxurycreation.com\/wp-content\/uploads\/2025\/07\/IMG_0052b-min.jpg","datePublished":"2025-07-09T14:42:02+00:00","dateModified":"2025-07-09T15:26:05+00:00","breadcrumb":{"@id":"https:\/\/olgaluxurycreation.com\/produit\/pochette-soiree-et-mariage-en-satin-beige-dore-et-dentelle-raffine\/#breadcrumb"},"inLanguage":"en-GB","potentialAction":[{"@type":"ReadAction","target":["https:\/\/olgaluxurycreation.com\/produit\/pochette-soiree-et-mariage-en-satin-beige-dore-et-dentelle-raffine\/"]}]},{"@type":"ImageObject","inLanguage":"en-GB","@id":"https:\/\/olgaluxurycreation.com\/produit\/pochette-soiree-et-mariage-en-satin-beige-dore-et-dentelle-raffine\/#primaryimage","url":"https:\/\/olgaluxurycreation.com\/wp-content\/uploads\/2025\/07\/IMG_0052b-min.jpg","contentUrl":"https:\/\/olgaluxurycreation.com\/wp-content\/uploads\/2025\/07\/IMG_0052b-min.jpg","width":600,"height":900,"caption":"Pochette Beige pour Soir\u00e9e en dentelle et satin raffine"},{"@type":"BreadcrumbList","@id":"https:\/\/olgaluxurycreation.com\/produit\/pochette-soiree-et-mariage-en-satin-beige-dore-et-dentelle-raffine\/#breadcrumb","itemListElement":[{"@type":"ListItem","position":1,"name":"Accueil","item":"https:\/\/olgaluxurycreation.com\/"},{"@type":"ListItem","position":2,"name":"Boutique","item":"https:\/\/olgaluxurycreation.com\/boutique\/"},{"@type":"ListItem","position":3,"name":"Pochette Soir\u00e9e et Mariage en satin Beige dor\u00e9 et dentelle Raffine"}]},{"@type":"WebSite","@id":"https:\/\/olgaluxurycreation.com\/#website","url":"https:\/\/olgaluxurycreation.com\/","name":"Olga Luxury Cr\u00e9ation","description":"Sacs en cuir v\u00e9ritable faits main par Olga Luxury Cr\u00e9ation","potentialAction":[{"@type":"SearchAction","target":{"@type":"EntryPoint","urlTemplate":"https:\/\/olgaluxurycreation.com\/?s={search_term_string}"},"query-input":{"@type":"PropertyValueSpecification","valueRequired":true,"valueName":"search_term_string"}}],"inLanguage":"en-GB"}]}},"_links":{"self":[{"href":"https:\/\/olgaluxurycreation.com\/en\/wp-json\/wp\/v2\/product\/1286","targetHints":{"allow":["GET"]}}],"collection":[{"href":"https:\/\/olgaluxurycreation.com\/en\/wp-json\/wp\/v2\/product"}],"about":[{"href":"https:\/\/olgaluxurycreation.com\/en\/wp-json\/wp\/v2\/types\/product"}],"wp:featuredmedia":[{"embeddable":true,"href":"https:\/\/olgaluxurycreation.com\/en\/wp-json\/wp\/v2\/media\/1288"}],"wp:attachment":[{"href":"https:\/\/olgaluxurycreation.com\/en\/wp-json\/wp\/v2\/media?parent=1286"}],"wp:term":[{"taxonomy":"product_brand","embeddable":true,"href":"https:\/\/olgaluxurycreation.com\/en\/wp-json\/wp\/v2\/product_brand?post=1286"},{"taxonomy":"product_cat","embeddable":true,"href":"https:\/\/olgaluxurycreation.com\/en\/wp-json\/wp\/v2\/product_cat?post=1286"},{"taxonomy":"product_tag","embeddable":true,"href":"https:\/\/olgaluxurycreation.com\/en\/wp-json\/wp\/v2\/product_tag?post=1286"}],"curies":[{"name":"wp","href":"https:\/\/api.w.org\/{rel}","templated":true}]}}