{"id":1289,"date":"2025-07-09T17:01:50","date_gmt":"2025-07-09T15:01:50","guid":{"rendered":"https:\/\/olgaluxurycreation.com\/?post_type=product&#038;p=1289"},"modified":"2025-07-09T17:24:21","modified_gmt":"2025-07-09T15:24:21","slug":"pochette-mariage-et-soiree-en-satin-rouge-avec-broderie-florale-et-fermoir-vintage","status":"publish","type":"product","link":"https:\/\/olgaluxurycreation.com\/en\/product\/pochette-mariage-et-soiree-en-satin-rouge-avec-broderie-florale-et-fermoir-vintage\/","title":{"rendered":"Pochette Mariage et soir\u00e9e en satin Rouge avec broderie florale et fermoir vintage"},"content":{"rendered":"<p>Pour les soir\u00e9es inoubliables et pour soir\u00e9e de Mariage, Olga&rsquo;s Luxury Creation est fi\u00e8re de vous pr\u00e9senter une pochette de c\u00e9r\u00e9monie en satin rouge, sublim\u00e9e par une broderie florale d\u00e9licate et un fermoir vintage. Cette pi\u00e8ce d&rsquo;exception est une invitation \u00e0 affirmer votre style avec passion et raffinement.<\/p>\n<p>Id\u00e9ale pour accompagner une robe de mari\u00e9e, une tenue de soir\u00e9e sophistiqu\u00e9e ou un ensemble de gala, Pochette Rouge en dentelle est bien plus qu&rsquo;une pochette : c&rsquo;est une d\u00e9claration de style.<\/p>","protected":false},"excerpt":{"rendered":"<p><span class=\"selected\">Sac de Soir\u00e9e Rouge est confectionn\u00e9e dans un <\/span><strong><span class=\"selected\">satin de soie et dentelle d&rsquo;une qualit\u00e9 sup\u00e9rieure.<\/span><\/strong><\/p>","protected":false},"featured_media":1290,"template":"","meta":{"_acf_changed":false},"product_brand":[],"product_cat":[186],"product_tag":[161,195,192,197,196,80,193,194],"class_list":{"0":"post-1289","1":"product","2":"type-product","3":"status-publish","4":"has-post-thumbnail","6":"product_cat-pochette-de-soiree","7":"product_tag-cadeau-pour-elle","8":"product_tag-minaudiere-olgaluxurycreation","9":"product_tag-pochette-mariage","10":"product_tag-pochette-mere-de-maree","11":"product_tag-robe-maree","12":"product_tag-sac-a-main-femme","13":"product_tag-sac-de-soiree-brode","14":"product_tag-sac-pochette-marige","16":"first","17":"instock","18":"shipping-taxable","19":"purchasable","20":"product-type-simple"},"acf":[],"yoast_head":"<!-- This site is optimized with the Yoast SEO plugin v24.6 - https:\/\/yoast.com\/wordpress\/plugins\/seo\/ -->\n<title>Pochette Mariage et soir\u00e9e en satin Rouge avec broderie florale et fermoir vintage - Olga Luxury Cr\u00e9ation<\/title>\n<meta name=\"robots\" content=\"index, follow, max-snippet:-1, max-image-preview:large, max-video-preview:-1\" \/>\n<link rel=\"canonical\" href=\"https:\/\/olgaluxurycreation.com\/en\/product\/pochette-mariage-et-soiree-en-satin-rouge-avec-broderie-florale-et-fermoir-vintage\/\" \/>\n<meta property=\"og:locale\" content=\"en_GB\" \/>\n<meta property=\"og:type\" content=\"article\" \/>\n<meta property=\"og:title\" content=\"Pochette Mariage et soir\u00e9e en satin Rouge avec broderie florale et fermoir vintage - Olga Luxury Cr\u00e9ation\" \/>\n<meta property=\"og:description\" content=\"Sac de Soir\u00e9e Rouge est confectionn\u00e9e dans un satin de soie et dentelle d&#039;une qualit\u00e9 sup\u00e9rieure.\" \/>\n<meta property=\"og:url\" content=\"https:\/\/olgaluxurycreation.com\/en\/product\/pochette-mariage-et-soiree-en-satin-rouge-avec-broderie-florale-et-fermoir-vintage\/\" \/>\n<meta property=\"og:site_name\" content=\"Olga Luxury Cr\u00e9ation\" \/>\n<meta property=\"article:modified_time\" content=\"2025-07-09T15:24:21+00:00\" \/>\n<meta property=\"og:image\" content=\"https:\/\/olgaluxurycreation.com\/wp-content\/uploads\/2025\/07\/IMG_2073b.jpg\" \/>\n\t<meta property=\"og:image:width\" content=\"600\" \/>\n\t<meta property=\"og:image:height\" content=\"900\" \/>\n\t<meta property=\"og:image:type\" content=\"image\/jpeg\" \/>\n<meta name=\"twitter:card\" content=\"summary_large_image\" \/>\n<meta name=\"twitter:label1\" content=\"Estimated reading time\" \/>\n\t<meta name=\"twitter:data1\" content=\"1 minute\" \/>\n<script type=\"application\/ld+json\" class=\"yoast-schema-graph\">{\"@context\":\"https:\/\/schema.org\",\"@graph\":[{\"@type\":\"WebPage\",\"@id\":\"https:\/\/olgaluxurycreation.com\/produit\/pochette-mariage-et-soiree-en-satin-rouge-avec-broderie-florale-et-fermoir-vintage\/\",\"url\":\"https:\/\/olgaluxurycreation.com\/produit\/pochette-mariage-et-soiree-en-satin-rouge-avec-broderie-florale-et-fermoir-vintage\/\",\"name\":\"Pochette Mariage et soir\u00e9e en satin Rouge avec broderie florale et fermoir vintage - Olga Luxury Cr\u00e9ation\",\"isPartOf\":{\"@id\":\"https:\/\/olgaluxurycreation.com\/#website\"},\"primaryImageOfPage\":{\"@id\":\"https:\/\/olgaluxurycreation.com\/produit\/pochette-mariage-et-soiree-en-satin-rouge-avec-broderie-florale-et-fermoir-vintage\/#primaryimage\"},\"image\":{\"@id\":\"https:\/\/olgaluxurycreation.com\/produit\/pochette-mariage-et-soiree-en-satin-rouge-avec-broderie-florale-et-fermoir-vintage\/#primaryimage\"},\"thumbnailUrl\":\"https:\/\/olgaluxurycreation.com\/wp-content\/uploads\/2025\/07\/IMG_2073b.jpg\",\"datePublished\":\"2025-07-09T15:01:50+00:00\",\"dateModified\":\"2025-07-09T15:24:21+00:00\",\"breadcrumb\":{\"@id\":\"https:\/\/olgaluxurycreation.com\/produit\/pochette-mariage-et-soiree-en-satin-rouge-avec-broderie-florale-et-fermoir-vintage\/#breadcrumb\"},\"inLanguage\":\"en-GB\",\"potentialAction\":[{\"@type\":\"ReadAction\",\"target\":[\"https:\/\/olgaluxurycreation.com\/produit\/pochette-mariage-et-soiree-en-satin-rouge-avec-broderie-florale-et-fermoir-vintage\/\"]}]},{\"@type\":\"ImageObject\",\"inLanguage\":\"en-GB\",\"@id\":\"https:\/\/olgaluxurycreation.com\/produit\/pochette-mariage-et-soiree-en-satin-rouge-avec-broderie-florale-et-fermoir-vintage\/#primaryimage\",\"url\":\"https:\/\/olgaluxurycreation.com\/wp-content\/uploads\/2025\/07\/IMG_2073b.jpg\",\"contentUrl\":\"https:\/\/olgaluxurycreation.com\/wp-content\/uploads\/2025\/07\/IMG_2073b.jpg\",\"width\":600,\"height\":900,\"caption\":\"Sac mariage rouge en satin\"},{\"@type\":\"BreadcrumbList\",\"@id\":\"https:\/\/olgaluxurycreation.com\/produit\/pochette-mariage-et-soiree-en-satin-rouge-avec-broderie-florale-et-fermoir-vintage\/#breadcrumb\",\"itemListElement\":[{\"@type\":\"ListItem\",\"position\":1,\"name\":\"Accueil\",\"item\":\"https:\/\/olgaluxurycreation.com\/\"},{\"@type\":\"ListItem\",\"position\":2,\"name\":\"Boutique\",\"item\":\"https:\/\/olgaluxurycreation.com\/boutique\/\"},{\"@type\":\"ListItem\",\"position\":3,\"name\":\"Pochette Mariage et soir\u00e9e en satin Rouge avec broderie florale et fermoir vintage\"}]},{\"@type\":\"WebSite\",\"@id\":\"https:\/\/olgaluxurycreation.com\/#website\",\"url\":\"https:\/\/olgaluxurycreation.com\/\",\"name\":\"Olga Luxury Cr\u00e9ation\",\"description\":\"Sacs en cuir v\u00e9ritable faits main par Olga Luxury Cr\u00e9ation\",\"potentialAction\":[{\"@type\":\"SearchAction\",\"target\":{\"@type\":\"EntryPoint\",\"urlTemplate\":\"https:\/\/olgaluxurycreation.com\/?s={search_term_string}\"},\"query-input\":{\"@type\":\"PropertyValueSpecification\",\"valueRequired\":true,\"valueName\":\"search_term_string\"}}],\"inLanguage\":\"en-GB\"}]}<\/script>\n<!-- \/ Yoast SEO plugin. -->","yoast_head_json":{"title":"Pochette Mariage et soir\u00e9e en satin Rouge avec broderie florale et fermoir vintage - Olga Luxury Cr\u00e9ation","robots":{"index":"index","follow":"follow","max-snippet":"max-snippet:-1","max-image-preview":"max-image-preview:large","max-video-preview":"max-video-preview:-1"},"canonical":"https:\/\/olgaluxurycreation.com\/en\/product\/pochette-mariage-et-soiree-en-satin-rouge-avec-broderie-florale-et-fermoir-vintage\/","og_locale":"en_GB","og_type":"article","og_title":"Pochette Mariage et soir\u00e9e en satin Rouge avec broderie florale et fermoir vintage - Olga Luxury Cr\u00e9ation","og_description":"Sac de Soir\u00e9e Rouge est confectionn\u00e9e dans un satin de soie et dentelle d'une qualit\u00e9 sup\u00e9rieure.","og_url":"https:\/\/olgaluxurycreation.com\/en\/product\/pochette-mariage-et-soiree-en-satin-rouge-avec-broderie-florale-et-fermoir-vintage\/","og_site_name":"Olga Luxury Cr\u00e9ation","article_modified_time":"2025-07-09T15:24:21+00:00","og_image":[{"width":600,"height":900,"url":"https:\/\/olgaluxurycreation.com\/wp-content\/uploads\/2025\/07\/IMG_2073b.jpg","type":"image\/jpeg"}],"twitter_card":"summary_large_image","twitter_misc":{"Estimated reading time":"1 minute"},"schema":{"@context":"https:\/\/schema.org","@graph":[{"@type":"WebPage","@id":"https:\/\/olgaluxurycreation.com\/produit\/pochette-mariage-et-soiree-en-satin-rouge-avec-broderie-florale-et-fermoir-vintage\/","url":"https:\/\/olgaluxurycreation.com\/produit\/pochette-mariage-et-soiree-en-satin-rouge-avec-broderie-florale-et-fermoir-vintage\/","name":"Pochette Mariage et soir\u00e9e en satin Rouge avec broderie florale et fermoir vintage - Olga Luxury Cr\u00e9ation","isPartOf":{"@id":"https:\/\/olgaluxurycreation.com\/#website"},"primaryImageOfPage":{"@id":"https:\/\/olgaluxurycreation.com\/produit\/pochette-mariage-et-soiree-en-satin-rouge-avec-broderie-florale-et-fermoir-vintage\/#primaryimage"},"image":{"@id":"https:\/\/olgaluxurycreation.com\/produit\/pochette-mariage-et-soiree-en-satin-rouge-avec-broderie-florale-et-fermoir-vintage\/#primaryimage"},"thumbnailUrl":"https:\/\/olgaluxurycreation.com\/wp-content\/uploads\/2025\/07\/IMG_2073b.jpg","datePublished":"2025-07-09T15:01:50+00:00","dateModified":"2025-07-09T15:24:21+00:00","breadcrumb":{"@id":"https:\/\/olgaluxurycreation.com\/produit\/pochette-mariage-et-soiree-en-satin-rouge-avec-broderie-florale-et-fermoir-vintage\/#breadcrumb"},"inLanguage":"en-GB","potentialAction":[{"@type":"ReadAction","target":["https:\/\/olgaluxurycreation.com\/produit\/pochette-mariage-et-soiree-en-satin-rouge-avec-broderie-florale-et-fermoir-vintage\/"]}]},{"@type":"ImageObject","inLanguage":"en-GB","@id":"https:\/\/olgaluxurycreation.com\/produit\/pochette-mariage-et-soiree-en-satin-rouge-avec-broderie-florale-et-fermoir-vintage\/#primaryimage","url":"https:\/\/olgaluxurycreation.com\/wp-content\/uploads\/2025\/07\/IMG_2073b.jpg","contentUrl":"https:\/\/olgaluxurycreation.com\/wp-content\/uploads\/2025\/07\/IMG_2073b.jpg","width":600,"height":900,"caption":"Sac mariage rouge en satin"},{"@type":"BreadcrumbList","@id":"https:\/\/olgaluxurycreation.com\/produit\/pochette-mariage-et-soiree-en-satin-rouge-avec-broderie-florale-et-fermoir-vintage\/#breadcrumb","itemListElement":[{"@type":"ListItem","position":1,"name":"Accueil","item":"https:\/\/olgaluxurycreation.com\/"},{"@type":"ListItem","position":2,"name":"Boutique","item":"https:\/\/olgaluxurycreation.com\/boutique\/"},{"@type":"ListItem","position":3,"name":"Pochette Mariage et soir\u00e9e en satin Rouge avec broderie florale et fermoir vintage"}]},{"@type":"WebSite","@id":"https:\/\/olgaluxurycreation.com\/#website","url":"https:\/\/olgaluxurycreation.com\/","name":"Olga Luxury Cr\u00e9ation","description":"Sacs en cuir v\u00e9ritable faits main par Olga Luxury Cr\u00e9ation","potentialAction":[{"@type":"SearchAction","target":{"@type":"EntryPoint","urlTemplate":"https:\/\/olgaluxurycreation.com\/?s={search_term_string}"},"query-input":{"@type":"PropertyValueSpecification","valueRequired":true,"valueName":"search_term_string"}}],"inLanguage":"en-GB"}]}},"_links":{"self":[{"href":"https:\/\/olgaluxurycreation.com\/en\/wp-json\/wp\/v2\/product\/1289","targetHints":{"allow":["GET"]}}],"collection":[{"href":"https:\/\/olgaluxurycreation.com\/en\/wp-json\/wp\/v2\/product"}],"about":[{"href":"https:\/\/olgaluxurycreation.com\/en\/wp-json\/wp\/v2\/types\/product"}],"wp:featuredmedia":[{"embeddable":true,"href":"https:\/\/olgaluxurycreation.com\/en\/wp-json\/wp\/v2\/media\/1290"}],"wp:attachment":[{"href":"https:\/\/olgaluxurycreation.com\/en\/wp-json\/wp\/v2\/media?parent=1289"}],"wp:term":[{"taxonomy":"product_brand","embeddable":true,"href":"https:\/\/olgaluxurycreation.com\/en\/wp-json\/wp\/v2\/product_brand?post=1289"},{"taxonomy":"product_cat","embeddable":true,"href":"https:\/\/olgaluxurycreation.com\/en\/wp-json\/wp\/v2\/product_cat?post=1289"},{"taxonomy":"product_tag","embeddable":true,"href":"https:\/\/olgaluxurycreation.com\/en\/wp-json\/wp\/v2\/product_tag?post=1289"}],"curies":[{"name":"wp","href":"https:\/\/api.w.org\/{rel}","templated":true}]}}