{"id":1298,"date":"2025-07-22T22:53:43","date_gmt":"2025-07-22T20:53:43","guid":{"rendered":"https:\/\/olgaluxurycreation.com\/?post_type=product&#038;p=1298"},"modified":"2025-07-22T22:55:56","modified_gmt":"2025-07-22T20:55:56","slug":"pochette-mariage-rose-poudre-en-dentelle-et-soie-sac-originale-pour-mariage","status":"publish","type":"product","link":"https:\/\/olgaluxurycreation.com\/en\/product\/pochette-mariage-rose-poudre-en-dentelle-et-soie-sac-originale-pour-mariage\/","title":{"rendered":"Pochette Mariage Rose poudre en dentelle et soie Sac originale pour mariage"},"content":{"rendered":"<p>Objet essentiel de la marque Olgaluxurycreation pour re\u0301ussir vos soire\u0301es de gala et ne pas passer inaperc\u0327u.<br \/>\nIl vous permettra d\u2019allier e\u0301le\u0301gance et style pour rester chic en toutes circonstances. Nos sacs de soire\u0301e et Mariage uniques sont e\u0301labore\u0301s a\u0300 base de satin, dentelle franc\u0327aise, luxe et haute couture ainsi que du velours et de la soie.<\/p>","protected":false},"excerpt":{"rendered":"<p>Objet essentiel de la marque Olgaluxurycreation pour re\u0301ussir vos soire\u0301es de gala et ne pas passer inaperc\u0327u. Il vous permettra d\u2019allier e\u0301le\u0301gance et style pour rester chic en toutes circonstances. Nos sacs de soire\u0301e et Mariage uniques sont e\u0301labore\u0301s a\u0300 base de satin, dentelle franc\u0327aise, luxe et haute couture ainsi que du velours et de [&hellip;]<\/p>","protected":false},"featured_media":1299,"template":"","meta":{"_acf_changed":false},"product_brand":[],"product_cat":[186],"product_tag":[221,223,178,222,224],"class_list":{"0":"post-1298","1":"product","2":"type-product","3":"status-publish","4":"has-post-thumbnail","6":"product_cat-pochette-de-soiree","7":"product_tag-pochette-mariage-rose-poudre","8":"product_tag-pochette-mariage-unique","9":"product_tag-sac-de-soiree","10":"product_tag-sac-en-soie","11":"product_tag-sac-vintage","13":"first","14":"instock","15":"shipping-taxable","16":"purchasable","17":"product-type-simple"},"acf":[],"yoast_head":"<!-- This site is optimized with the Yoast SEO plugin v24.6 - https:\/\/yoast.com\/wordpress\/plugins\/seo\/ -->\n<title>Pochette Mariage Rose poudre en dentelle et soie Sac originale pour mariage - Olga Luxury Cr\u00e9ation<\/title>\n<meta name=\"robots\" content=\"index, follow, max-snippet:-1, max-image-preview:large, max-video-preview:-1\" \/>\n<link rel=\"canonical\" href=\"https:\/\/olgaluxurycreation.com\/en\/product\/pochette-mariage-rose-poudre-en-dentelle-et-soie-sac-originale-pour-mariage\/\" \/>\n<meta property=\"og:locale\" content=\"en_GB\" \/>\n<meta property=\"og:type\" content=\"article\" \/>\n<meta property=\"og:title\" content=\"Pochette Mariage Rose poudre en dentelle et soie Sac originale pour mariage - Olga Luxury Cr\u00e9ation\" \/>\n<meta property=\"og:description\" content=\"Objet essentiel de la marque Olgaluxurycreation pour re\u0301ussir vos soire\u0301es de gala et ne pas passer inaperc\u0327u. Il vous permettra d\u2019allier e\u0301le\u0301gance et style pour rester chic en toutes circonstances. Nos sacs de soire\u0301e et Mariage uniques sont e\u0301labore\u0301s a\u0300 base de satin, dentelle franc\u0327aise, luxe et haute couture ainsi que du velours et de [&hellip;]\" \/>\n<meta property=\"og:url\" content=\"https:\/\/olgaluxurycreation.com\/en\/product\/pochette-mariage-rose-poudre-en-dentelle-et-soie-sac-originale-pour-mariage\/\" \/>\n<meta property=\"og:site_name\" content=\"Olga Luxury Cr\u00e9ation\" \/>\n<meta property=\"article:modified_time\" content=\"2025-07-22T20:55:56+00:00\" \/>\n<meta property=\"og:image\" content=\"https:\/\/olgaluxurycreation.com\/wp-content\/uploads\/2025\/07\/IMG_5493b.jpg\" \/>\n\t<meta property=\"og:image:width\" content=\"600\" \/>\n\t<meta property=\"og:image:height\" content=\"900\" \/>\n\t<meta property=\"og:image:type\" content=\"image\/jpeg\" \/>\n<meta name=\"twitter:card\" content=\"summary_large_image\" \/>\n<meta name=\"twitter:label1\" content=\"Estimated reading time\" \/>\n\t<meta name=\"twitter:data1\" content=\"1 minute\" \/>\n<script type=\"application\/ld+json\" class=\"yoast-schema-graph\">{\"@context\":\"https:\/\/schema.org\",\"@graph\":[{\"@type\":\"WebPage\",\"@id\":\"https:\/\/olgaluxurycreation.com\/produit\/pochette-mariage-rose-poudre-en-dentelle-et-soie-sac-originale-pour-mariage\/\",\"url\":\"https:\/\/olgaluxurycreation.com\/produit\/pochette-mariage-rose-poudre-en-dentelle-et-soie-sac-originale-pour-mariage\/\",\"name\":\"Pochette Mariage Rose poudre en dentelle et soie Sac originale pour mariage - Olga Luxury Cr\u00e9ation\",\"isPartOf\":{\"@id\":\"https:\/\/olgaluxurycreation.com\/#website\"},\"primaryImageOfPage\":{\"@id\":\"https:\/\/olgaluxurycreation.com\/produit\/pochette-mariage-rose-poudre-en-dentelle-et-soie-sac-originale-pour-mariage\/#primaryimage\"},\"image\":{\"@id\":\"https:\/\/olgaluxurycreation.com\/produit\/pochette-mariage-rose-poudre-en-dentelle-et-soie-sac-originale-pour-mariage\/#primaryimage\"},\"thumbnailUrl\":\"https:\/\/olgaluxurycreation.com\/wp-content\/uploads\/2025\/07\/IMG_5493b.jpg\",\"datePublished\":\"2025-07-22T20:53:43+00:00\",\"dateModified\":\"2025-07-22T20:55:56+00:00\",\"breadcrumb\":{\"@id\":\"https:\/\/olgaluxurycreation.com\/produit\/pochette-mariage-rose-poudre-en-dentelle-et-soie-sac-originale-pour-mariage\/#breadcrumb\"},\"inLanguage\":\"en-GB\",\"potentialAction\":[{\"@type\":\"ReadAction\",\"target\":[\"https:\/\/olgaluxurycreation.com\/produit\/pochette-mariage-rose-poudre-en-dentelle-et-soie-sac-originale-pour-mariage\/\"]}]},{\"@type\":\"ImageObject\",\"inLanguage\":\"en-GB\",\"@id\":\"https:\/\/olgaluxurycreation.com\/produit\/pochette-mariage-rose-poudre-en-dentelle-et-soie-sac-originale-pour-mariage\/#primaryimage\",\"url\":\"https:\/\/olgaluxurycreation.com\/wp-content\/uploads\/2025\/07\/IMG_5493b.jpg\",\"contentUrl\":\"https:\/\/olgaluxurycreation.com\/wp-content\/uploads\/2025\/07\/IMG_5493b.jpg\",\"width\":600,\"height\":900,\"caption\":\"Pochette mariage\"},{\"@type\":\"BreadcrumbList\",\"@id\":\"https:\/\/olgaluxurycreation.com\/produit\/pochette-mariage-rose-poudre-en-dentelle-et-soie-sac-originale-pour-mariage\/#breadcrumb\",\"itemListElement\":[{\"@type\":\"ListItem\",\"position\":1,\"name\":\"Accueil\",\"item\":\"https:\/\/olgaluxurycreation.com\/\"},{\"@type\":\"ListItem\",\"position\":2,\"name\":\"Boutique\",\"item\":\"https:\/\/olgaluxurycreation.com\/boutique\/\"},{\"@type\":\"ListItem\",\"position\":3,\"name\":\"Pochette Mariage Rose poudre en dentelle et soie Sac originale pour mariage\"}]},{\"@type\":\"WebSite\",\"@id\":\"https:\/\/olgaluxurycreation.com\/#website\",\"url\":\"https:\/\/olgaluxurycreation.com\/\",\"name\":\"Olga Luxury Cr\u00e9ation\",\"description\":\"Sacs en cuir v\u00e9ritable faits main par Olga Luxury Cr\u00e9ation\",\"potentialAction\":[{\"@type\":\"SearchAction\",\"target\":{\"@type\":\"EntryPoint\",\"urlTemplate\":\"https:\/\/olgaluxurycreation.com\/?s={search_term_string}\"},\"query-input\":{\"@type\":\"PropertyValueSpecification\",\"valueRequired\":true,\"valueName\":\"search_term_string\"}}],\"inLanguage\":\"en-GB\"}]}<\/script>\n<!-- \/ Yoast SEO plugin. -->","yoast_head_json":{"title":"Pochette Mariage Rose poudre en dentelle et soie Sac originale pour mariage - Olga Luxury Cr\u00e9ation","robots":{"index":"index","follow":"follow","max-snippet":"max-snippet:-1","max-image-preview":"max-image-preview:large","max-video-preview":"max-video-preview:-1"},"canonical":"https:\/\/olgaluxurycreation.com\/en\/product\/pochette-mariage-rose-poudre-en-dentelle-et-soie-sac-originale-pour-mariage\/","og_locale":"en_GB","og_type":"article","og_title":"Pochette Mariage Rose poudre en dentelle et soie Sac originale pour mariage - Olga Luxury Cr\u00e9ation","og_description":"Objet essentiel de la marque Olgaluxurycreation pour re\u0301ussir vos soire\u0301es de gala et ne pas passer inaperc\u0327u. Il vous permettra d\u2019allier e\u0301le\u0301gance et style pour rester chic en toutes circonstances. Nos sacs de soire\u0301e et Mariage uniques sont e\u0301labore\u0301s a\u0300 base de satin, dentelle franc\u0327aise, luxe et haute couture ainsi que du velours et de [&hellip;]","og_url":"https:\/\/olgaluxurycreation.com\/en\/product\/pochette-mariage-rose-poudre-en-dentelle-et-soie-sac-originale-pour-mariage\/","og_site_name":"Olga Luxury Cr\u00e9ation","article_modified_time":"2025-07-22T20:55:56+00:00","og_image":[{"width":600,"height":900,"url":"https:\/\/olgaluxurycreation.com\/wp-content\/uploads\/2025\/07\/IMG_5493b.jpg","type":"image\/jpeg"}],"twitter_card":"summary_large_image","twitter_misc":{"Estimated reading time":"1 minute"},"schema":{"@context":"https:\/\/schema.org","@graph":[{"@type":"WebPage","@id":"https:\/\/olgaluxurycreation.com\/produit\/pochette-mariage-rose-poudre-en-dentelle-et-soie-sac-originale-pour-mariage\/","url":"https:\/\/olgaluxurycreation.com\/produit\/pochette-mariage-rose-poudre-en-dentelle-et-soie-sac-originale-pour-mariage\/","name":"Pochette Mariage Rose poudre en dentelle et soie Sac originale pour mariage - Olga Luxury Cr\u00e9ation","isPartOf":{"@id":"https:\/\/olgaluxurycreation.com\/#website"},"primaryImageOfPage":{"@id":"https:\/\/olgaluxurycreation.com\/produit\/pochette-mariage-rose-poudre-en-dentelle-et-soie-sac-originale-pour-mariage\/#primaryimage"},"image":{"@id":"https:\/\/olgaluxurycreation.com\/produit\/pochette-mariage-rose-poudre-en-dentelle-et-soie-sac-originale-pour-mariage\/#primaryimage"},"thumbnailUrl":"https:\/\/olgaluxurycreation.com\/wp-content\/uploads\/2025\/07\/IMG_5493b.jpg","datePublished":"2025-07-22T20:53:43+00:00","dateModified":"2025-07-22T20:55:56+00:00","breadcrumb":{"@id":"https:\/\/olgaluxurycreation.com\/produit\/pochette-mariage-rose-poudre-en-dentelle-et-soie-sac-originale-pour-mariage\/#breadcrumb"},"inLanguage":"en-GB","potentialAction":[{"@type":"ReadAction","target":["https:\/\/olgaluxurycreation.com\/produit\/pochette-mariage-rose-poudre-en-dentelle-et-soie-sac-originale-pour-mariage\/"]}]},{"@type":"ImageObject","inLanguage":"en-GB","@id":"https:\/\/olgaluxurycreation.com\/produit\/pochette-mariage-rose-poudre-en-dentelle-et-soie-sac-originale-pour-mariage\/#primaryimage","url":"https:\/\/olgaluxurycreation.com\/wp-content\/uploads\/2025\/07\/IMG_5493b.jpg","contentUrl":"https:\/\/olgaluxurycreation.com\/wp-content\/uploads\/2025\/07\/IMG_5493b.jpg","width":600,"height":900,"caption":"Pochette mariage"},{"@type":"BreadcrumbList","@id":"https:\/\/olgaluxurycreation.com\/produit\/pochette-mariage-rose-poudre-en-dentelle-et-soie-sac-originale-pour-mariage\/#breadcrumb","itemListElement":[{"@type":"ListItem","position":1,"name":"Accueil","item":"https:\/\/olgaluxurycreation.com\/"},{"@type":"ListItem","position":2,"name":"Boutique","item":"https:\/\/olgaluxurycreation.com\/boutique\/"},{"@type":"ListItem","position":3,"name":"Pochette Mariage Rose poudre en dentelle et soie Sac originale pour mariage"}]},{"@type":"WebSite","@id":"https:\/\/olgaluxurycreation.com\/#website","url":"https:\/\/olgaluxurycreation.com\/","name":"Olga Luxury Cr\u00e9ation","description":"Sacs en cuir v\u00e9ritable faits main par Olga Luxury Cr\u00e9ation","potentialAction":[{"@type":"SearchAction","target":{"@type":"EntryPoint","urlTemplate":"https:\/\/olgaluxurycreation.com\/?s={search_term_string}"},"query-input":{"@type":"PropertyValueSpecification","valueRequired":true,"valueName":"search_term_string"}}],"inLanguage":"en-GB"}]}},"_links":{"self":[{"href":"https:\/\/olgaluxurycreation.com\/en\/wp-json\/wp\/v2\/product\/1298","targetHints":{"allow":["GET"]}}],"collection":[{"href":"https:\/\/olgaluxurycreation.com\/en\/wp-json\/wp\/v2\/product"}],"about":[{"href":"https:\/\/olgaluxurycreation.com\/en\/wp-json\/wp\/v2\/types\/product"}],"wp:featuredmedia":[{"embeddable":true,"href":"https:\/\/olgaluxurycreation.com\/en\/wp-json\/wp\/v2\/media\/1299"}],"wp:attachment":[{"href":"https:\/\/olgaluxurycreation.com\/en\/wp-json\/wp\/v2\/media?parent=1298"}],"wp:term":[{"taxonomy":"product_brand","embeddable":true,"href":"https:\/\/olgaluxurycreation.com\/en\/wp-json\/wp\/v2\/product_brand?post=1298"},{"taxonomy":"product_cat","embeddable":true,"href":"https:\/\/olgaluxurycreation.com\/en\/wp-json\/wp\/v2\/product_cat?post=1298"},{"taxonomy":"product_tag","embeddable":true,"href":"https:\/\/olgaluxurycreation.com\/en\/wp-json\/wp\/v2\/product_tag?post=1298"}],"curies":[{"name":"wp","href":"https:\/\/api.w.org\/{rel}","templated":true}]}}