{"id":1300,"date":"2025-07-22T23:14:09","date_gmt":"2025-07-22T21:14:09","guid":{"rendered":"https:\/\/olgaluxurycreation.com\/?post_type=product&#038;p=1300"},"modified":"2025-07-22T23:19:54","modified_gmt":"2025-07-22T21:19:54","slug":"sac-de-soiree-et-mariage-en-satin-et-dentelle-rose-peche","status":"publish","type":"product","link":"https:\/\/olgaluxurycreation.com\/en\/product\/sac-de-soiree-et-mariage-en-satin-et-dentelle-rose-peche\/","title":{"rendered":"Sac de Soir\u00e9e et mariage en satin et dentelle Rose p\u00eache"},"content":{"rendered":"<p>D\u00e9couvrez Nos <strong>sacs de soire\u0301e<\/strong> <strong>et Mariage<\/strong> en satin et dentelle <strong>Rose p\u00eache <\/strong>raffine avec fermoir r\u00e9tro. Sac pochette Mariage pour Demoiselle d&rsquo;honneur.<\/p>\n<p>Les mod\u00e8les de ces sacs sont spacieux, avec un grand compartiment. La fermeture de sac est de type \u00e0 clips fermoir r\u00e9tro vintage, finition dor\u00e9e. Nous utilisons uniquement du tissu en soie pour les doublures de tous nos sacs.<\/p>\n<p>&nbsp;<\/p>","protected":false},"excerpt":{"rendered":"<p>Objet essentiel de la marque pour re\u0301ussir vos soire\u0301es de gala et ne pas passer inaperc\u0327u.<br \/>\nIl vous permettra d\u2019allier e\u0301le\u0301gance et style pour rester chic en toutes circonstances. Nos sacs de soire\u0301e uniques sont e\u0301labore\u0301s a\u0300 base de satin, dentelle franc\u0327aise, luxe et haute couture ainsi que du velours et de la soie.<\/p>","protected":false},"featured_media":1303,"template":"","meta":{"_acf_changed":false},"product_brand":[],"product_cat":[186],"product_tag":[201,228,225,226,196,178,230,227,231,229],"class_list":{"0":"post-1300","1":"product","2":"type-product","3":"status-publish","4":"has-post-thumbnail","6":"product_cat-pochette-de-soiree","7":"product_tag-cadeau-pour-mariage","8":"product_tag-clutch","9":"product_tag-objet-essentiel-de-la-marque","10":"product_tag-pochett-mariage-peche","11":"product_tag-robe-maree","12":"product_tag-sac-de-soiree","13":"product_tag-sac-dentelle-mariage","14":"product_tag-sac-en-satin","15":"product_tag-sac-pour-mere-de-maree","16":"product_tag-sac-satin-mariage","18":"first","19":"instock","20":"shipping-taxable","21":"purchasable","22":"product-type-simple"},"acf":[],"yoast_head":"<!-- This site is optimized with the Yoast SEO plugin v24.6 - https:\/\/yoast.com\/wordpress\/plugins\/seo\/ -->\n<title>Sac de Soir\u00e9e et mariage en satin et dentelle Rose p\u00eache - Olga Luxury Cr\u00e9ation<\/title>\n<meta name=\"robots\" content=\"index, follow, max-snippet:-1, max-image-preview:large, max-video-preview:-1\" \/>\n<link rel=\"canonical\" href=\"https:\/\/olgaluxurycreation.com\/en\/product\/sac-de-soiree-et-mariage-en-satin-et-dentelle-rose-peche\/\" \/>\n<meta property=\"og:locale\" content=\"en_GB\" \/>\n<meta property=\"og:type\" content=\"article\" \/>\n<meta property=\"og:title\" content=\"Sac de Soir\u00e9e et mariage en satin et dentelle Rose p\u00eache - Olga Luxury Cr\u00e9ation\" \/>\n<meta property=\"og:description\" content=\"Objet essentiel de la marque pour re\u0301ussir vos soire\u0301es de gala et ne pas passer inaperc\u0327u. Il vous permettra d\u2019allier e\u0301le\u0301gance et style pour rester chic en toutes circonstances. Nos sacs de soire\u0301e uniques sont e\u0301labore\u0301s a\u0300 base de satin, dentelle franc\u0327aise, luxe et haute couture ainsi que du velours et de la soie.\" \/>\n<meta property=\"og:url\" content=\"https:\/\/olgaluxurycreation.com\/en\/product\/sac-de-soiree-et-mariage-en-satin-et-dentelle-rose-peche\/\" \/>\n<meta property=\"og:site_name\" content=\"Olga Luxury Cr\u00e9ation\" \/>\n<meta property=\"article:modified_time\" content=\"2025-07-22T21:19:54+00:00\" \/>\n<meta property=\"og:image\" content=\"https:\/\/olgaluxurycreation.com\/wp-content\/uploads\/2025\/07\/IMG_3541b-1.jpg\" \/>\n\t<meta property=\"og:image:width\" content=\"600\" \/>\n\t<meta property=\"og:image:height\" content=\"900\" \/>\n\t<meta property=\"og:image:type\" content=\"image\/jpeg\" \/>\n<meta name=\"twitter:card\" content=\"summary_large_image\" \/>\n<meta name=\"twitter:label1\" content=\"Estimated reading time\" \/>\n\t<meta name=\"twitter:data1\" content=\"1 minute\" \/>\n<script type=\"application\/ld+json\" class=\"yoast-schema-graph\">{\"@context\":\"https:\/\/schema.org\",\"@graph\":[{\"@type\":\"WebPage\",\"@id\":\"https:\/\/olgaluxurycreation.com\/produit\/sac-de-soiree-et-mariage-en-satin-et-dentelle-rose-peche\/\",\"url\":\"https:\/\/olgaluxurycreation.com\/produit\/sac-de-soiree-et-mariage-en-satin-et-dentelle-rose-peche\/\",\"name\":\"Sac de Soir\u00e9e et mariage en satin et dentelle Rose p\u00eache - Olga Luxury Cr\u00e9ation\",\"isPartOf\":{\"@id\":\"https:\/\/olgaluxurycreation.com\/#website\"},\"primaryImageOfPage\":{\"@id\":\"https:\/\/olgaluxurycreation.com\/produit\/sac-de-soiree-et-mariage-en-satin-et-dentelle-rose-peche\/#primaryimage\"},\"image\":{\"@id\":\"https:\/\/olgaluxurycreation.com\/produit\/sac-de-soiree-et-mariage-en-satin-et-dentelle-rose-peche\/#primaryimage\"},\"thumbnailUrl\":\"https:\/\/olgaluxurycreation.com\/wp-content\/uploads\/2025\/07\/IMG_3541b-1.jpg\",\"datePublished\":\"2025-07-22T21:14:09+00:00\",\"dateModified\":\"2025-07-22T21:19:54+00:00\",\"breadcrumb\":{\"@id\":\"https:\/\/olgaluxurycreation.com\/produit\/sac-de-soiree-et-mariage-en-satin-et-dentelle-rose-peche\/#breadcrumb\"},\"inLanguage\":\"en-GB\",\"potentialAction\":[{\"@type\":\"ReadAction\",\"target\":[\"https:\/\/olgaluxurycreation.com\/produit\/sac-de-soiree-et-mariage-en-satin-et-dentelle-rose-peche\/\"]}]},{\"@type\":\"ImageObject\",\"inLanguage\":\"en-GB\",\"@id\":\"https:\/\/olgaluxurycreation.com\/produit\/sac-de-soiree-et-mariage-en-satin-et-dentelle-rose-peche\/#primaryimage\",\"url\":\"https:\/\/olgaluxurycreation.com\/wp-content\/uploads\/2025\/07\/IMG_3541b-1.jpg\",\"contentUrl\":\"https:\/\/olgaluxurycreation.com\/wp-content\/uploads\/2025\/07\/IMG_3541b-1.jpg\",\"width\":600,\"height\":900},{\"@type\":\"BreadcrumbList\",\"@id\":\"https:\/\/olgaluxurycreation.com\/produit\/sac-de-soiree-et-mariage-en-satin-et-dentelle-rose-peche\/#breadcrumb\",\"itemListElement\":[{\"@type\":\"ListItem\",\"position\":1,\"name\":\"Accueil\",\"item\":\"https:\/\/olgaluxurycreation.com\/\"},{\"@type\":\"ListItem\",\"position\":2,\"name\":\"Boutique\",\"item\":\"https:\/\/olgaluxurycreation.com\/boutique\/\"},{\"@type\":\"ListItem\",\"position\":3,\"name\":\"Sac de Soir\u00e9e et mariage en satin et dentelle Rose p\u00eache\"}]},{\"@type\":\"WebSite\",\"@id\":\"https:\/\/olgaluxurycreation.com\/#website\",\"url\":\"https:\/\/olgaluxurycreation.com\/\",\"name\":\"Olga Luxury Cr\u00e9ation\",\"description\":\"Sacs en cuir v\u00e9ritable faits main par Olga Luxury Cr\u00e9ation\",\"potentialAction\":[{\"@type\":\"SearchAction\",\"target\":{\"@type\":\"EntryPoint\",\"urlTemplate\":\"https:\/\/olgaluxurycreation.com\/?s={search_term_string}\"},\"query-input\":{\"@type\":\"PropertyValueSpecification\",\"valueRequired\":true,\"valueName\":\"search_term_string\"}}],\"inLanguage\":\"en-GB\"}]}<\/script>\n<!-- \/ Yoast SEO plugin. -->","yoast_head_json":{"title":"Sac de Soir\u00e9e et mariage en satin et dentelle Rose p\u00eache - Olga Luxury Cr\u00e9ation","robots":{"index":"index","follow":"follow","max-snippet":"max-snippet:-1","max-image-preview":"max-image-preview:large","max-video-preview":"max-video-preview:-1"},"canonical":"https:\/\/olgaluxurycreation.com\/en\/product\/sac-de-soiree-et-mariage-en-satin-et-dentelle-rose-peche\/","og_locale":"en_GB","og_type":"article","og_title":"Sac de Soir\u00e9e et mariage en satin et dentelle Rose p\u00eache - Olga Luxury Cr\u00e9ation","og_description":"Objet essentiel de la marque pour re\u0301ussir vos soire\u0301es de gala et ne pas passer inaperc\u0327u. Il vous permettra d\u2019allier e\u0301le\u0301gance et style pour rester chic en toutes circonstances. Nos sacs de soire\u0301e uniques sont e\u0301labore\u0301s a\u0300 base de satin, dentelle franc\u0327aise, luxe et haute couture ainsi que du velours et de la soie.","og_url":"https:\/\/olgaluxurycreation.com\/en\/product\/sac-de-soiree-et-mariage-en-satin-et-dentelle-rose-peche\/","og_site_name":"Olga Luxury Cr\u00e9ation","article_modified_time":"2025-07-22T21:19:54+00:00","og_image":[{"width":600,"height":900,"url":"https:\/\/olgaluxurycreation.com\/wp-content\/uploads\/2025\/07\/IMG_3541b-1.jpg","type":"image\/jpeg"}],"twitter_card":"summary_large_image","twitter_misc":{"Estimated reading time":"1 minute"},"schema":{"@context":"https:\/\/schema.org","@graph":[{"@type":"WebPage","@id":"https:\/\/olgaluxurycreation.com\/produit\/sac-de-soiree-et-mariage-en-satin-et-dentelle-rose-peche\/","url":"https:\/\/olgaluxurycreation.com\/produit\/sac-de-soiree-et-mariage-en-satin-et-dentelle-rose-peche\/","name":"Sac de Soir\u00e9e et mariage en satin et dentelle Rose p\u00eache - Olga Luxury Cr\u00e9ation","isPartOf":{"@id":"https:\/\/olgaluxurycreation.com\/#website"},"primaryImageOfPage":{"@id":"https:\/\/olgaluxurycreation.com\/produit\/sac-de-soiree-et-mariage-en-satin-et-dentelle-rose-peche\/#primaryimage"},"image":{"@id":"https:\/\/olgaluxurycreation.com\/produit\/sac-de-soiree-et-mariage-en-satin-et-dentelle-rose-peche\/#primaryimage"},"thumbnailUrl":"https:\/\/olgaluxurycreation.com\/wp-content\/uploads\/2025\/07\/IMG_3541b-1.jpg","datePublished":"2025-07-22T21:14:09+00:00","dateModified":"2025-07-22T21:19:54+00:00","breadcrumb":{"@id":"https:\/\/olgaluxurycreation.com\/produit\/sac-de-soiree-et-mariage-en-satin-et-dentelle-rose-peche\/#breadcrumb"},"inLanguage":"en-GB","potentialAction":[{"@type":"ReadAction","target":["https:\/\/olgaluxurycreation.com\/produit\/sac-de-soiree-et-mariage-en-satin-et-dentelle-rose-peche\/"]}]},{"@type":"ImageObject","inLanguage":"en-GB","@id":"https:\/\/olgaluxurycreation.com\/produit\/sac-de-soiree-et-mariage-en-satin-et-dentelle-rose-peche\/#primaryimage","url":"https:\/\/olgaluxurycreation.com\/wp-content\/uploads\/2025\/07\/IMG_3541b-1.jpg","contentUrl":"https:\/\/olgaluxurycreation.com\/wp-content\/uploads\/2025\/07\/IMG_3541b-1.jpg","width":600,"height":900},{"@type":"BreadcrumbList","@id":"https:\/\/olgaluxurycreation.com\/produit\/sac-de-soiree-et-mariage-en-satin-et-dentelle-rose-peche\/#breadcrumb","itemListElement":[{"@type":"ListItem","position":1,"name":"Accueil","item":"https:\/\/olgaluxurycreation.com\/"},{"@type":"ListItem","position":2,"name":"Boutique","item":"https:\/\/olgaluxurycreation.com\/boutique\/"},{"@type":"ListItem","position":3,"name":"Sac de Soir\u00e9e et mariage en satin et dentelle Rose p\u00eache"}]},{"@type":"WebSite","@id":"https:\/\/olgaluxurycreation.com\/#website","url":"https:\/\/olgaluxurycreation.com\/","name":"Olga Luxury Cr\u00e9ation","description":"Sacs en cuir v\u00e9ritable faits main par Olga Luxury Cr\u00e9ation","potentialAction":[{"@type":"SearchAction","target":{"@type":"EntryPoint","urlTemplate":"https:\/\/olgaluxurycreation.com\/?s={search_term_string}"},"query-input":{"@type":"PropertyValueSpecification","valueRequired":true,"valueName":"search_term_string"}}],"inLanguage":"en-GB"}]}},"_links":{"self":[{"href":"https:\/\/olgaluxurycreation.com\/en\/wp-json\/wp\/v2\/product\/1300","targetHints":{"allow":["GET"]}}],"collection":[{"href":"https:\/\/olgaluxurycreation.com\/en\/wp-json\/wp\/v2\/product"}],"about":[{"href":"https:\/\/olgaluxurycreation.com\/en\/wp-json\/wp\/v2\/types\/product"}],"wp:featuredmedia":[{"embeddable":true,"href":"https:\/\/olgaluxurycreation.com\/en\/wp-json\/wp\/v2\/media\/1303"}],"wp:attachment":[{"href":"https:\/\/olgaluxurycreation.com\/en\/wp-json\/wp\/v2\/media?parent=1300"}],"wp:term":[{"taxonomy":"product_brand","embeddable":true,"href":"https:\/\/olgaluxurycreation.com\/en\/wp-json\/wp\/v2\/product_brand?post=1300"},{"taxonomy":"product_cat","embeddable":true,"href":"https:\/\/olgaluxurycreation.com\/en\/wp-json\/wp\/v2\/product_cat?post=1300"},{"taxonomy":"product_tag","embeddable":true,"href":"https:\/\/olgaluxurycreation.com\/en\/wp-json\/wp\/v2\/product_tag?post=1300"}],"curies":[{"name":"wp","href":"https:\/\/api.w.org\/{rel}","templated":true}]}}