{"id":1304,"date":"2025-07-22T23:28:35","date_gmt":"2025-07-22T21:28:35","guid":{"rendered":"https:\/\/olgaluxurycreation.com\/?post_type=product&#038;p=1304"},"modified":"2025-07-22T23:28:35","modified_gmt":"2025-07-22T21:28:35","slug":"sac-de-soiree-gris-en-soie-et-dentelle-fleurie-pochette-mariage","status":"publish","type":"product","link":"https:\/\/olgaluxurycreation.com\/en\/product\/sac-de-soiree-gris-en-soie-et-dentelle-fleurie-pochette-mariage\/","title":{"rendered":"Sac de Soir\u00e9e gris en soie et dentelle fleurie Pochette Mariage"},"content":{"rendered":"<p>Objet essentiel de la marque <strong>Olgaluxurycreation<\/strong> pour re\u0301ussir vos soire\u0301es de gala et ne pas passer inaperc\u0327u.<br \/>\nIl vous permettra d\u2019allier e\u0301le\u0301gance et style pour rester chic en toutes circonstances. Nos <strong>sacs de soire\u0301e et Mariage<\/strong> uniques sont e\u0301labore\u0301s a\u0300 base de satin, dentelle franc\u0327aise, luxe et haute couture ainsi que du velours et de la soie.<br \/>\nD\u00e9couvrez notre collection de sac de Mariage en Dentelle raffine motif Fleurie avec fermoir r\u00e9tro. Sac Mariage Demoiselle d&rsquo;honneur.<\/p>\n<p>&nbsp;<\/p>","protected":false},"excerpt":{"rendered":"<p>Objet essentiel de la marque Olgaluxurycreation pour re\u0301ussir vos soire\u0301es de gala et ne pas passer inaperc\u0327u. Il vous permettra d\u2019allier e\u0301le\u0301gance et style pour rester chic en toutes circonstances. Nos sacs de soire\u0301e et Mariage uniques sont e\u0301labore\u0301s a\u0300 base de satin, dentelle franc\u0327aise, luxe et haute couture ainsi que du velours et de [&hellip;]<\/p>","protected":false},"featured_media":1305,"template":"","meta":{"_acf_changed":false},"product_brand":[],"product_cat":[186],"product_tag":[161,235,233,236,234,196,80,237,232,224],"class_list":{"0":"post-1304","1":"product","2":"type-product","3":"status-publish","4":"has-post-thumbnail","6":"product_cat-pochette-de-soiree","7":"product_tag-cadeau-pour-elle","8":"product_tag-mere-de-maree","9":"product_tag-pochette-mariage-gris","10":"product_tag-pochette-unique","11":"product_tag-robe-de-soiree","12":"product_tag-robe-maree","13":"product_tag-sac-a-main-femme","14":"product_tag-sac-artisanal","15":"product_tag-sac-de-soiree-gris","16":"product_tag-sac-vintage","18":"first","19":"instock","20":"shipping-taxable","21":"purchasable","22":"product-type-simple"},"acf":[],"yoast_head":"<!-- This site is optimized with the Yoast SEO plugin v24.6 - https:\/\/yoast.com\/wordpress\/plugins\/seo\/ -->\n<title>Sac de Soir\u00e9e gris en soie et dentelle fleurie Pochette Mariage - Olga Luxury Cr\u00e9ation<\/title>\n<meta name=\"description\" content=\"Pochette soir\u00e9e Gris et ivoire en soie et dentelle raffine Sac Pochette Mariage avec fermoir r\u00e9tro Unique\" \/>\n<meta name=\"robots\" content=\"index, follow, max-snippet:-1, max-image-preview:large, max-video-preview:-1\" \/>\n<link rel=\"canonical\" href=\"https:\/\/olgaluxurycreation.com\/en\/product\/sac-de-soiree-gris-en-soie-et-dentelle-fleurie-pochette-mariage\/\" \/>\n<meta property=\"og:locale\" content=\"en_GB\" \/>\n<meta property=\"og:type\" content=\"article\" \/>\n<meta property=\"og:title\" content=\"Sac de Soir\u00e9e gris en soie et dentelle fleurie Pochette Mariage - Olga Luxury Cr\u00e9ation\" \/>\n<meta property=\"og:description\" content=\"Pochette soir\u00e9e Gris et ivoire en soie et dentelle raffine Sac Pochette Mariage avec fermoir r\u00e9tro Unique\" \/>\n<meta property=\"og:url\" content=\"https:\/\/olgaluxurycreation.com\/en\/product\/sac-de-soiree-gris-en-soie-et-dentelle-fleurie-pochette-mariage\/\" \/>\n<meta property=\"og:site_name\" content=\"Olga Luxury Cr\u00e9ation\" \/>\n<meta property=\"og:image\" content=\"https:\/\/olgaluxurycreation.com\/wp-content\/uploads\/2025\/07\/IMG_7937b.jpg\" \/>\n\t<meta property=\"og:image:width\" content=\"600\" \/>\n\t<meta property=\"og:image:height\" content=\"900\" \/>\n\t<meta property=\"og:image:type\" content=\"image\/jpeg\" \/>\n<meta name=\"twitter:card\" content=\"summary_large_image\" \/>\n<meta name=\"twitter:label1\" content=\"Estimated reading time\" \/>\n\t<meta name=\"twitter:data1\" content=\"1 minute\" \/>\n<script type=\"application\/ld+json\" class=\"yoast-schema-graph\">{\"@context\":\"https:\/\/schema.org\",\"@graph\":[{\"@type\":\"WebPage\",\"@id\":\"https:\/\/olgaluxurycreation.com\/produit\/sac-de-soiree-gris-en-soie-et-dentelle-fleurie-pochette-mariage\/\",\"url\":\"https:\/\/olgaluxurycreation.com\/produit\/sac-de-soiree-gris-en-soie-et-dentelle-fleurie-pochette-mariage\/\",\"name\":\"Sac de Soir\u00e9e gris en soie et dentelle fleurie Pochette Mariage - Olga Luxury Cr\u00e9ation\",\"isPartOf\":{\"@id\":\"https:\/\/olgaluxurycreation.com\/#website\"},\"primaryImageOfPage\":{\"@id\":\"https:\/\/olgaluxurycreation.com\/produit\/sac-de-soiree-gris-en-soie-et-dentelle-fleurie-pochette-mariage\/#primaryimage\"},\"image\":{\"@id\":\"https:\/\/olgaluxurycreation.com\/produit\/sac-de-soiree-gris-en-soie-et-dentelle-fleurie-pochette-mariage\/#primaryimage\"},\"thumbnailUrl\":\"https:\/\/olgaluxurycreation.com\/wp-content\/uploads\/2025\/07\/IMG_7937b.jpg\",\"datePublished\":\"2025-07-22T21:28:35+00:00\",\"description\":\"Pochette soir\u00e9e Gris et ivoire en soie et dentelle raffine Sac Pochette Mariage avec fermoir r\u00e9tro Unique\",\"breadcrumb\":{\"@id\":\"https:\/\/olgaluxurycreation.com\/produit\/sac-de-soiree-gris-en-soie-et-dentelle-fleurie-pochette-mariage\/#breadcrumb\"},\"inLanguage\":\"en-GB\",\"potentialAction\":[{\"@type\":\"ReadAction\",\"target\":[\"https:\/\/olgaluxurycreation.com\/produit\/sac-de-soiree-gris-en-soie-et-dentelle-fleurie-pochette-mariage\/\"]}]},{\"@type\":\"ImageObject\",\"inLanguage\":\"en-GB\",\"@id\":\"https:\/\/olgaluxurycreation.com\/produit\/sac-de-soiree-gris-en-soie-et-dentelle-fleurie-pochette-mariage\/#primaryimage\",\"url\":\"https:\/\/olgaluxurycreation.com\/wp-content\/uploads\/2025\/07\/IMG_7937b.jpg\",\"contentUrl\":\"https:\/\/olgaluxurycreation.com\/wp-content\/uploads\/2025\/07\/IMG_7937b.jpg\",\"width\":600,\"height\":900,\"caption\":\"Sac de Soir\u00e9e et Mariage en soie gris\"},{\"@type\":\"BreadcrumbList\",\"@id\":\"https:\/\/olgaluxurycreation.com\/produit\/sac-de-soiree-gris-en-soie-et-dentelle-fleurie-pochette-mariage\/#breadcrumb\",\"itemListElement\":[{\"@type\":\"ListItem\",\"position\":1,\"name\":\"Accueil\",\"item\":\"https:\/\/olgaluxurycreation.com\/\"},{\"@type\":\"ListItem\",\"position\":2,\"name\":\"Boutique\",\"item\":\"https:\/\/olgaluxurycreation.com\/boutique\/\"},{\"@type\":\"ListItem\",\"position\":3,\"name\":\"Sac de Soir\u00e9e gris en soie et dentelle fleurie Pochette Mariage\"}]},{\"@type\":\"WebSite\",\"@id\":\"https:\/\/olgaluxurycreation.com\/#website\",\"url\":\"https:\/\/olgaluxurycreation.com\/\",\"name\":\"Olga Luxury Cr\u00e9ation\",\"description\":\"Sacs en cuir v\u00e9ritable faits main par Olga Luxury Cr\u00e9ation\",\"potentialAction\":[{\"@type\":\"SearchAction\",\"target\":{\"@type\":\"EntryPoint\",\"urlTemplate\":\"https:\/\/olgaluxurycreation.com\/?s={search_term_string}\"},\"query-input\":{\"@type\":\"PropertyValueSpecification\",\"valueRequired\":true,\"valueName\":\"search_term_string\"}}],\"inLanguage\":\"en-GB\"}]}<\/script>\n<!-- \/ Yoast SEO plugin. -->","yoast_head_json":{"title":"Sac de Soir\u00e9e gris en soie et dentelle fleurie Pochette Mariage - Olga Luxury Cr\u00e9ation","description":"Pochette soir\u00e9e Gris et ivoire en soie et dentelle raffine Sac Pochette Mariage avec fermoir r\u00e9tro Unique","robots":{"index":"index","follow":"follow","max-snippet":"max-snippet:-1","max-image-preview":"max-image-preview:large","max-video-preview":"max-video-preview:-1"},"canonical":"https:\/\/olgaluxurycreation.com\/en\/product\/sac-de-soiree-gris-en-soie-et-dentelle-fleurie-pochette-mariage\/","og_locale":"en_GB","og_type":"article","og_title":"Sac de Soir\u00e9e gris en soie et dentelle fleurie Pochette Mariage - Olga Luxury Cr\u00e9ation","og_description":"Pochette soir\u00e9e Gris et ivoire en soie et dentelle raffine Sac Pochette Mariage avec fermoir r\u00e9tro Unique","og_url":"https:\/\/olgaluxurycreation.com\/en\/product\/sac-de-soiree-gris-en-soie-et-dentelle-fleurie-pochette-mariage\/","og_site_name":"Olga Luxury Cr\u00e9ation","og_image":[{"width":600,"height":900,"url":"https:\/\/olgaluxurycreation.com\/wp-content\/uploads\/2025\/07\/IMG_7937b.jpg","type":"image\/jpeg"}],"twitter_card":"summary_large_image","twitter_misc":{"Estimated reading time":"1 minute"},"schema":{"@context":"https:\/\/schema.org","@graph":[{"@type":"WebPage","@id":"https:\/\/olgaluxurycreation.com\/produit\/sac-de-soiree-gris-en-soie-et-dentelle-fleurie-pochette-mariage\/","url":"https:\/\/olgaluxurycreation.com\/produit\/sac-de-soiree-gris-en-soie-et-dentelle-fleurie-pochette-mariage\/","name":"Sac de Soir\u00e9e gris en soie et dentelle fleurie Pochette Mariage - Olga Luxury Cr\u00e9ation","isPartOf":{"@id":"https:\/\/olgaluxurycreation.com\/#website"},"primaryImageOfPage":{"@id":"https:\/\/olgaluxurycreation.com\/produit\/sac-de-soiree-gris-en-soie-et-dentelle-fleurie-pochette-mariage\/#primaryimage"},"image":{"@id":"https:\/\/olgaluxurycreation.com\/produit\/sac-de-soiree-gris-en-soie-et-dentelle-fleurie-pochette-mariage\/#primaryimage"},"thumbnailUrl":"https:\/\/olgaluxurycreation.com\/wp-content\/uploads\/2025\/07\/IMG_7937b.jpg","datePublished":"2025-07-22T21:28:35+00:00","description":"Pochette soir\u00e9e Gris et ivoire en soie et dentelle raffine Sac Pochette Mariage avec fermoir r\u00e9tro Unique","breadcrumb":{"@id":"https:\/\/olgaluxurycreation.com\/produit\/sac-de-soiree-gris-en-soie-et-dentelle-fleurie-pochette-mariage\/#breadcrumb"},"inLanguage":"en-GB","potentialAction":[{"@type":"ReadAction","target":["https:\/\/olgaluxurycreation.com\/produit\/sac-de-soiree-gris-en-soie-et-dentelle-fleurie-pochette-mariage\/"]}]},{"@type":"ImageObject","inLanguage":"en-GB","@id":"https:\/\/olgaluxurycreation.com\/produit\/sac-de-soiree-gris-en-soie-et-dentelle-fleurie-pochette-mariage\/#primaryimage","url":"https:\/\/olgaluxurycreation.com\/wp-content\/uploads\/2025\/07\/IMG_7937b.jpg","contentUrl":"https:\/\/olgaluxurycreation.com\/wp-content\/uploads\/2025\/07\/IMG_7937b.jpg","width":600,"height":900,"caption":"Sac de Soir\u00e9e et Mariage en soie gris"},{"@type":"BreadcrumbList","@id":"https:\/\/olgaluxurycreation.com\/produit\/sac-de-soiree-gris-en-soie-et-dentelle-fleurie-pochette-mariage\/#breadcrumb","itemListElement":[{"@type":"ListItem","position":1,"name":"Accueil","item":"https:\/\/olgaluxurycreation.com\/"},{"@type":"ListItem","position":2,"name":"Boutique","item":"https:\/\/olgaluxurycreation.com\/boutique\/"},{"@type":"ListItem","position":3,"name":"Sac de Soir\u00e9e gris en soie et dentelle fleurie Pochette Mariage"}]},{"@type":"WebSite","@id":"https:\/\/olgaluxurycreation.com\/#website","url":"https:\/\/olgaluxurycreation.com\/","name":"Olga Luxury Cr\u00e9ation","description":"Sacs en cuir v\u00e9ritable faits main par Olga Luxury Cr\u00e9ation","potentialAction":[{"@type":"SearchAction","target":{"@type":"EntryPoint","urlTemplate":"https:\/\/olgaluxurycreation.com\/?s={search_term_string}"},"query-input":{"@type":"PropertyValueSpecification","valueRequired":true,"valueName":"search_term_string"}}],"inLanguage":"en-GB"}]}},"_links":{"self":[{"href":"https:\/\/olgaluxurycreation.com\/en\/wp-json\/wp\/v2\/product\/1304","targetHints":{"allow":["GET"]}}],"collection":[{"href":"https:\/\/olgaluxurycreation.com\/en\/wp-json\/wp\/v2\/product"}],"about":[{"href":"https:\/\/olgaluxurycreation.com\/en\/wp-json\/wp\/v2\/types\/product"}],"wp:featuredmedia":[{"embeddable":true,"href":"https:\/\/olgaluxurycreation.com\/en\/wp-json\/wp\/v2\/media\/1305"}],"wp:attachment":[{"href":"https:\/\/olgaluxurycreation.com\/en\/wp-json\/wp\/v2\/media?parent=1304"}],"wp:term":[{"taxonomy":"product_brand","embeddable":true,"href":"https:\/\/olgaluxurycreation.com\/en\/wp-json\/wp\/v2\/product_brand?post=1304"},{"taxonomy":"product_cat","embeddable":true,"href":"https:\/\/olgaluxurycreation.com\/en\/wp-json\/wp\/v2\/product_cat?post=1304"},{"taxonomy":"product_tag","embeddable":true,"href":"https:\/\/olgaluxurycreation.com\/en\/wp-json\/wp\/v2\/product_tag?post=1304"}],"curies":[{"name":"wp","href":"https:\/\/api.w.org\/{rel}","templated":true}]}}