{"id":698,"date":"2024-07-24T15:07:57","date_gmt":"2024-07-24T13:07:57","guid":{"rendered":"https:\/\/olgaluxurycreation.com\/?post_type=product&#038;p=698"},"modified":"2024-12-09T22:32:07","modified_gmt":"2024-12-09T21:32:07","slug":"sac-a-main-kaki-en-cuir","status":"publish","type":"product","link":"https:\/\/olgaluxurycreation.com\/en\/product\/sac-a-main-kaki-en-cuir\/","title":{"rendered":"Sac \u00e0 main en cuir kaki vert avec anse Noir et finition dor\u00e9"},"content":{"rendered":"<div class=\"flex max-w-full flex-col flex-grow\">\n<div class=\"min-h-[20px] text-message flex w-full flex-col items-end gap-2 break-words [.text-message+&amp;]:mt-5 overflow-x-auto whitespace-normal\" dir=\"auto\" data-message-author-role=\"assistant\" data-message-id=\"eae7cda9-615e-49ec-8837-353334857d5d\">\n<div class=\"flex w-full flex-col gap-1 empty:hidden first:pt-[3px]\">\n<div class=\"markdown prose w-full break-words dark:prose-invert light\">\n<p>Our genuine khaki leather bags are unique pieces, made with exceptional precision. The leather is carefully selected from local suppliers, guaranteeing impeccable quality. Each bag is crafted with meticulous attention to detail, resulting in truly unique creations.<\/p>\n<p>This trendy yet classic khaki leather handbag is ideal for everyday use. Combining elegance and comfort, it allows you to stand out with a piece of high craftsmanship. We're committed to innovative designs to offer the best quality and a wide selection of bags, tailored to your preferences in terms of size, colour and texture. This bag will enrich and sublimate your style while meeting your everyday needs.<\/p>\n<\/div>\n<\/div>\n<\/div>\n<\/div>","protected":false},"excerpt":{"rendered":"<p>Discover our khaki leather handbag, a unique creation that embodies luxury and elegance. This tote bag, made in France, is easy to carry on the shoulder and adds a sophisticated touch to any outfit. A perfect gift, combining exceptional quality and exclusive design.<\/p>","protected":false},"featured_media":745,"template":"","meta":{"_acf_changed":false},"product_brand":[],"product_cat":[20],"product_tag":[163,159,161,162,160,64,158,80,164],"class_list":{"0":"post-698","1":"product","2":"type-product","3":"status-publish","4":"has-post-thumbnail","6":"product_cat-non-classe","7":"product_tag-anniversaire-femme","8":"product_tag-cabas-en-cuir","9":"product_tag-cadeau-pour-elle","10":"product_tag-caeau-pour-femme","11":"product_tag-kaki-vert","12":"product_tag-olgaluxurycreation","13":"product_tag-sa-en-cuir-souple","14":"product_tag-sac-a-main-femme","15":"product_tag-sac-cuir-de-luxe","17":"first","18":"instock","19":"shipping-taxable","20":"purchasable","21":"product-type-simple"},"acf":[],"yoast_head":"<!-- This site is optimized with the Yoast SEO plugin v24.6 - https:\/\/yoast.com\/wordpress\/plugins\/seo\/ -->\n<title>Sac \u00e0 main en cuir kaki vert avec anse Noir et finition dor\u00e9 - Olga Luxury Cr\u00e9ation<\/title>\n<meta name=\"description\" content=\"Sac Hobo cuir souple de Luxe avec finition dor\u00e9 sac \u00e0 main femme, Cadeau pour elle, cabas en cuir kaki vert femme shoulder bag with golden hardware\" \/>\n<meta name=\"robots\" content=\"index, follow, max-snippet:-1, max-image-preview:large, max-video-preview:-1\" \/>\n<link rel=\"canonical\" href=\"https:\/\/olgaluxurycreation.com\/en\/product\/sac-a-main-kaki-en-cuir\/\" \/>\n<meta property=\"og:locale\" content=\"en_GB\" \/>\n<meta property=\"og:type\" content=\"article\" \/>\n<meta property=\"og:title\" content=\"Sac \u00e0 main en cuir kaki vert avec anse Noir et finition dor\u00e9 - Olga Luxury Cr\u00e9ation\" \/>\n<meta property=\"og:description\" content=\"Sac Hobo cuir souple de Luxe avec finition dor\u00e9 sac \u00e0 main femme, Cadeau pour elle, cabas en cuir kaki vert femme shoulder bag with golden hardware\" \/>\n<meta property=\"og:url\" content=\"https:\/\/olgaluxurycreation.com\/en\/product\/sac-a-main-kaki-en-cuir\/\" \/>\n<meta property=\"og:site_name\" content=\"Olga Luxury Cr\u00e9ation\" \/>\n<meta property=\"article:modified_time\" content=\"2024-12-09T21:32:07+00:00\" \/>\n<meta property=\"og:image\" content=\"https:\/\/olgaluxurycreation.com\/wp-content\/uploads\/2024\/07\/olga-SacCuir-kaki.jpg\" \/>\n\t<meta property=\"og:image:width\" content=\"427\" \/>\n\t<meta property=\"og:image:height\" content=\"640\" \/>\n\t<meta property=\"og:image:type\" content=\"image\/jpeg\" \/>\n<meta name=\"twitter:card\" content=\"summary_large_image\" \/>\n<meta name=\"twitter:label1\" content=\"Estimated reading time\" \/>\n\t<meta name=\"twitter:data1\" content=\"1 minute\" \/>\n<script type=\"application\/ld+json\" class=\"yoast-schema-graph\">{\"@context\":\"https:\/\/schema.org\",\"@graph\":[{\"@type\":\"WebPage\",\"@id\":\"https:\/\/olgaluxurycreation.com\/produit\/sac-a-main-kaki-en-cuir\/\",\"url\":\"https:\/\/olgaluxurycreation.com\/produit\/sac-a-main-kaki-en-cuir\/\",\"name\":\"Sac \u00e0 main en cuir kaki vert avec anse Noir et finition dor\u00e9 - Olga Luxury Cr\u00e9ation\",\"isPartOf\":{\"@id\":\"https:\/\/olgaluxurycreation.com\/#website\"},\"primaryImageOfPage\":{\"@id\":\"https:\/\/olgaluxurycreation.com\/produit\/sac-a-main-kaki-en-cuir\/#primaryimage\"},\"image\":{\"@id\":\"https:\/\/olgaluxurycreation.com\/produit\/sac-a-main-kaki-en-cuir\/#primaryimage\"},\"thumbnailUrl\":\"https:\/\/olgaluxurycreation.com\/wp-content\/uploads\/2024\/07\/olga-SacCuir-kaki.jpg\",\"datePublished\":\"2024-07-24T13:07:57+00:00\",\"dateModified\":\"2024-12-09T21:32:07+00:00\",\"description\":\"Sac Hobo cuir souple de Luxe avec finition dor\u00e9 sac \u00e0 main femme, Cadeau pour elle, cabas en cuir kaki vert femme shoulder bag with golden hardware\",\"breadcrumb\":{\"@id\":\"https:\/\/olgaluxurycreation.com\/produit\/sac-a-main-kaki-en-cuir\/#breadcrumb\"},\"inLanguage\":\"en-GB\",\"potentialAction\":[{\"@type\":\"ReadAction\",\"target\":[\"https:\/\/olgaluxurycreation.com\/produit\/sac-a-main-kaki-en-cuir\/\"]}]},{\"@type\":\"ImageObject\",\"inLanguage\":\"en-GB\",\"@id\":\"https:\/\/olgaluxurycreation.com\/produit\/sac-a-main-kaki-en-cuir\/#primaryimage\",\"url\":\"https:\/\/olgaluxurycreation.com\/wp-content\/uploads\/2024\/07\/olga-SacCuir-kaki.jpg\",\"contentUrl\":\"https:\/\/olgaluxurycreation.com\/wp-content\/uploads\/2024\/07\/olga-SacCuir-kaki.jpg\",\"width\":427,\"height\":640},{\"@type\":\"BreadcrumbList\",\"@id\":\"https:\/\/olgaluxurycreation.com\/produit\/sac-a-main-kaki-en-cuir\/#breadcrumb\",\"itemListElement\":[{\"@type\":\"ListItem\",\"position\":1,\"name\":\"Accueil\",\"item\":\"https:\/\/olgaluxurycreation.com\/\"},{\"@type\":\"ListItem\",\"position\":2,\"name\":\"Boutique\",\"item\":\"https:\/\/olgaluxurycreation.com\/boutique\/\"},{\"@type\":\"ListItem\",\"position\":3,\"name\":\"Sac \u00e0 main en cuir kaki vert avec anse Noir et finition dor\u00e9\"}]},{\"@type\":\"WebSite\",\"@id\":\"https:\/\/olgaluxurycreation.com\/#website\",\"url\":\"https:\/\/olgaluxurycreation.com\/\",\"name\":\"Olga Luxury Cr\u00e9ation\",\"description\":\"Sacs en cuir v\u00e9ritable faits main par Olga Luxury Cr\u00e9ation\",\"potentialAction\":[{\"@type\":\"SearchAction\",\"target\":{\"@type\":\"EntryPoint\",\"urlTemplate\":\"https:\/\/olgaluxurycreation.com\/?s={search_term_string}\"},\"query-input\":{\"@type\":\"PropertyValueSpecification\",\"valueRequired\":true,\"valueName\":\"search_term_string\"}}],\"inLanguage\":\"en-GB\"}]}<\/script>\n<!-- \/ Yoast SEO plugin. -->","yoast_head_json":{"title":"Sac \u00e0 main en cuir kaki vert avec anse Noir et finition dor\u00e9 - Olga Luxury Cr\u00e9ation","description":"Sac Hobo cuir souple de Luxe avec finition dor\u00e9 sac \u00e0 main femme, Cadeau pour elle, cabas en cuir kaki vert femme shoulder bag with golden hardware","robots":{"index":"index","follow":"follow","max-snippet":"max-snippet:-1","max-image-preview":"max-image-preview:large","max-video-preview":"max-video-preview:-1"},"canonical":"https:\/\/olgaluxurycreation.com\/en\/product\/sac-a-main-kaki-en-cuir\/","og_locale":"en_GB","og_type":"article","og_title":"Sac \u00e0 main en cuir kaki vert avec anse Noir et finition dor\u00e9 - Olga Luxury Cr\u00e9ation","og_description":"Sac Hobo cuir souple de Luxe avec finition dor\u00e9 sac \u00e0 main femme, Cadeau pour elle, cabas en cuir kaki vert femme shoulder bag with golden hardware","og_url":"https:\/\/olgaluxurycreation.com\/en\/product\/sac-a-main-kaki-en-cuir\/","og_site_name":"Olga Luxury Cr\u00e9ation","article_modified_time":"2024-12-09T21:32:07+00:00","og_image":[{"width":427,"height":640,"url":"https:\/\/olgaluxurycreation.com\/wp-content\/uploads\/2024\/07\/olga-SacCuir-kaki.jpg","type":"image\/jpeg"}],"twitter_card":"summary_large_image","twitter_misc":{"Estimated reading time":"1 minute"},"schema":{"@context":"https:\/\/schema.org","@graph":[{"@type":"WebPage","@id":"https:\/\/olgaluxurycreation.com\/produit\/sac-a-main-kaki-en-cuir\/","url":"https:\/\/olgaluxurycreation.com\/produit\/sac-a-main-kaki-en-cuir\/","name":"Sac \u00e0 main en cuir kaki vert avec anse Noir et finition dor\u00e9 - Olga Luxury Cr\u00e9ation","isPartOf":{"@id":"https:\/\/olgaluxurycreation.com\/#website"},"primaryImageOfPage":{"@id":"https:\/\/olgaluxurycreation.com\/produit\/sac-a-main-kaki-en-cuir\/#primaryimage"},"image":{"@id":"https:\/\/olgaluxurycreation.com\/produit\/sac-a-main-kaki-en-cuir\/#primaryimage"},"thumbnailUrl":"https:\/\/olgaluxurycreation.com\/wp-content\/uploads\/2024\/07\/olga-SacCuir-kaki.jpg","datePublished":"2024-07-24T13:07:57+00:00","dateModified":"2024-12-09T21:32:07+00:00","description":"Sac Hobo cuir souple de Luxe avec finition dor\u00e9 sac \u00e0 main femme, Cadeau pour elle, cabas en cuir kaki vert femme shoulder bag with golden hardware","breadcrumb":{"@id":"https:\/\/olgaluxurycreation.com\/produit\/sac-a-main-kaki-en-cuir\/#breadcrumb"},"inLanguage":"en-GB","potentialAction":[{"@type":"ReadAction","target":["https:\/\/olgaluxurycreation.com\/produit\/sac-a-main-kaki-en-cuir\/"]}]},{"@type":"ImageObject","inLanguage":"en-GB","@id":"https:\/\/olgaluxurycreation.com\/produit\/sac-a-main-kaki-en-cuir\/#primaryimage","url":"https:\/\/olgaluxurycreation.com\/wp-content\/uploads\/2024\/07\/olga-SacCuir-kaki.jpg","contentUrl":"https:\/\/olgaluxurycreation.com\/wp-content\/uploads\/2024\/07\/olga-SacCuir-kaki.jpg","width":427,"height":640},{"@type":"BreadcrumbList","@id":"https:\/\/olgaluxurycreation.com\/produit\/sac-a-main-kaki-en-cuir\/#breadcrumb","itemListElement":[{"@type":"ListItem","position":1,"name":"Accueil","item":"https:\/\/olgaluxurycreation.com\/"},{"@type":"ListItem","position":2,"name":"Boutique","item":"https:\/\/olgaluxurycreation.com\/boutique\/"},{"@type":"ListItem","position":3,"name":"Sac \u00e0 main en cuir kaki vert avec anse Noir et finition dor\u00e9"}]},{"@type":"WebSite","@id":"https:\/\/olgaluxurycreation.com\/#website","url":"https:\/\/olgaluxurycreation.com\/","name":"Olga Luxury Cr\u00e9ation","description":"Sacs en cuir v\u00e9ritable faits main par Olga Luxury Cr\u00e9ation","potentialAction":[{"@type":"SearchAction","target":{"@type":"EntryPoint","urlTemplate":"https:\/\/olgaluxurycreation.com\/?s={search_term_string}"},"query-input":{"@type":"PropertyValueSpecification","valueRequired":true,"valueName":"search_term_string"}}],"inLanguage":"en-GB"}]}},"_links":{"self":[{"href":"https:\/\/olgaluxurycreation.com\/en\/wp-json\/wp\/v2\/product\/698","targetHints":{"allow":["GET"]}}],"collection":[{"href":"https:\/\/olgaluxurycreation.com\/en\/wp-json\/wp\/v2\/product"}],"about":[{"href":"https:\/\/olgaluxurycreation.com\/en\/wp-json\/wp\/v2\/types\/product"}],"wp:featuredmedia":[{"embeddable":true,"href":"https:\/\/olgaluxurycreation.com\/en\/wp-json\/wp\/v2\/media\/745"}],"wp:attachment":[{"href":"https:\/\/olgaluxurycreation.com\/en\/wp-json\/wp\/v2\/media?parent=698"}],"wp:term":[{"taxonomy":"product_brand","embeddable":true,"href":"https:\/\/olgaluxurycreation.com\/en\/wp-json\/wp\/v2\/product_brand?post=698"},{"taxonomy":"product_cat","embeddable":true,"href":"https:\/\/olgaluxurycreation.com\/en\/wp-json\/wp\/v2\/product_cat?post=698"},{"taxonomy":"product_tag","embeddable":true,"href":"https:\/\/olgaluxurycreation.com\/en\/wp-json\/wp\/v2\/product_tag?post=698"}],"curies":[{"name":"wp","href":"https:\/\/api.w.org\/{rel}","templated":true}]}}