{"id":700,"date":"2024-07-24T15:18:45","date_gmt":"2024-07-24T13:18:45","guid":{"rendered":"https:\/\/olgaluxurycreation.com\/?post_type=product&#038;p=700"},"modified":"2024-11-27T00:22:33","modified_gmt":"2024-11-26T23:22:33","slug":"sac-a-main-noir-et-marron-en-cuir","status":"publish","type":"product","link":"https:\/\/olgaluxurycreation.com\/en\/product\/sac-a-main-noir-et-marron-en-cuir\/","title":{"rendered":"Sac cuir Noir et marron design unique style Hobo anse torsade"},"content":{"rendered":"<p>D\u00e9couvrez notre <em><strong>sac cuir Noir et Marron<\/strong><\/em> de luxe, id\u00e9al pour votre quotidien. Alliant \u00e9l\u00e9gance et confort, ce sac vous permet de vous distinguer avec une pi\u00e8ce unique de haut savoir-faire. Chaque sac est une cr\u00e9ation exceptionnelle, reflet de notre engagement envers la qualit\u00e9 et l\u2019innovation.<\/p>\n<p>We're always looking for new designs, so we can offer you a varied selection of sizes, colours and textures. This bag is essential for transporting your various objects and accessories with sophistication.<\/p>","protected":false},"excerpt":{"rendered":"<p>Discover our leather handbag, designed by a designer with an original approach. This black and brown bag, with its colourblock patchwork style, can be worn elegantly on the shoulder.<\/p>","protected":false},"featured_media":741,"template":"","meta":{"_acf_changed":false},"product_brand":[],"product_cat":[20],"product_tag":[110,116,111,113,104,46,109,115,114,112],"class_list":{"0":"post-700","1":"product","2":"type-product","3":"status-publish","4":"has-post-thumbnail","6":"product_cat-non-classe","7":"product_tag-black-leather-hobo-bag","8":"product_tag-brown-and-black","9":"product_tag-brown-leather-handbag","10":"product_tag-design-unique","11":"product_tag-gift-for-her","12":"product_tag-patchwork-bag","13":"product_tag-sac-cuir-noir-et-marron-design-unique","14":"product_tag-shoulder-bag","15":"product_tag-soft-leather-handbag","16":"product_tag-trendy-fall-winter-bag","18":"first","19":"instock","20":"shipping-taxable","21":"purchasable","22":"product-type-simple"},"acf":[],"yoast_head":"<!-- This site is optimized with the Yoast SEO plugin v24.6 - https:\/\/yoast.com\/wordpress\/plugins\/seo\/ -->\n<title>Sac cuir Noir et marron design unique style Hobo anse torsade - Olga Luxury Cr\u00e9ation<\/title>\n<meta name=\"robots\" content=\"index, follow, max-snippet:-1, max-image-preview:large, max-video-preview:-1\" \/>\n<link rel=\"canonical\" href=\"https:\/\/olgaluxurycreation.com\/en\/product\/sac-a-main-noir-et-marron-en-cuir\/\" \/>\n<meta property=\"og:locale\" content=\"en_GB\" \/>\n<meta property=\"og:type\" content=\"article\" \/>\n<meta property=\"og:title\" content=\"Sac cuir Noir et marron design unique style Hobo anse torsade - Olga Luxury Cr\u00e9ation\" \/>\n<meta property=\"og:description\" content=\"D\u00e9couvrez notre sac \u00e0 main en cuir, con\u00e7u par un designer avec une approche originale. Ce sac noir et marron, au style patchwork colorblock, se porte \u00e9l\u00e9gamment \u00e0 l&#039;\u00e9paule.\" \/>\n<meta property=\"og:url\" content=\"https:\/\/olgaluxurycreation.com\/en\/product\/sac-a-main-noir-et-marron-en-cuir\/\" \/>\n<meta property=\"og:site_name\" content=\"Olga Luxury Cr\u00e9ation\" \/>\n<meta property=\"article:modified_time\" content=\"2024-11-26T23:22:33+00:00\" \/>\n<meta property=\"og:image\" content=\"https:\/\/olgaluxurycreation.com\/wp-content\/uploads\/2024\/07\/olga-sacCuir-NoirMarron.jpg\" \/>\n\t<meta property=\"og:image:width\" content=\"427\" \/>\n\t<meta property=\"og:image:height\" content=\"640\" \/>\n\t<meta property=\"og:image:type\" content=\"image\/jpeg\" \/>\n<meta name=\"twitter:card\" content=\"summary_large_image\" \/>\n<meta name=\"twitter:label1\" content=\"Estimated reading time\" \/>\n\t<meta name=\"twitter:data1\" content=\"1 minute\" \/>\n<script type=\"application\/ld+json\" class=\"yoast-schema-graph\">{\"@context\":\"https:\/\/schema.org\",\"@graph\":[{\"@type\":\"WebPage\",\"@id\":\"https:\/\/olgaluxurycreation.com\/produit\/sac-a-main-noir-et-marron-en-cuir\/\",\"url\":\"https:\/\/olgaluxurycreation.com\/produit\/sac-a-main-noir-et-marron-en-cuir\/\",\"name\":\"Sac cuir Noir et marron design unique style Hobo anse torsade - Olga Luxury Cr\u00e9ation\",\"isPartOf\":{\"@id\":\"https:\/\/olgaluxurycreation.com\/#website\"},\"primaryImageOfPage\":{\"@id\":\"https:\/\/olgaluxurycreation.com\/produit\/sac-a-main-noir-et-marron-en-cuir\/#primaryimage\"},\"image\":{\"@id\":\"https:\/\/olgaluxurycreation.com\/produit\/sac-a-main-noir-et-marron-en-cuir\/#primaryimage\"},\"thumbnailUrl\":\"https:\/\/olgaluxurycreation.com\/wp-content\/uploads\/2024\/07\/olga-sacCuir-NoirMarron.jpg\",\"datePublished\":\"2024-07-24T13:18:45+00:00\",\"dateModified\":\"2024-11-26T23:22:33+00:00\",\"breadcrumb\":{\"@id\":\"https:\/\/olgaluxurycreation.com\/produit\/sac-a-main-noir-et-marron-en-cuir\/#breadcrumb\"},\"inLanguage\":\"en-GB\",\"potentialAction\":[{\"@type\":\"ReadAction\",\"target\":[\"https:\/\/olgaluxurycreation.com\/produit\/sac-a-main-noir-et-marron-en-cuir\/\"]}]},{\"@type\":\"ImageObject\",\"inLanguage\":\"en-GB\",\"@id\":\"https:\/\/olgaluxurycreation.com\/produit\/sac-a-main-noir-et-marron-en-cuir\/#primaryimage\",\"url\":\"https:\/\/olgaluxurycreation.com\/wp-content\/uploads\/2024\/07\/olga-sacCuir-NoirMarron.jpg\",\"contentUrl\":\"https:\/\/olgaluxurycreation.com\/wp-content\/uploads\/2024\/07\/olga-sacCuir-NoirMarron.jpg\",\"width\":427,\"height\":640},{\"@type\":\"BreadcrumbList\",\"@id\":\"https:\/\/olgaluxurycreation.com\/produit\/sac-a-main-noir-et-marron-en-cuir\/#breadcrumb\",\"itemListElement\":[{\"@type\":\"ListItem\",\"position\":1,\"name\":\"Accueil\",\"item\":\"https:\/\/olgaluxurycreation.com\/\"},{\"@type\":\"ListItem\",\"position\":2,\"name\":\"Boutique\",\"item\":\"https:\/\/olgaluxurycreation.com\/boutique\/\"},{\"@type\":\"ListItem\",\"position\":3,\"name\":\"Sac cuir Noir et marron design unique style Hobo anse torsade\"}]},{\"@type\":\"WebSite\",\"@id\":\"https:\/\/olgaluxurycreation.com\/#website\",\"url\":\"https:\/\/olgaluxurycreation.com\/\",\"name\":\"Olga Luxury Cr\u00e9ation\",\"description\":\"Sacs en cuir v\u00e9ritable faits main par Olga Luxury Cr\u00e9ation\",\"potentialAction\":[{\"@type\":\"SearchAction\",\"target\":{\"@type\":\"EntryPoint\",\"urlTemplate\":\"https:\/\/olgaluxurycreation.com\/?s={search_term_string}\"},\"query-input\":{\"@type\":\"PropertyValueSpecification\",\"valueRequired\":true,\"valueName\":\"search_term_string\"}}],\"inLanguage\":\"en-GB\"}]}<\/script>\n<!-- \/ Yoast SEO plugin. -->","yoast_head_json":{"title":"Sac cuir Noir et marron design unique style Hobo anse torsade - Olga Luxury Cr\u00e9ation","robots":{"index":"index","follow":"follow","max-snippet":"max-snippet:-1","max-image-preview":"max-image-preview:large","max-video-preview":"max-video-preview:-1"},"canonical":"https:\/\/olgaluxurycreation.com\/en\/product\/sac-a-main-noir-et-marron-en-cuir\/","og_locale":"en_GB","og_type":"article","og_title":"Sac cuir Noir et marron design unique style Hobo anse torsade - Olga Luxury Cr\u00e9ation","og_description":"D\u00e9couvrez notre sac \u00e0 main en cuir, con\u00e7u par un designer avec une approche originale. Ce sac noir et marron, au style patchwork colorblock, se porte \u00e9l\u00e9gamment \u00e0 l'\u00e9paule.","og_url":"https:\/\/olgaluxurycreation.com\/en\/product\/sac-a-main-noir-et-marron-en-cuir\/","og_site_name":"Olga Luxury Cr\u00e9ation","article_modified_time":"2024-11-26T23:22:33+00:00","og_image":[{"width":427,"height":640,"url":"https:\/\/olgaluxurycreation.com\/wp-content\/uploads\/2024\/07\/olga-sacCuir-NoirMarron.jpg","type":"image\/jpeg"}],"twitter_card":"summary_large_image","twitter_misc":{"Estimated reading time":"1 minute"},"schema":{"@context":"https:\/\/schema.org","@graph":[{"@type":"WebPage","@id":"https:\/\/olgaluxurycreation.com\/produit\/sac-a-main-noir-et-marron-en-cuir\/","url":"https:\/\/olgaluxurycreation.com\/produit\/sac-a-main-noir-et-marron-en-cuir\/","name":"Sac cuir Noir et marron design unique style Hobo anse torsade - Olga Luxury Cr\u00e9ation","isPartOf":{"@id":"https:\/\/olgaluxurycreation.com\/#website"},"primaryImageOfPage":{"@id":"https:\/\/olgaluxurycreation.com\/produit\/sac-a-main-noir-et-marron-en-cuir\/#primaryimage"},"image":{"@id":"https:\/\/olgaluxurycreation.com\/produit\/sac-a-main-noir-et-marron-en-cuir\/#primaryimage"},"thumbnailUrl":"https:\/\/olgaluxurycreation.com\/wp-content\/uploads\/2024\/07\/olga-sacCuir-NoirMarron.jpg","datePublished":"2024-07-24T13:18:45+00:00","dateModified":"2024-11-26T23:22:33+00:00","breadcrumb":{"@id":"https:\/\/olgaluxurycreation.com\/produit\/sac-a-main-noir-et-marron-en-cuir\/#breadcrumb"},"inLanguage":"en-GB","potentialAction":[{"@type":"ReadAction","target":["https:\/\/olgaluxurycreation.com\/produit\/sac-a-main-noir-et-marron-en-cuir\/"]}]},{"@type":"ImageObject","inLanguage":"en-GB","@id":"https:\/\/olgaluxurycreation.com\/produit\/sac-a-main-noir-et-marron-en-cuir\/#primaryimage","url":"https:\/\/olgaluxurycreation.com\/wp-content\/uploads\/2024\/07\/olga-sacCuir-NoirMarron.jpg","contentUrl":"https:\/\/olgaluxurycreation.com\/wp-content\/uploads\/2024\/07\/olga-sacCuir-NoirMarron.jpg","width":427,"height":640},{"@type":"BreadcrumbList","@id":"https:\/\/olgaluxurycreation.com\/produit\/sac-a-main-noir-et-marron-en-cuir\/#breadcrumb","itemListElement":[{"@type":"ListItem","position":1,"name":"Accueil","item":"https:\/\/olgaluxurycreation.com\/"},{"@type":"ListItem","position":2,"name":"Boutique","item":"https:\/\/olgaluxurycreation.com\/boutique\/"},{"@type":"ListItem","position":3,"name":"Sac cuir Noir et marron design unique style Hobo anse torsade"}]},{"@type":"WebSite","@id":"https:\/\/olgaluxurycreation.com\/#website","url":"https:\/\/olgaluxurycreation.com\/","name":"Olga Luxury Cr\u00e9ation","description":"Sacs en cuir v\u00e9ritable faits main par Olga Luxury Cr\u00e9ation","potentialAction":[{"@type":"SearchAction","target":{"@type":"EntryPoint","urlTemplate":"https:\/\/olgaluxurycreation.com\/?s={search_term_string}"},"query-input":{"@type":"PropertyValueSpecification","valueRequired":true,"valueName":"search_term_string"}}],"inLanguage":"en-GB"}]}},"_links":{"self":[{"href":"https:\/\/olgaluxurycreation.com\/en\/wp-json\/wp\/v2\/product\/700","targetHints":{"allow":["GET"]}}],"collection":[{"href":"https:\/\/olgaluxurycreation.com\/en\/wp-json\/wp\/v2\/product"}],"about":[{"href":"https:\/\/olgaluxurycreation.com\/en\/wp-json\/wp\/v2\/types\/product"}],"wp:featuredmedia":[{"embeddable":true,"href":"https:\/\/olgaluxurycreation.com\/en\/wp-json\/wp\/v2\/media\/741"}],"wp:attachment":[{"href":"https:\/\/olgaluxurycreation.com\/en\/wp-json\/wp\/v2\/media?parent=700"}],"wp:term":[{"taxonomy":"product_brand","embeddable":true,"href":"https:\/\/olgaluxurycreation.com\/en\/wp-json\/wp\/v2\/product_brand?post=700"},{"taxonomy":"product_cat","embeddable":true,"href":"https:\/\/olgaluxurycreation.com\/en\/wp-json\/wp\/v2\/product_cat?post=700"},{"taxonomy":"product_tag","embeddable":true,"href":"https:\/\/olgaluxurycreation.com\/en\/wp-json\/wp\/v2\/product_tag?post=700"}],"curies":[{"name":"wp","href":"https:\/\/api.w.org\/{rel}","templated":true}]}}