{"id":701,"date":"2024-07-24T15:27:07","date_gmt":"2024-07-24T13:27:07","guid":{"rendered":"https:\/\/olgaluxurycreation.com\/?post_type=product&#038;p=701"},"modified":"2025-07-09T17:34:18","modified_gmt":"2025-07-09T15:34:18","slug":"sac-a-main-en-cuir-rouge-et-noir","status":"publish","type":"product","link":"https:\/\/olgaluxurycreation.com\/en\/product\/sac-a-main-en-cuir-rouge-et-noir\/","title":{"rendered":"Sac \u00e0 bandouli\u00e8re cuir Rouge et noir, sac cuir clout\u00e9 tendance et unique"},"content":{"rendered":"<p>A shoulder bag in red and black leather, ideal for everyday use. Combining elegance and comfort, this bag allows you to stand out with a unique piece of high craftsmanship. We're committed to offering innovative designs and exceptional quality across our wide selection of bags, available in a range of sizes, colours and textures.<\/p>\n<p>Made from suede and genuine leather, this bag is a must-have for carrying your items and accessories in style. Adopt a distinctive touch with a creation that reflects our attention to detail and craftsmanship.<\/p>","protected":false},"excerpt":{"rendered":"<p>Discover our red and black leather bag, a shoulder bag with a unique studded design. This genuine leather bag is distinguished by its elegant floral pattern and refined finish. Ideal as a gift, it combines bold style with sophistication, adding a distinctive touch to any outfit.<\/p>","protected":false},"featured_media":740,"template":"","meta":{"_acf_changed":false},"product_brand":[],"product_cat":[20],"product_tag":[214,161,64,80,171,216,212,217,218,219],"class_list":{"0":"post-701","1":"product","2":"type-product","3":"status-publish","4":"has-post-thumbnail","6":"product_cat-non-classe","7":"product_tag-cadeau-anniversaire-femme","8":"product_tag-cadeau-pour-elle","9":"product_tag-olgaluxurycreation","10":"product_tag-sac-a-main-femme","11":"product_tag-sac-cuir-cloute","12":"product_tag-sac-cuir-rouge-et-noir","13":"product_tag-sac-cuir-souple","14":"product_tag-sac-patchwork","15":"product_tag-sac-tendance","16":"product_tag-sac-unique-artisanal","18":"first","19":"instock","20":"shipping-taxable","21":"purchasable","22":"product-type-simple"},"acf":[],"yoast_head":"<!-- This site is optimized with the Yoast SEO plugin v24.6 - https:\/\/yoast.com\/wordpress\/plugins\/seo\/ -->\n<title>Sac \u00e0 bandouli\u00e8re cuir Rouge et noir, sac cuir clout\u00e9 tendance et unique - Olga Luxury Cr\u00e9ation<\/title>\n<meta name=\"robots\" content=\"index, follow, max-snippet:-1, max-image-preview:large, max-video-preview:-1\" \/>\n<link rel=\"canonical\" href=\"https:\/\/olgaluxurycreation.com\/en\/product\/sac-a-main-en-cuir-rouge-et-noir\/\" \/>\n<meta property=\"og:locale\" content=\"en_GB\" \/>\n<meta property=\"og:type\" content=\"article\" \/>\n<meta property=\"og:title\" content=\"Sac \u00e0 bandouli\u00e8re cuir Rouge et noir, sac cuir clout\u00e9 tendance et unique - Olga Luxury Cr\u00e9ation\" \/>\n<meta property=\"og:description\" content=\"D\u00e9couvrez notre sac en cuir rouge et noir, un mod\u00e8le \u00e0 bandouli\u00e8re au design clout\u00e9 unique. Ce sac en cuir v\u00e9ritable se distingue par son motif floral \u00e9l\u00e9gant et sa finition raffin\u00e9e. Id\u00e9al comme cadeau, il allie style audacieux et sophistication, ajoutant une touche distinctive \u00e0 chaque tenue.\" \/>\n<meta property=\"og:url\" content=\"https:\/\/olgaluxurycreation.com\/en\/product\/sac-a-main-en-cuir-rouge-et-noir\/\" \/>\n<meta property=\"og:site_name\" content=\"Olga Luxury Cr\u00e9ation\" \/>\n<meta property=\"article:modified_time\" content=\"2025-07-09T15:34:18+00:00\" \/>\n<meta property=\"og:image\" content=\"https:\/\/olgaluxurycreation.com\/wp-content\/uploads\/2024\/07\/olga-SacCuir-NoirRouge.jpg\" \/>\n\t<meta property=\"og:image:width\" content=\"427\" \/>\n\t<meta property=\"og:image:height\" content=\"640\" \/>\n\t<meta property=\"og:image:type\" content=\"image\/jpeg\" \/>\n<meta name=\"twitter:card\" content=\"summary_large_image\" \/>\n<meta name=\"twitter:label1\" content=\"Estimated reading time\" \/>\n\t<meta name=\"twitter:data1\" content=\"1 minute\" \/>\n<script type=\"application\/ld+json\" class=\"yoast-schema-graph\">{\"@context\":\"https:\/\/schema.org\",\"@graph\":[{\"@type\":\"WebPage\",\"@id\":\"https:\/\/olgaluxurycreation.com\/produit\/sac-a-main-en-cuir-rouge-et-noir\/\",\"url\":\"https:\/\/olgaluxurycreation.com\/produit\/sac-a-main-en-cuir-rouge-et-noir\/\",\"name\":\"Sac \u00e0 bandouli\u00e8re cuir Rouge et noir, sac cuir clout\u00e9 tendance et unique - Olga Luxury Cr\u00e9ation\",\"isPartOf\":{\"@id\":\"https:\/\/olgaluxurycreation.com\/#website\"},\"primaryImageOfPage\":{\"@id\":\"https:\/\/olgaluxurycreation.com\/produit\/sac-a-main-en-cuir-rouge-et-noir\/#primaryimage\"},\"image\":{\"@id\":\"https:\/\/olgaluxurycreation.com\/produit\/sac-a-main-en-cuir-rouge-et-noir\/#primaryimage\"},\"thumbnailUrl\":\"https:\/\/olgaluxurycreation.com\/wp-content\/uploads\/2024\/07\/olga-SacCuir-NoirRouge.jpg\",\"datePublished\":\"2024-07-24T13:27:07+00:00\",\"dateModified\":\"2025-07-09T15:34:18+00:00\",\"breadcrumb\":{\"@id\":\"https:\/\/olgaluxurycreation.com\/produit\/sac-a-main-en-cuir-rouge-et-noir\/#breadcrumb\"},\"inLanguage\":\"en-GB\",\"potentialAction\":[{\"@type\":\"ReadAction\",\"target\":[\"https:\/\/olgaluxurycreation.com\/produit\/sac-a-main-en-cuir-rouge-et-noir\/\"]}]},{\"@type\":\"ImageObject\",\"inLanguage\":\"en-GB\",\"@id\":\"https:\/\/olgaluxurycreation.com\/produit\/sac-a-main-en-cuir-rouge-et-noir\/#primaryimage\",\"url\":\"https:\/\/olgaluxurycreation.com\/wp-content\/uploads\/2024\/07\/olga-SacCuir-NoirRouge.jpg\",\"contentUrl\":\"https:\/\/olgaluxurycreation.com\/wp-content\/uploads\/2024\/07\/olga-SacCuir-NoirRouge.jpg\",\"width\":427,\"height\":640},{\"@type\":\"BreadcrumbList\",\"@id\":\"https:\/\/olgaluxurycreation.com\/produit\/sac-a-main-en-cuir-rouge-et-noir\/#breadcrumb\",\"itemListElement\":[{\"@type\":\"ListItem\",\"position\":1,\"name\":\"Accueil\",\"item\":\"https:\/\/olgaluxurycreation.com\/\"},{\"@type\":\"ListItem\",\"position\":2,\"name\":\"Boutique\",\"item\":\"https:\/\/olgaluxurycreation.com\/boutique\/\"},{\"@type\":\"ListItem\",\"position\":3,\"name\":\"Sac \u00e0 bandouli\u00e8re cuir Rouge et noir, sac cuir clout\u00e9 tendance et unique\"}]},{\"@type\":\"WebSite\",\"@id\":\"https:\/\/olgaluxurycreation.com\/#website\",\"url\":\"https:\/\/olgaluxurycreation.com\/\",\"name\":\"Olga Luxury Cr\u00e9ation\",\"description\":\"Sacs en cuir v\u00e9ritable faits main par Olga Luxury Cr\u00e9ation\",\"potentialAction\":[{\"@type\":\"SearchAction\",\"target\":{\"@type\":\"EntryPoint\",\"urlTemplate\":\"https:\/\/olgaluxurycreation.com\/?s={search_term_string}\"},\"query-input\":{\"@type\":\"PropertyValueSpecification\",\"valueRequired\":true,\"valueName\":\"search_term_string\"}}],\"inLanguage\":\"en-GB\"}]}<\/script>\n<!-- \/ Yoast SEO plugin. -->","yoast_head_json":{"title":"Sac \u00e0 bandouli\u00e8re cuir Rouge et noir, sac cuir clout\u00e9 tendance et unique - Olga Luxury Cr\u00e9ation","robots":{"index":"index","follow":"follow","max-snippet":"max-snippet:-1","max-image-preview":"max-image-preview:large","max-video-preview":"max-video-preview:-1"},"canonical":"https:\/\/olgaluxurycreation.com\/en\/product\/sac-a-main-en-cuir-rouge-et-noir\/","og_locale":"en_GB","og_type":"article","og_title":"Sac \u00e0 bandouli\u00e8re cuir Rouge et noir, sac cuir clout\u00e9 tendance et unique - Olga Luxury Cr\u00e9ation","og_description":"D\u00e9couvrez notre sac en cuir rouge et noir, un mod\u00e8le \u00e0 bandouli\u00e8re au design clout\u00e9 unique. Ce sac en cuir v\u00e9ritable se distingue par son motif floral \u00e9l\u00e9gant et sa finition raffin\u00e9e. Id\u00e9al comme cadeau, il allie style audacieux et sophistication, ajoutant une touche distinctive \u00e0 chaque tenue.","og_url":"https:\/\/olgaluxurycreation.com\/en\/product\/sac-a-main-en-cuir-rouge-et-noir\/","og_site_name":"Olga Luxury Cr\u00e9ation","article_modified_time":"2025-07-09T15:34:18+00:00","og_image":[{"width":427,"height":640,"url":"https:\/\/olgaluxurycreation.com\/wp-content\/uploads\/2024\/07\/olga-SacCuir-NoirRouge.jpg","type":"image\/jpeg"}],"twitter_card":"summary_large_image","twitter_misc":{"Estimated reading time":"1 minute"},"schema":{"@context":"https:\/\/schema.org","@graph":[{"@type":"WebPage","@id":"https:\/\/olgaluxurycreation.com\/produit\/sac-a-main-en-cuir-rouge-et-noir\/","url":"https:\/\/olgaluxurycreation.com\/produit\/sac-a-main-en-cuir-rouge-et-noir\/","name":"Sac \u00e0 bandouli\u00e8re cuir Rouge et noir, sac cuir clout\u00e9 tendance et unique - Olga Luxury Cr\u00e9ation","isPartOf":{"@id":"https:\/\/olgaluxurycreation.com\/#website"},"primaryImageOfPage":{"@id":"https:\/\/olgaluxurycreation.com\/produit\/sac-a-main-en-cuir-rouge-et-noir\/#primaryimage"},"image":{"@id":"https:\/\/olgaluxurycreation.com\/produit\/sac-a-main-en-cuir-rouge-et-noir\/#primaryimage"},"thumbnailUrl":"https:\/\/olgaluxurycreation.com\/wp-content\/uploads\/2024\/07\/olga-SacCuir-NoirRouge.jpg","datePublished":"2024-07-24T13:27:07+00:00","dateModified":"2025-07-09T15:34:18+00:00","breadcrumb":{"@id":"https:\/\/olgaluxurycreation.com\/produit\/sac-a-main-en-cuir-rouge-et-noir\/#breadcrumb"},"inLanguage":"en-GB","potentialAction":[{"@type":"ReadAction","target":["https:\/\/olgaluxurycreation.com\/produit\/sac-a-main-en-cuir-rouge-et-noir\/"]}]},{"@type":"ImageObject","inLanguage":"en-GB","@id":"https:\/\/olgaluxurycreation.com\/produit\/sac-a-main-en-cuir-rouge-et-noir\/#primaryimage","url":"https:\/\/olgaluxurycreation.com\/wp-content\/uploads\/2024\/07\/olga-SacCuir-NoirRouge.jpg","contentUrl":"https:\/\/olgaluxurycreation.com\/wp-content\/uploads\/2024\/07\/olga-SacCuir-NoirRouge.jpg","width":427,"height":640},{"@type":"BreadcrumbList","@id":"https:\/\/olgaluxurycreation.com\/produit\/sac-a-main-en-cuir-rouge-et-noir\/#breadcrumb","itemListElement":[{"@type":"ListItem","position":1,"name":"Accueil","item":"https:\/\/olgaluxurycreation.com\/"},{"@type":"ListItem","position":2,"name":"Boutique","item":"https:\/\/olgaluxurycreation.com\/boutique\/"},{"@type":"ListItem","position":3,"name":"Sac \u00e0 bandouli\u00e8re cuir Rouge et noir, sac cuir clout\u00e9 tendance et unique"}]},{"@type":"WebSite","@id":"https:\/\/olgaluxurycreation.com\/#website","url":"https:\/\/olgaluxurycreation.com\/","name":"Olga Luxury Cr\u00e9ation","description":"Sacs en cuir v\u00e9ritable faits main par Olga Luxury Cr\u00e9ation","potentialAction":[{"@type":"SearchAction","target":{"@type":"EntryPoint","urlTemplate":"https:\/\/olgaluxurycreation.com\/?s={search_term_string}"},"query-input":{"@type":"PropertyValueSpecification","valueRequired":true,"valueName":"search_term_string"}}],"inLanguage":"en-GB"}]}},"_links":{"self":[{"href":"https:\/\/olgaluxurycreation.com\/en\/wp-json\/wp\/v2\/product\/701","targetHints":{"allow":["GET"]}}],"collection":[{"href":"https:\/\/olgaluxurycreation.com\/en\/wp-json\/wp\/v2\/product"}],"about":[{"href":"https:\/\/olgaluxurycreation.com\/en\/wp-json\/wp\/v2\/types\/product"}],"wp:featuredmedia":[{"embeddable":true,"href":"https:\/\/olgaluxurycreation.com\/en\/wp-json\/wp\/v2\/media\/740"}],"wp:attachment":[{"href":"https:\/\/olgaluxurycreation.com\/en\/wp-json\/wp\/v2\/media?parent=701"}],"wp:term":[{"taxonomy":"product_brand","embeddable":true,"href":"https:\/\/olgaluxurycreation.com\/en\/wp-json\/wp\/v2\/product_brand?post=701"},{"taxonomy":"product_cat","embeddable":true,"href":"https:\/\/olgaluxurycreation.com\/en\/wp-json\/wp\/v2\/product_cat?post=701"},{"taxonomy":"product_tag","embeddable":true,"href":"https:\/\/olgaluxurycreation.com\/en\/wp-json\/wp\/v2\/product_tag?post=701"}],"curies":[{"name":"wp","href":"https:\/\/api.w.org\/{rel}","templated":true}]}}