{"id":702,"date":"2024-07-24T15:32:54","date_gmt":"2024-07-24T13:32:54","guid":{"rendered":"https:\/\/olgaluxurycreation.com\/?post_type=product&#038;p=702"},"modified":"2024-11-27T00:15:38","modified_gmt":"2024-11-26T23:15:38","slug":"sac-a-main-en-cuir-fuchsia","status":"publish","type":"product","link":"https:\/\/olgaluxurycreation.com\/en\/product\/sac-a-main-en-cuir-fuchsia\/","title":{"rendered":"Sac \u00e0 main en cuir clout\u00e9 Fuchsia port\u00e9 \u00e9paule"},"content":{"rendered":"<div class=\"flex max-w-full flex-col flex-grow\">\n<div class=\"min-h-[20px] text-message flex w-full flex-col items-end gap-2 break-words [.text-message+&amp;]:mt-5 overflow-x-auto whitespace-normal\" dir=\"auto\" data-message-author-role=\"assistant\" data-message-id=\"0abf6406-b9d5-4249-84d1-f78a3250f7e0\">\n<div class=\"flex w-full flex-col gap-1 empty:hidden first:pt-[3px]\">\n<div class=\"markdown prose w-full break-words dark:prose-invert light\">\n<p>Sac en cuir clout\u00e9 <strong><em>Fuchsia<\/em><\/strong>, id\u00e9al pour votre quotidien. Alliant \u00e9l\u00e9gance et confort, ce sac vous permet d&rsquo;affirmer votre unicit\u00e9 avec une pi\u00e8ce de haut savoir-faire. Nos cr\u00e9ations sont uniques, refl\u00e9tant notre engagement \u00e0 offrir des designs innovants et une qualit\u00e9 exceptionnelle.<\/p>\n<p>We're constantly updating our designs to bring you a wide selection of bags to suit your every whim in terms of size, colour and texture. This fuchsia leather bag is essential for carrying all your items and accessories in style.<\/p>\n<\/div>\n<\/div>\n<\/div>\n<\/div>","protected":false},"excerpt":{"rendered":"<p>Discover our fuchsia and black leather handbag, the must-have trend. This handbag, handmade by a designer, features genuine leather and unique decorative studs. A daring choice that combines style and originality.<\/p>","protected":false},"featured_media":739,"template":"","meta":{"_acf_changed":false},"product_brand":[],"product_cat":[20],"product_tag":[88,94,93,90,97,96,89,85,86,87,99,91,60,92,95],"class_list":{"0":"post-702","1":"product","2":"type-product","3":"status-publish","4":"has-post-thumbnail","6":"product_cat-non-classe","7":"product_tag-cuir-souple-noir","8":"product_tag-evening-bag-women","9":"product_tag-fucshia-leather-bag","10":"product_tag-leather-bag","11":"product_tag-livraison-gratuite","12":"product_tag-real-leaher-handbag","13":"product_tag-sac-a-main-femme-fabrique-en-france","14":"product_tag-sac-en-cuir-cloute-fuchsia","15":"product_tag-sac-hobo-femme","16":"product_tag-sac-seau-cuir","17":"product_tag-shipping-is-free","18":"product_tag-small-bucket-bag","19":"product_tag-studded-leather-bag","20":"product_tag-trendy-color-bag","21":"product_tag-wedding-gift","23":"first","24":"instock","25":"shipping-taxable","26":"purchasable","27":"product-type-simple"},"acf":[],"yoast_head":"<!-- This site is optimized with the Yoast SEO plugin v24.6 - https:\/\/yoast.com\/wordpress\/plugins\/seo\/ -->\n<title>Sac \u00e0 main en cuir clout\u00e9 Fuchsia port\u00e9 \u00e9paule - Olga Luxury Cr\u00e9ation<\/title>\n<meta name=\"description\" content=\"Sac en cuir clout\u00e9 Fuchsia fabriqu\u00e9 en France cadeau original pour elle Olgaluxurycreation\" \/>\n<meta name=\"robots\" content=\"index, follow, max-snippet:-1, max-image-preview:large, max-video-preview:-1\" \/>\n<link rel=\"canonical\" href=\"https:\/\/olgaluxurycreation.com\/en\/product\/sac-a-main-en-cuir-fuchsia\/\" \/>\n<meta property=\"og:locale\" content=\"en_GB\" \/>\n<meta property=\"og:type\" content=\"article\" \/>\n<meta property=\"og:title\" content=\"Sac \u00e0 main en cuir clout\u00e9 Fuchsia port\u00e9 \u00e9paule - Olga Luxury Cr\u00e9ation\" \/>\n<meta property=\"og:description\" content=\"Sac en cuir clout\u00e9 Fuchsia fabriqu\u00e9 en France cadeau original pour elle Olgaluxurycreation\" \/>\n<meta property=\"og:url\" content=\"https:\/\/olgaluxurycreation.com\/en\/product\/sac-a-main-en-cuir-fuchsia\/\" \/>\n<meta property=\"og:site_name\" content=\"Olga Luxury Cr\u00e9ation\" \/>\n<meta property=\"article:modified_time\" content=\"2024-11-26T23:15:38+00:00\" \/>\n<meta property=\"og:image\" content=\"https:\/\/olgaluxurycreation.com\/wp-content\/uploads\/2024\/07\/olga-sacCuir-NoirFuchsia.jpg\" \/>\n\t<meta property=\"og:image:width\" content=\"427\" \/>\n\t<meta property=\"og:image:height\" content=\"640\" \/>\n\t<meta property=\"og:image:type\" content=\"image\/jpeg\" \/>\n<meta name=\"twitter:card\" content=\"summary_large_image\" \/>\n<meta name=\"twitter:label1\" content=\"Estimated reading time\" \/>\n\t<meta name=\"twitter:data1\" content=\"1 minute\" \/>\n<script type=\"application\/ld+json\" class=\"yoast-schema-graph\">{\"@context\":\"https:\/\/schema.org\",\"@graph\":[{\"@type\":\"WebPage\",\"@id\":\"https:\/\/olgaluxurycreation.com\/produit\/sac-a-main-en-cuir-fuchsia\/\",\"url\":\"https:\/\/olgaluxurycreation.com\/produit\/sac-a-main-en-cuir-fuchsia\/\",\"name\":\"Sac \u00e0 main en cuir clout\u00e9 Fuchsia port\u00e9 \u00e9paule - Olga Luxury Cr\u00e9ation\",\"isPartOf\":{\"@id\":\"https:\/\/olgaluxurycreation.com\/#website\"},\"primaryImageOfPage\":{\"@id\":\"https:\/\/olgaluxurycreation.com\/produit\/sac-a-main-en-cuir-fuchsia\/#primaryimage\"},\"image\":{\"@id\":\"https:\/\/olgaluxurycreation.com\/produit\/sac-a-main-en-cuir-fuchsia\/#primaryimage\"},\"thumbnailUrl\":\"https:\/\/olgaluxurycreation.com\/wp-content\/uploads\/2024\/07\/olga-sacCuir-NoirFuchsia.jpg\",\"datePublished\":\"2024-07-24T13:32:54+00:00\",\"dateModified\":\"2024-11-26T23:15:38+00:00\",\"description\":\"Sac en cuir clout\u00e9 Fuchsia fabriqu\u00e9 en France cadeau original pour elle Olgaluxurycreation\",\"breadcrumb\":{\"@id\":\"https:\/\/olgaluxurycreation.com\/produit\/sac-a-main-en-cuir-fuchsia\/#breadcrumb\"},\"inLanguage\":\"en-GB\",\"potentialAction\":[{\"@type\":\"ReadAction\",\"target\":[\"https:\/\/olgaluxurycreation.com\/produit\/sac-a-main-en-cuir-fuchsia\/\"]}]},{\"@type\":\"ImageObject\",\"inLanguage\":\"en-GB\",\"@id\":\"https:\/\/olgaluxurycreation.com\/produit\/sac-a-main-en-cuir-fuchsia\/#primaryimage\",\"url\":\"https:\/\/olgaluxurycreation.com\/wp-content\/uploads\/2024\/07\/olga-sacCuir-NoirFuchsia.jpg\",\"contentUrl\":\"https:\/\/olgaluxurycreation.com\/wp-content\/uploads\/2024\/07\/olga-sacCuir-NoirFuchsia.jpg\",\"width\":427,\"height\":640},{\"@type\":\"BreadcrumbList\",\"@id\":\"https:\/\/olgaluxurycreation.com\/produit\/sac-a-main-en-cuir-fuchsia\/#breadcrumb\",\"itemListElement\":[{\"@type\":\"ListItem\",\"position\":1,\"name\":\"Accueil\",\"item\":\"https:\/\/olgaluxurycreation.com\/\"},{\"@type\":\"ListItem\",\"position\":2,\"name\":\"Boutique\",\"item\":\"https:\/\/olgaluxurycreation.com\/boutique\/\"},{\"@type\":\"ListItem\",\"position\":3,\"name\":\"Sac \u00e0 main en cuir clout\u00e9 Fuchsia port\u00e9 \u00e9paule\"}]},{\"@type\":\"WebSite\",\"@id\":\"https:\/\/olgaluxurycreation.com\/#website\",\"url\":\"https:\/\/olgaluxurycreation.com\/\",\"name\":\"Olga Luxury Cr\u00e9ation\",\"description\":\"Sacs en cuir v\u00e9ritable faits main par Olga Luxury Cr\u00e9ation\",\"potentialAction\":[{\"@type\":\"SearchAction\",\"target\":{\"@type\":\"EntryPoint\",\"urlTemplate\":\"https:\/\/olgaluxurycreation.com\/?s={search_term_string}\"},\"query-input\":{\"@type\":\"PropertyValueSpecification\",\"valueRequired\":true,\"valueName\":\"search_term_string\"}}],\"inLanguage\":\"en-GB\"}]}<\/script>\n<!-- \/ Yoast SEO plugin. -->","yoast_head_json":{"title":"Sac \u00e0 main en cuir clout\u00e9 Fuchsia port\u00e9 \u00e9paule - Olga Luxury Cr\u00e9ation","description":"Sac en cuir clout\u00e9 Fuchsia fabriqu\u00e9 en France cadeau original pour elle Olgaluxurycreation","robots":{"index":"index","follow":"follow","max-snippet":"max-snippet:-1","max-image-preview":"max-image-preview:large","max-video-preview":"max-video-preview:-1"},"canonical":"https:\/\/olgaluxurycreation.com\/en\/product\/sac-a-main-en-cuir-fuchsia\/","og_locale":"en_GB","og_type":"article","og_title":"Sac \u00e0 main en cuir clout\u00e9 Fuchsia port\u00e9 \u00e9paule - Olga Luxury Cr\u00e9ation","og_description":"Sac en cuir clout\u00e9 Fuchsia fabriqu\u00e9 en France cadeau original pour elle Olgaluxurycreation","og_url":"https:\/\/olgaluxurycreation.com\/en\/product\/sac-a-main-en-cuir-fuchsia\/","og_site_name":"Olga Luxury Cr\u00e9ation","article_modified_time":"2024-11-26T23:15:38+00:00","og_image":[{"width":427,"height":640,"url":"https:\/\/olgaluxurycreation.com\/wp-content\/uploads\/2024\/07\/olga-sacCuir-NoirFuchsia.jpg","type":"image\/jpeg"}],"twitter_card":"summary_large_image","twitter_misc":{"Estimated reading time":"1 minute"},"schema":{"@context":"https:\/\/schema.org","@graph":[{"@type":"WebPage","@id":"https:\/\/olgaluxurycreation.com\/produit\/sac-a-main-en-cuir-fuchsia\/","url":"https:\/\/olgaluxurycreation.com\/produit\/sac-a-main-en-cuir-fuchsia\/","name":"Sac \u00e0 main en cuir clout\u00e9 Fuchsia port\u00e9 \u00e9paule - Olga Luxury Cr\u00e9ation","isPartOf":{"@id":"https:\/\/olgaluxurycreation.com\/#website"},"primaryImageOfPage":{"@id":"https:\/\/olgaluxurycreation.com\/produit\/sac-a-main-en-cuir-fuchsia\/#primaryimage"},"image":{"@id":"https:\/\/olgaluxurycreation.com\/produit\/sac-a-main-en-cuir-fuchsia\/#primaryimage"},"thumbnailUrl":"https:\/\/olgaluxurycreation.com\/wp-content\/uploads\/2024\/07\/olga-sacCuir-NoirFuchsia.jpg","datePublished":"2024-07-24T13:32:54+00:00","dateModified":"2024-11-26T23:15:38+00:00","description":"Sac en cuir clout\u00e9 Fuchsia fabriqu\u00e9 en France cadeau original pour elle Olgaluxurycreation","breadcrumb":{"@id":"https:\/\/olgaluxurycreation.com\/produit\/sac-a-main-en-cuir-fuchsia\/#breadcrumb"},"inLanguage":"en-GB","potentialAction":[{"@type":"ReadAction","target":["https:\/\/olgaluxurycreation.com\/produit\/sac-a-main-en-cuir-fuchsia\/"]}]},{"@type":"ImageObject","inLanguage":"en-GB","@id":"https:\/\/olgaluxurycreation.com\/produit\/sac-a-main-en-cuir-fuchsia\/#primaryimage","url":"https:\/\/olgaluxurycreation.com\/wp-content\/uploads\/2024\/07\/olga-sacCuir-NoirFuchsia.jpg","contentUrl":"https:\/\/olgaluxurycreation.com\/wp-content\/uploads\/2024\/07\/olga-sacCuir-NoirFuchsia.jpg","width":427,"height":640},{"@type":"BreadcrumbList","@id":"https:\/\/olgaluxurycreation.com\/produit\/sac-a-main-en-cuir-fuchsia\/#breadcrumb","itemListElement":[{"@type":"ListItem","position":1,"name":"Accueil","item":"https:\/\/olgaluxurycreation.com\/"},{"@type":"ListItem","position":2,"name":"Boutique","item":"https:\/\/olgaluxurycreation.com\/boutique\/"},{"@type":"ListItem","position":3,"name":"Sac \u00e0 main en cuir clout\u00e9 Fuchsia port\u00e9 \u00e9paule"}]},{"@type":"WebSite","@id":"https:\/\/olgaluxurycreation.com\/#website","url":"https:\/\/olgaluxurycreation.com\/","name":"Olga Luxury Cr\u00e9ation","description":"Sacs en cuir v\u00e9ritable faits main par Olga Luxury Cr\u00e9ation","potentialAction":[{"@type":"SearchAction","target":{"@type":"EntryPoint","urlTemplate":"https:\/\/olgaluxurycreation.com\/?s={search_term_string}"},"query-input":{"@type":"PropertyValueSpecification","valueRequired":true,"valueName":"search_term_string"}}],"inLanguage":"en-GB"}]}},"_links":{"self":[{"href":"https:\/\/olgaluxurycreation.com\/en\/wp-json\/wp\/v2\/product\/702","targetHints":{"allow":["GET"]}}],"collection":[{"href":"https:\/\/olgaluxurycreation.com\/en\/wp-json\/wp\/v2\/product"}],"about":[{"href":"https:\/\/olgaluxurycreation.com\/en\/wp-json\/wp\/v2\/types\/product"}],"wp:featuredmedia":[{"embeddable":true,"href":"https:\/\/olgaluxurycreation.com\/en\/wp-json\/wp\/v2\/media\/739"}],"wp:attachment":[{"href":"https:\/\/olgaluxurycreation.com\/en\/wp-json\/wp\/v2\/media?parent=702"}],"wp:term":[{"taxonomy":"product_brand","embeddable":true,"href":"https:\/\/olgaluxurycreation.com\/en\/wp-json\/wp\/v2\/product_brand?post=702"},{"taxonomy":"product_cat","embeddable":true,"href":"https:\/\/olgaluxurycreation.com\/en\/wp-json\/wp\/v2\/product_cat?post=702"},{"taxonomy":"product_tag","embeddable":true,"href":"https:\/\/olgaluxurycreation.com\/en\/wp-json\/wp\/v2\/product_tag?post=702"}],"curies":[{"name":"wp","href":"https:\/\/api.w.org\/{rel}","templated":true}]}}