{"id":703,"date":"2024-07-24T15:45:34","date_gmt":"2024-07-24T13:45:34","guid":{"rendered":"https:\/\/olgaluxurycreation.com\/?post_type=product&#038;p=703"},"modified":"2024-11-27T00:18:31","modified_gmt":"2024-11-26T23:18:31","slug":"sac-style-doctor-en-cuir-marron","status":"publish","type":"product","link":"https:\/\/olgaluxurycreation.com\/en\/product\/sac-style-doctor-en-cuir-marron\/","title":{"rendered":"Sac \u00e0 main en cuir marron style Docteur fabriqu\u00e9 en France"},"content":{"rendered":"<div class=\"flex max-w-full flex-col flex-grow\">\n<div class=\"min-h-[20px] text-message flex w-full flex-col items-end gap-2 break-words [.text-message+&amp;]:mt-5 overflow-x-auto whitespace-normal\" dir=\"auto\" data-message-author-role=\"assistant\" data-message-id=\"1382ee28-d4ec-4492-92ec-0b4cc13ab4bb\">\n<div class=\"flex w-full flex-col gap-1 empty:hidden first:pt-[3px]\">\n<div class=\"markdown prose w-full break-words dark:prose-invert light\">\n<p>D\u00e9couvrez notre sac en cuir et daim de luxe marron <em><strong>style Docteur<\/strong><\/em>, une pi\u00e8ce tendance pour 2025.<\/p>\n<p>Ce sac \u00e0 main, au style r\u00e9tro \u00e9l\u00e9gant et confortable, vous permettra d\u2019affirmer votre unicit\u00e9.<\/p>\n<p>Parfait pour transporter divers objets et accessoires, il est \u00e0 la fois pratique et raffin\u00e9, r\u00e9pondant \u00e0 vos besoins avec une touche de sophistication.<\/p>\n<\/div>\n<\/div>\n<\/div>\n<\/div>","protected":false},"excerpt":{"rendered":"<p>Discover our leather Doctor bag, an elegant retro bag in genuine brown leather. With its doctor's bag-inspired styling and vintage clasp, it combines classic charm with practicality. With a shoulder strap for optimum comfort, this bag makes the perfect gift, combining sophistication with timeless style.<\/p>","protected":false},"featured_media":738,"template":"","meta":{"_acf_changed":false},"product_brand":[],"product_cat":[20],"product_tag":[102,104,103,107,100,101,108,106,105,76],"class_list":{"0":"post-703","1":"product","2":"type-product","3":"status-publish","4":"has-post-thumbnail","6":"product_cat-non-classe","7":"product_tag-brown-leather-doctor-bag","8":"product_tag-gift-for-her","9":"product_tag-large-kisslock-bag","10":"product_tag-leather-bags","11":"product_tag-sac-a-main-en-cuir-marron-style-docteur","12":"product_tag-sac-cuir-marron","13":"product_tag-shoulder-handbag","14":"product_tag-trendy-leather-bags","15":"product_tag-unique-bag","16":"product_tag-vintage","18":"first","19":"instock","20":"shipping-taxable","21":"purchasable","22":"product-type-simple"},"acf":[],"yoast_head":"<!-- This site is optimized with the Yoast SEO plugin v24.6 - https:\/\/yoast.com\/wordpress\/plugins\/seo\/ -->\n<title>Sac \u00e0 main en cuir marron style Docteur fabriqu\u00e9 en France - Olga Luxury Cr\u00e9ation<\/title>\n<meta name=\"robots\" content=\"index, follow, max-snippet:-1, max-image-preview:large, max-video-preview:-1\" \/>\n<link rel=\"canonical\" href=\"https:\/\/olgaluxurycreation.com\/en\/product\/sac-style-doctor-en-cuir-marron\/\" \/>\n<meta property=\"og:locale\" content=\"en_GB\" \/>\n<meta property=\"og:type\" content=\"article\" \/>\n<meta property=\"og:title\" content=\"Sac \u00e0 main en cuir marron style Docteur fabriqu\u00e9 en France - Olga Luxury Cr\u00e9ation\" \/>\n<meta property=\"og:description\" content=\"D\u00e9couvrez notre sac Doctor en cuir, un \u00e9l\u00e9gant sac r\u00e9tro en cuir v\u00e9ritable marron. Avec son style inspir\u00e9 des sacs de m\u00e9decin et son fermoir vintage, il allie charme classique et praticit\u00e9. Dot\u00e9 d&#039;une bandouli\u00e8re pour un confort optimal, ce sac constitue le cadeau parfait, alliant sophistication et style intemporel.\" \/>\n<meta property=\"og:url\" content=\"https:\/\/olgaluxurycreation.com\/en\/product\/sac-style-doctor-en-cuir-marron\/\" \/>\n<meta property=\"og:site_name\" content=\"Olga Luxury Cr\u00e9ation\" \/>\n<meta property=\"article:modified_time\" content=\"2024-11-26T23:18:31+00:00\" \/>\n<meta property=\"og:image\" content=\"https:\/\/olgaluxurycreation.com\/wp-content\/uploads\/2024\/07\/olga-SacCuir-Marron.jpg\" \/>\n\t<meta property=\"og:image:width\" content=\"427\" \/>\n\t<meta property=\"og:image:height\" content=\"640\" \/>\n\t<meta property=\"og:image:type\" content=\"image\/jpeg\" \/>\n<meta name=\"twitter:card\" content=\"summary_large_image\" \/>\n<meta name=\"twitter:label1\" content=\"Estimated reading time\" \/>\n\t<meta name=\"twitter:data1\" content=\"1 minute\" \/>\n<script type=\"application\/ld+json\" class=\"yoast-schema-graph\">{\"@context\":\"https:\/\/schema.org\",\"@graph\":[{\"@type\":\"WebPage\",\"@id\":\"https:\/\/olgaluxurycreation.com\/produit\/sac-style-doctor-en-cuir-marron\/\",\"url\":\"https:\/\/olgaluxurycreation.com\/produit\/sac-style-doctor-en-cuir-marron\/\",\"name\":\"Sac \u00e0 main en cuir marron style Docteur fabriqu\u00e9 en France - Olga Luxury Cr\u00e9ation\",\"isPartOf\":{\"@id\":\"https:\/\/olgaluxurycreation.com\/#website\"},\"primaryImageOfPage\":{\"@id\":\"https:\/\/olgaluxurycreation.com\/produit\/sac-style-doctor-en-cuir-marron\/#primaryimage\"},\"image\":{\"@id\":\"https:\/\/olgaluxurycreation.com\/produit\/sac-style-doctor-en-cuir-marron\/#primaryimage\"},\"thumbnailUrl\":\"https:\/\/olgaluxurycreation.com\/wp-content\/uploads\/2024\/07\/olga-SacCuir-Marron.jpg\",\"datePublished\":\"2024-07-24T13:45:34+00:00\",\"dateModified\":\"2024-11-26T23:18:31+00:00\",\"breadcrumb\":{\"@id\":\"https:\/\/olgaluxurycreation.com\/produit\/sac-style-doctor-en-cuir-marron\/#breadcrumb\"},\"inLanguage\":\"en-GB\",\"potentialAction\":[{\"@type\":\"ReadAction\",\"target\":[\"https:\/\/olgaluxurycreation.com\/produit\/sac-style-doctor-en-cuir-marron\/\"]}]},{\"@type\":\"ImageObject\",\"inLanguage\":\"en-GB\",\"@id\":\"https:\/\/olgaluxurycreation.com\/produit\/sac-style-doctor-en-cuir-marron\/#primaryimage\",\"url\":\"https:\/\/olgaluxurycreation.com\/wp-content\/uploads\/2024\/07\/olga-SacCuir-Marron.jpg\",\"contentUrl\":\"https:\/\/olgaluxurycreation.com\/wp-content\/uploads\/2024\/07\/olga-SacCuir-Marron.jpg\",\"width\":427,\"height\":640},{\"@type\":\"BreadcrumbList\",\"@id\":\"https:\/\/olgaluxurycreation.com\/produit\/sac-style-doctor-en-cuir-marron\/#breadcrumb\",\"itemListElement\":[{\"@type\":\"ListItem\",\"position\":1,\"name\":\"Accueil\",\"item\":\"https:\/\/olgaluxurycreation.com\/\"},{\"@type\":\"ListItem\",\"position\":2,\"name\":\"Boutique\",\"item\":\"https:\/\/olgaluxurycreation.com\/boutique\/\"},{\"@type\":\"ListItem\",\"position\":3,\"name\":\"Sac \u00e0 main en cuir marron style Docteur fabriqu\u00e9 en France\"}]},{\"@type\":\"WebSite\",\"@id\":\"https:\/\/olgaluxurycreation.com\/#website\",\"url\":\"https:\/\/olgaluxurycreation.com\/\",\"name\":\"Olga Luxury Cr\u00e9ation\",\"description\":\"Sacs en cuir v\u00e9ritable faits main par Olga Luxury Cr\u00e9ation\",\"potentialAction\":[{\"@type\":\"SearchAction\",\"target\":{\"@type\":\"EntryPoint\",\"urlTemplate\":\"https:\/\/olgaluxurycreation.com\/?s={search_term_string}\"},\"query-input\":{\"@type\":\"PropertyValueSpecification\",\"valueRequired\":true,\"valueName\":\"search_term_string\"}}],\"inLanguage\":\"en-GB\"}]}<\/script>\n<!-- \/ Yoast SEO plugin. -->","yoast_head_json":{"title":"Sac \u00e0 main en cuir marron style Docteur fabriqu\u00e9 en France - Olga Luxury Cr\u00e9ation","robots":{"index":"index","follow":"follow","max-snippet":"max-snippet:-1","max-image-preview":"max-image-preview:large","max-video-preview":"max-video-preview:-1"},"canonical":"https:\/\/olgaluxurycreation.com\/en\/product\/sac-style-doctor-en-cuir-marron\/","og_locale":"en_GB","og_type":"article","og_title":"Sac \u00e0 main en cuir marron style Docteur fabriqu\u00e9 en France - Olga Luxury Cr\u00e9ation","og_description":"D\u00e9couvrez notre sac Doctor en cuir, un \u00e9l\u00e9gant sac r\u00e9tro en cuir v\u00e9ritable marron. Avec son style inspir\u00e9 des sacs de m\u00e9decin et son fermoir vintage, il allie charme classique et praticit\u00e9. Dot\u00e9 d'une bandouli\u00e8re pour un confort optimal, ce sac constitue le cadeau parfait, alliant sophistication et style intemporel.","og_url":"https:\/\/olgaluxurycreation.com\/en\/product\/sac-style-doctor-en-cuir-marron\/","og_site_name":"Olga Luxury Cr\u00e9ation","article_modified_time":"2024-11-26T23:18:31+00:00","og_image":[{"width":427,"height":640,"url":"https:\/\/olgaluxurycreation.com\/wp-content\/uploads\/2024\/07\/olga-SacCuir-Marron.jpg","type":"image\/jpeg"}],"twitter_card":"summary_large_image","twitter_misc":{"Estimated reading time":"1 minute"},"schema":{"@context":"https:\/\/schema.org","@graph":[{"@type":"WebPage","@id":"https:\/\/olgaluxurycreation.com\/produit\/sac-style-doctor-en-cuir-marron\/","url":"https:\/\/olgaluxurycreation.com\/produit\/sac-style-doctor-en-cuir-marron\/","name":"Sac \u00e0 main en cuir marron style Docteur fabriqu\u00e9 en France - Olga Luxury Cr\u00e9ation","isPartOf":{"@id":"https:\/\/olgaluxurycreation.com\/#website"},"primaryImageOfPage":{"@id":"https:\/\/olgaluxurycreation.com\/produit\/sac-style-doctor-en-cuir-marron\/#primaryimage"},"image":{"@id":"https:\/\/olgaluxurycreation.com\/produit\/sac-style-doctor-en-cuir-marron\/#primaryimage"},"thumbnailUrl":"https:\/\/olgaluxurycreation.com\/wp-content\/uploads\/2024\/07\/olga-SacCuir-Marron.jpg","datePublished":"2024-07-24T13:45:34+00:00","dateModified":"2024-11-26T23:18:31+00:00","breadcrumb":{"@id":"https:\/\/olgaluxurycreation.com\/produit\/sac-style-doctor-en-cuir-marron\/#breadcrumb"},"inLanguage":"en-GB","potentialAction":[{"@type":"ReadAction","target":["https:\/\/olgaluxurycreation.com\/produit\/sac-style-doctor-en-cuir-marron\/"]}]},{"@type":"ImageObject","inLanguage":"en-GB","@id":"https:\/\/olgaluxurycreation.com\/produit\/sac-style-doctor-en-cuir-marron\/#primaryimage","url":"https:\/\/olgaluxurycreation.com\/wp-content\/uploads\/2024\/07\/olga-SacCuir-Marron.jpg","contentUrl":"https:\/\/olgaluxurycreation.com\/wp-content\/uploads\/2024\/07\/olga-SacCuir-Marron.jpg","width":427,"height":640},{"@type":"BreadcrumbList","@id":"https:\/\/olgaluxurycreation.com\/produit\/sac-style-doctor-en-cuir-marron\/#breadcrumb","itemListElement":[{"@type":"ListItem","position":1,"name":"Accueil","item":"https:\/\/olgaluxurycreation.com\/"},{"@type":"ListItem","position":2,"name":"Boutique","item":"https:\/\/olgaluxurycreation.com\/boutique\/"},{"@type":"ListItem","position":3,"name":"Sac \u00e0 main en cuir marron style Docteur fabriqu\u00e9 en France"}]},{"@type":"WebSite","@id":"https:\/\/olgaluxurycreation.com\/#website","url":"https:\/\/olgaluxurycreation.com\/","name":"Olga Luxury Cr\u00e9ation","description":"Sacs en cuir v\u00e9ritable faits main par Olga Luxury Cr\u00e9ation","potentialAction":[{"@type":"SearchAction","target":{"@type":"EntryPoint","urlTemplate":"https:\/\/olgaluxurycreation.com\/?s={search_term_string}"},"query-input":{"@type":"PropertyValueSpecification","valueRequired":true,"valueName":"search_term_string"}}],"inLanguage":"en-GB"}]}},"_links":{"self":[{"href":"https:\/\/olgaluxurycreation.com\/en\/wp-json\/wp\/v2\/product\/703","targetHints":{"allow":["GET"]}}],"collection":[{"href":"https:\/\/olgaluxurycreation.com\/en\/wp-json\/wp\/v2\/product"}],"about":[{"href":"https:\/\/olgaluxurycreation.com\/en\/wp-json\/wp\/v2\/types\/product"}],"wp:featuredmedia":[{"embeddable":true,"href":"https:\/\/olgaluxurycreation.com\/en\/wp-json\/wp\/v2\/media\/738"}],"wp:attachment":[{"href":"https:\/\/olgaluxurycreation.com\/en\/wp-json\/wp\/v2\/media?parent=703"}],"wp:term":[{"taxonomy":"product_brand","embeddable":true,"href":"https:\/\/olgaluxurycreation.com\/en\/wp-json\/wp\/v2\/product_brand?post=703"},{"taxonomy":"product_cat","embeddable":true,"href":"https:\/\/olgaluxurycreation.com\/en\/wp-json\/wp\/v2\/product_cat?post=703"},{"taxonomy":"product_tag","embeddable":true,"href":"https:\/\/olgaluxurycreation.com\/en\/wp-json\/wp\/v2\/product_tag?post=703"}],"curies":[{"name":"wp","href":"https:\/\/api.w.org\/{rel}","templated":true}]}}