{"id":706,"date":"2024-07-24T16:20:53","date_gmt":"2024-07-24T14:20:53","guid":{"rendered":"https:\/\/olgaluxurycreation.com\/?post_type=product&#038;p=706"},"modified":"2024-11-27T00:31:24","modified_gmt":"2024-11-26T23:31:24","slug":"sac-a-main-en-cuir-et-daim-bleu-marine","status":"publish","type":"product","link":"https:\/\/olgaluxurycreation.com\/en\/product\/sac-a-main-en-cuir-et-daim-bleu-marine\/","title":{"rendered":"Pochette Mariage en cuir Bleu Marine et fermoir Argent\u00e9e"},"content":{"rendered":"<div class=\"flex max-w-full flex-col flex-grow\">\n<div class=\"min-h-[20px] text-message flex w-full flex-col items-end gap-2 break-words [.text-message+&amp;]:mt-5 overflow-x-auto whitespace-normal\" dir=\"auto\" data-message-author-role=\"assistant\" data-message-id=\"9aab38d6-da35-4527-a3cf-bd563e5fe144\">\n<div class=\"flex w-full flex-col gap-1 empty:hidden first:pt-[3px]\">\n<div class=\"markdown prose w-full break-words dark:prose-invert light\">\n<p>Les sacs en cuir et daim bleu marine de notre marque sont des pi\u00e8ces uniques, fabriqu\u00e9es avec une pr\u00e9cision de qualit\u00e9 exceptionnelle. Nous s\u00e9lectionnons soigneusement le cuir aupr\u00e8s de fournisseurs locaux pour garantir une qualit\u00e9 irr\u00e9prochable. Chaque <em><strong>Pochette Mariage en cuir Bleu Marine<\/strong><\/em> et fermoir Argent\u00e9e est confectionn\u00e9 avec une attention m\u00e9ticuleuse aux d\u00e9tails, offrant des cr\u00e9ations v\u00e9ritablement uniques pour ceux qui recherchent l&rsquo;exclusivit\u00e9.<\/p>\n<p>These bags are essential items in our collection, designed to be indispensable in your everyday life. They'll enhance and sublimate your style while meeting your expectations with elegance. Each model is made in France from genuine leather and suede, adding significant value to your needs and your look.<\/p>\n<\/div>\n<\/div>\n<\/div>\n<\/div>\n<div class=\"mt-1 flex gap-3 empty:hidden -ml-2\">\n<div class=\"items-center justify-start rounded-xl p-1 flex\">\n<div class=\"flex items-center\">\n<div class=\"flex\"><\/div>\n<div class=\"flex items-center pb-0\">\n<div class=\"[&amp;_svg]:h-full [&amp;_svg]:w-full icon-md h-4 w-4\"><\/div>\n<\/div>\n<\/div>\n<\/div>\n<\/div>","protected":false},"excerpt":{"rendered":"<p>Discover our navy blue suede shoulder bag, a trendy piece for 2024. Elegant and comfortable, this bag is perfect for your everyday life while making a unique style statement. Made with exceptional craftsmanship, each bag is an exclusive creation, offering innovative designs and superior quality. Ideal for carrying your essentials in style.<\/p>","protected":false},"featured_media":669,"template":"","meta":{"_acf_changed":false},"product_brand":[],"product_cat":[20],"product_tag":[147,104,146,145,139,140,138,143,142,144,141],"class_list":{"0":"post-706","1":"product","2":"type-product","3":"status-publish","4":"has-post-thumbnail","6":"product_cat-non-classe","7":"product_tag-cuir-embosse","8":"product_tag-gift-for-her","9":"product_tag-leather-navy-blue-bag","10":"product_tag-navy-blue-bags","11":"product_tag-navy-blue-clutch-bag","12":"product_tag-navy-blue-purse","13":"product_tag-pochette-mariage-en-cuir-bleu-marine-et-fermoir-argentee","14":"product_tag-retro-sac","15":"product_tag-sac-de-soiree-bleu-marine-et-argentee","16":"product_tag-trendy-small-bag","17":"product_tag-wedding-bag","19":"first","20":"instock","21":"shipping-taxable","22":"purchasable","23":"product-type-simple"},"acf":[],"yoast_head":"<!-- This site is optimized with the Yoast SEO plugin v24.6 - https:\/\/yoast.com\/wordpress\/plugins\/seo\/ -->\n<title>Pochette Mariage en cuir Bleu Marine et fermoir Argent\u00e9e - Olga Luxury Cr\u00e9ation<\/title>\n<meta name=\"robots\" content=\"index, follow, max-snippet:-1, max-image-preview:large, max-video-preview:-1\" \/>\n<link rel=\"canonical\" href=\"https:\/\/olgaluxurycreation.com\/en\/product\/sac-a-main-en-cuir-et-daim-bleu-marine\/\" \/>\n<meta property=\"og:locale\" content=\"en_GB\" \/>\n<meta property=\"og:type\" content=\"article\" \/>\n<meta property=\"og:title\" content=\"Pochette Mariage en cuir Bleu Marine et fermoir Argent\u00e9e - Olga Luxury Cr\u00e9ation\" \/>\n<meta property=\"og:description\" content=\"D\u00e9couvrez notre sac en daim bleu marine \u00e0 bandouli\u00e8re, une pi\u00e8ce tendance pour 2024. \u00c9l\u00e9gant et confortable, ce sac est parfait pour votre quotidien tout en affirmant votre style unique. Fabriqu\u00e9 avec un savoir-faire exceptionnel, chaque sac est une cr\u00e9ation exclusive, offrant des designs innovants et une qualit\u00e9 sup\u00e9rieure. Id\u00e9al pour transporter vos objets essentiels avec raffinement.\" \/>\n<meta property=\"og:url\" content=\"https:\/\/olgaluxurycreation.com\/en\/product\/sac-a-main-en-cuir-et-daim-bleu-marine\/\" \/>\n<meta property=\"og:site_name\" content=\"Olga Luxury Cr\u00e9ation\" \/>\n<meta property=\"article:modified_time\" content=\"2024-11-26T23:31:24+00:00\" \/>\n<meta property=\"og:image\" content=\"https:\/\/olgaluxurycreation.com\/wp-content\/uploads\/2024\/07\/SacCuir-Bleu-ecaille2.jpeg\" \/>\n\t<meta property=\"og:image:width\" content=\"427\" \/>\n\t<meta property=\"og:image:height\" content=\"640\" \/>\n\t<meta property=\"og:image:type\" content=\"image\/jpeg\" \/>\n<meta name=\"twitter:card\" content=\"summary_large_image\" \/>\n<meta name=\"twitter:label1\" content=\"Estimated reading time\" \/>\n\t<meta name=\"twitter:data1\" content=\"1 minute\" \/>\n<script type=\"application\/ld+json\" class=\"yoast-schema-graph\">{\"@context\":\"https:\/\/schema.org\",\"@graph\":[{\"@type\":\"WebPage\",\"@id\":\"https:\/\/olgaluxurycreation.com\/produit\/sac-a-main-en-cuir-et-daim-bleu-marine\/\",\"url\":\"https:\/\/olgaluxurycreation.com\/produit\/sac-a-main-en-cuir-et-daim-bleu-marine\/\",\"name\":\"Pochette Mariage en cuir Bleu Marine et fermoir Argent\u00e9e - Olga Luxury Cr\u00e9ation\",\"isPartOf\":{\"@id\":\"https:\/\/olgaluxurycreation.com\/#website\"},\"primaryImageOfPage\":{\"@id\":\"https:\/\/olgaluxurycreation.com\/produit\/sac-a-main-en-cuir-et-daim-bleu-marine\/#primaryimage\"},\"image\":{\"@id\":\"https:\/\/olgaluxurycreation.com\/produit\/sac-a-main-en-cuir-et-daim-bleu-marine\/#primaryimage\"},\"thumbnailUrl\":\"https:\/\/olgaluxurycreation.com\/wp-content\/uploads\/2024\/07\/SacCuir-Bleu-ecaille2.jpeg\",\"datePublished\":\"2024-07-24T14:20:53+00:00\",\"dateModified\":\"2024-11-26T23:31:24+00:00\",\"breadcrumb\":{\"@id\":\"https:\/\/olgaluxurycreation.com\/produit\/sac-a-main-en-cuir-et-daim-bleu-marine\/#breadcrumb\"},\"inLanguage\":\"en-GB\",\"potentialAction\":[{\"@type\":\"ReadAction\",\"target\":[\"https:\/\/olgaluxurycreation.com\/produit\/sac-a-main-en-cuir-et-daim-bleu-marine\/\"]}]},{\"@type\":\"ImageObject\",\"inLanguage\":\"en-GB\",\"@id\":\"https:\/\/olgaluxurycreation.com\/produit\/sac-a-main-en-cuir-et-daim-bleu-marine\/#primaryimage\",\"url\":\"https:\/\/olgaluxurycreation.com\/wp-content\/uploads\/2024\/07\/SacCuir-Bleu-ecaille2.jpeg\",\"contentUrl\":\"https:\/\/olgaluxurycreation.com\/wp-content\/uploads\/2024\/07\/SacCuir-Bleu-ecaille2.jpeg\",\"width\":427,\"height\":640},{\"@type\":\"BreadcrumbList\",\"@id\":\"https:\/\/olgaluxurycreation.com\/produit\/sac-a-main-en-cuir-et-daim-bleu-marine\/#breadcrumb\",\"itemListElement\":[{\"@type\":\"ListItem\",\"position\":1,\"name\":\"Accueil\",\"item\":\"https:\/\/olgaluxurycreation.com\/\"},{\"@type\":\"ListItem\",\"position\":2,\"name\":\"Boutique\",\"item\":\"https:\/\/olgaluxurycreation.com\/boutique\/\"},{\"@type\":\"ListItem\",\"position\":3,\"name\":\"Pochette Mariage en cuir Bleu Marine et fermoir Argent\u00e9e\"}]},{\"@type\":\"WebSite\",\"@id\":\"https:\/\/olgaluxurycreation.com\/#website\",\"url\":\"https:\/\/olgaluxurycreation.com\/\",\"name\":\"Olga Luxury Cr\u00e9ation\",\"description\":\"Sacs en cuir v\u00e9ritable faits main par Olga Luxury Cr\u00e9ation\",\"potentialAction\":[{\"@type\":\"SearchAction\",\"target\":{\"@type\":\"EntryPoint\",\"urlTemplate\":\"https:\/\/olgaluxurycreation.com\/?s={search_term_string}\"},\"query-input\":{\"@type\":\"PropertyValueSpecification\",\"valueRequired\":true,\"valueName\":\"search_term_string\"}}],\"inLanguage\":\"en-GB\"}]}<\/script>\n<!-- \/ Yoast SEO plugin. -->","yoast_head_json":{"title":"Pochette Mariage en cuir Bleu Marine et fermoir Argent\u00e9e - Olga Luxury Cr\u00e9ation","robots":{"index":"index","follow":"follow","max-snippet":"max-snippet:-1","max-image-preview":"max-image-preview:large","max-video-preview":"max-video-preview:-1"},"canonical":"https:\/\/olgaluxurycreation.com\/en\/product\/sac-a-main-en-cuir-et-daim-bleu-marine\/","og_locale":"en_GB","og_type":"article","og_title":"Pochette Mariage en cuir Bleu Marine et fermoir Argent\u00e9e - Olga Luxury Cr\u00e9ation","og_description":"D\u00e9couvrez notre sac en daim bleu marine \u00e0 bandouli\u00e8re, une pi\u00e8ce tendance pour 2024. \u00c9l\u00e9gant et confortable, ce sac est parfait pour votre quotidien tout en affirmant votre style unique. Fabriqu\u00e9 avec un savoir-faire exceptionnel, chaque sac est une cr\u00e9ation exclusive, offrant des designs innovants et une qualit\u00e9 sup\u00e9rieure. Id\u00e9al pour transporter vos objets essentiels avec raffinement.","og_url":"https:\/\/olgaluxurycreation.com\/en\/product\/sac-a-main-en-cuir-et-daim-bleu-marine\/","og_site_name":"Olga Luxury Cr\u00e9ation","article_modified_time":"2024-11-26T23:31:24+00:00","og_image":[{"width":427,"height":640,"url":"https:\/\/olgaluxurycreation.com\/wp-content\/uploads\/2024\/07\/SacCuir-Bleu-ecaille2.jpeg","type":"image\/jpeg"}],"twitter_card":"summary_large_image","twitter_misc":{"Estimated reading time":"1 minute"},"schema":{"@context":"https:\/\/schema.org","@graph":[{"@type":"WebPage","@id":"https:\/\/olgaluxurycreation.com\/produit\/sac-a-main-en-cuir-et-daim-bleu-marine\/","url":"https:\/\/olgaluxurycreation.com\/produit\/sac-a-main-en-cuir-et-daim-bleu-marine\/","name":"Pochette Mariage en cuir Bleu Marine et fermoir Argent\u00e9e - Olga Luxury Cr\u00e9ation","isPartOf":{"@id":"https:\/\/olgaluxurycreation.com\/#website"},"primaryImageOfPage":{"@id":"https:\/\/olgaluxurycreation.com\/produit\/sac-a-main-en-cuir-et-daim-bleu-marine\/#primaryimage"},"image":{"@id":"https:\/\/olgaluxurycreation.com\/produit\/sac-a-main-en-cuir-et-daim-bleu-marine\/#primaryimage"},"thumbnailUrl":"https:\/\/olgaluxurycreation.com\/wp-content\/uploads\/2024\/07\/SacCuir-Bleu-ecaille2.jpeg","datePublished":"2024-07-24T14:20:53+00:00","dateModified":"2024-11-26T23:31:24+00:00","breadcrumb":{"@id":"https:\/\/olgaluxurycreation.com\/produit\/sac-a-main-en-cuir-et-daim-bleu-marine\/#breadcrumb"},"inLanguage":"en-GB","potentialAction":[{"@type":"ReadAction","target":["https:\/\/olgaluxurycreation.com\/produit\/sac-a-main-en-cuir-et-daim-bleu-marine\/"]}]},{"@type":"ImageObject","inLanguage":"en-GB","@id":"https:\/\/olgaluxurycreation.com\/produit\/sac-a-main-en-cuir-et-daim-bleu-marine\/#primaryimage","url":"https:\/\/olgaluxurycreation.com\/wp-content\/uploads\/2024\/07\/SacCuir-Bleu-ecaille2.jpeg","contentUrl":"https:\/\/olgaluxurycreation.com\/wp-content\/uploads\/2024\/07\/SacCuir-Bleu-ecaille2.jpeg","width":427,"height":640},{"@type":"BreadcrumbList","@id":"https:\/\/olgaluxurycreation.com\/produit\/sac-a-main-en-cuir-et-daim-bleu-marine\/#breadcrumb","itemListElement":[{"@type":"ListItem","position":1,"name":"Accueil","item":"https:\/\/olgaluxurycreation.com\/"},{"@type":"ListItem","position":2,"name":"Boutique","item":"https:\/\/olgaluxurycreation.com\/boutique\/"},{"@type":"ListItem","position":3,"name":"Pochette Mariage en cuir Bleu Marine et fermoir Argent\u00e9e"}]},{"@type":"WebSite","@id":"https:\/\/olgaluxurycreation.com\/#website","url":"https:\/\/olgaluxurycreation.com\/","name":"Olga Luxury Cr\u00e9ation","description":"Sacs en cuir v\u00e9ritable faits main par Olga Luxury Cr\u00e9ation","potentialAction":[{"@type":"SearchAction","target":{"@type":"EntryPoint","urlTemplate":"https:\/\/olgaluxurycreation.com\/?s={search_term_string}"},"query-input":{"@type":"PropertyValueSpecification","valueRequired":true,"valueName":"search_term_string"}}],"inLanguage":"en-GB"}]}},"_links":{"self":[{"href":"https:\/\/olgaluxurycreation.com\/en\/wp-json\/wp\/v2\/product\/706","targetHints":{"allow":["GET"]}}],"collection":[{"href":"https:\/\/olgaluxurycreation.com\/en\/wp-json\/wp\/v2\/product"}],"about":[{"href":"https:\/\/olgaluxurycreation.com\/en\/wp-json\/wp\/v2\/types\/product"}],"wp:featuredmedia":[{"embeddable":true,"href":"https:\/\/olgaluxurycreation.com\/en\/wp-json\/wp\/v2\/media\/669"}],"wp:attachment":[{"href":"https:\/\/olgaluxurycreation.com\/en\/wp-json\/wp\/v2\/media?parent=706"}],"wp:term":[{"taxonomy":"product_brand","embeddable":true,"href":"https:\/\/olgaluxurycreation.com\/en\/wp-json\/wp\/v2\/product_brand?post=706"},{"taxonomy":"product_cat","embeddable":true,"href":"https:\/\/olgaluxurycreation.com\/en\/wp-json\/wp\/v2\/product_cat?post=706"},{"taxonomy":"product_tag","embeddable":true,"href":"https:\/\/olgaluxurycreation.com\/en\/wp-json\/wp\/v2\/product_tag?post=706"}],"curies":[{"name":"wp","href":"https:\/\/api.w.org\/{rel}","templated":true}]}}