{"id":707,"date":"2024-07-24T16:26:53","date_gmt":"2024-07-24T14:26:53","guid":{"rendered":"https:\/\/olgaluxurycreation.com\/?post_type=product&#038;p=707"},"modified":"2025-07-09T17:40:17","modified_gmt":"2025-07-09T15:40:17","slug":"sac-a-main-en-cuir-noir-matelasse","status":"publish","type":"product","link":"https:\/\/olgaluxurycreation.com\/en\/product\/sac-a-main-en-cuir-noir-matelasse\/","title":{"rendered":"Sac de Soir\u00e9e en cuir noir matelass\u00e9 avec fermoir r\u00e9tro dor\u00e9"},"content":{"rendered":"<p>Les sacs en cuir de notre marque sont des pi\u00e8ces uniques, fabriqu\u00e9es avec une pr\u00e9cision de qualit\u00e9 exceptionnelle. Nous s\u00e9lectionnons le cuir avec soin aupr\u00e8s de fournisseurs locaux pour garantir une qualit\u00e9 irr\u00e9prochable. Chaque<em><strong> sac de soir\u00e9e en cuir noir matelass\u00e9<\/strong> <\/em>est confectionn\u00e9 avec une attention m\u00e9ticuleuse aux d\u00e9tails, offrant des cr\u00e9ations v\u00e9ritablement uniques pour ceux qui recherchent l&rsquo;exclusivit\u00e9 et l&rsquo;\u00e9l\u00e9gance.<\/p>","protected":false},"excerpt":{"rendered":"<p>Opt for elegance with our black quilted leather evening and wedding bag. This refined bag is the perfect accessory to enhance your outfits for special occasions, combining sophistication and timeless style.<\/p>","protected":false},"featured_media":665,"template":"","meta":{"_acf_changed":false},"product_brand":[],"product_cat":[20],"product_tag":[128,123,124,121,125,127,126,119,118,220,122,117,129,120],"class_list":{"0":"post-707","1":"product","2":"type-product","3":"status-publish","4":"has-post-thumbnail","6":"product_cat-non-classe","7":"product_tag-black-evening-bag","8":"product_tag-black-leather-bag","9":"product_tag-black-quilted-bag","10":"product_tag-coin-purse-vintage","11":"product_tag-gift-unique-for-her","12":"product_tag-made-in-france","13":"product_tag-olgaluxurycreation-logo-bag","14":"product_tag-pochette-cuir","15":"product_tag-pochette-noir","16":"product_tag-quilted-mini-kisslock-clutch","17":"product_tag-retro-sac-a-main","18":"product_tag-sac-de-soiree-en-cuir-noir-matelasse-avec-fermoir-retro-dore","19":"product_tag-shoulder-wedding-clutch","20":"product_tag-small-leather-purse","22":"first","23":"instock","24":"shipping-taxable","25":"purchasable","26":"product-type-simple"},"acf":[],"yoast_head":"<!-- This site is optimized with the Yoast SEO plugin v24.6 - https:\/\/yoast.com\/wordpress\/plugins\/seo\/ -->\n<title>Sac de Soir\u00e9e en cuir noir matelass\u00e9 avec fermoir r\u00e9tro dor\u00e9 - Olga Luxury Cr\u00e9ation<\/title>\n<meta name=\"robots\" content=\"index, follow, max-snippet:-1, max-image-preview:large, max-video-preview:-1\" \/>\n<link rel=\"canonical\" href=\"https:\/\/olgaluxurycreation.com\/en\/product\/sac-a-main-en-cuir-noir-matelasse\/\" \/>\n<meta property=\"og:locale\" content=\"en_GB\" \/>\n<meta property=\"og:type\" content=\"article\" \/>\n<meta property=\"og:title\" content=\"Sac de Soir\u00e9e en cuir noir matelass\u00e9 avec fermoir r\u00e9tro dor\u00e9 - Olga Luxury Cr\u00e9ation\" \/>\n<meta property=\"og:description\" content=\"Optez pour l&#039;\u00e9l\u00e9gance avec notre sac de soir\u00e9e et mariage en cuir matelass\u00e9 noir. Ce sac raffin\u00e9 est l&#039;accessoire parfait pour sublimer vos tenues lors des grandes occasions, alliant sophistication et style intemporel.\" \/>\n<meta property=\"og:url\" content=\"https:\/\/olgaluxurycreation.com\/en\/product\/sac-a-main-en-cuir-noir-matelasse\/\" \/>\n<meta property=\"og:site_name\" content=\"Olga Luxury Cr\u00e9ation\" \/>\n<meta property=\"article:modified_time\" content=\"2025-07-09T15:40:17+00:00\" \/>\n<meta property=\"og:image\" content=\"https:\/\/olgaluxurycreation.com\/wp-content\/uploads\/2024\/07\/Sac-Daim-Noir2.jpeg\" \/>\n\t<meta property=\"og:image:width\" content=\"427\" \/>\n\t<meta property=\"og:image:height\" content=\"640\" \/>\n\t<meta property=\"og:image:type\" content=\"image\/jpeg\" \/>\n<meta name=\"twitter:card\" content=\"summary_large_image\" \/>\n<meta name=\"twitter:label1\" content=\"Estimated reading time\" \/>\n\t<meta name=\"twitter:data1\" content=\"1 minute\" \/>\n<script type=\"application\/ld+json\" class=\"yoast-schema-graph\">{\"@context\":\"https:\/\/schema.org\",\"@graph\":[{\"@type\":\"WebPage\",\"@id\":\"https:\/\/olgaluxurycreation.com\/produit\/sac-a-main-en-cuir-noir-matelasse\/\",\"url\":\"https:\/\/olgaluxurycreation.com\/produit\/sac-a-main-en-cuir-noir-matelasse\/\",\"name\":\"Sac de Soir\u00e9e en cuir noir matelass\u00e9 avec fermoir r\u00e9tro dor\u00e9 - Olga Luxury Cr\u00e9ation\",\"isPartOf\":{\"@id\":\"https:\/\/olgaluxurycreation.com\/#website\"},\"primaryImageOfPage\":{\"@id\":\"https:\/\/olgaluxurycreation.com\/produit\/sac-a-main-en-cuir-noir-matelasse\/#primaryimage\"},\"image\":{\"@id\":\"https:\/\/olgaluxurycreation.com\/produit\/sac-a-main-en-cuir-noir-matelasse\/#primaryimage\"},\"thumbnailUrl\":\"https:\/\/olgaluxurycreation.com\/wp-content\/uploads\/2024\/07\/Sac-Daim-Noir2.jpeg\",\"datePublished\":\"2024-07-24T14:26:53+00:00\",\"dateModified\":\"2025-07-09T15:40:17+00:00\",\"breadcrumb\":{\"@id\":\"https:\/\/olgaluxurycreation.com\/produit\/sac-a-main-en-cuir-noir-matelasse\/#breadcrumb\"},\"inLanguage\":\"en-GB\",\"potentialAction\":[{\"@type\":\"ReadAction\",\"target\":[\"https:\/\/olgaluxurycreation.com\/produit\/sac-a-main-en-cuir-noir-matelasse\/\"]}]},{\"@type\":\"ImageObject\",\"inLanguage\":\"en-GB\",\"@id\":\"https:\/\/olgaluxurycreation.com\/produit\/sac-a-main-en-cuir-noir-matelasse\/#primaryimage\",\"url\":\"https:\/\/olgaluxurycreation.com\/wp-content\/uploads\/2024\/07\/Sac-Daim-Noir2.jpeg\",\"contentUrl\":\"https:\/\/olgaluxurycreation.com\/wp-content\/uploads\/2024\/07\/Sac-Daim-Noir2.jpeg\",\"width\":427,\"height\":640},{\"@type\":\"BreadcrumbList\",\"@id\":\"https:\/\/olgaluxurycreation.com\/produit\/sac-a-main-en-cuir-noir-matelasse\/#breadcrumb\",\"itemListElement\":[{\"@type\":\"ListItem\",\"position\":1,\"name\":\"Accueil\",\"item\":\"https:\/\/olgaluxurycreation.com\/\"},{\"@type\":\"ListItem\",\"position\":2,\"name\":\"Boutique\",\"item\":\"https:\/\/olgaluxurycreation.com\/boutique\/\"},{\"@type\":\"ListItem\",\"position\":3,\"name\":\"Sac de Soir\u00e9e en cuir noir matelass\u00e9 avec fermoir r\u00e9tro dor\u00e9\"}]},{\"@type\":\"WebSite\",\"@id\":\"https:\/\/olgaluxurycreation.com\/#website\",\"url\":\"https:\/\/olgaluxurycreation.com\/\",\"name\":\"Olga Luxury Cr\u00e9ation\",\"description\":\"Sacs en cuir v\u00e9ritable faits main par Olga Luxury Cr\u00e9ation\",\"potentialAction\":[{\"@type\":\"SearchAction\",\"target\":{\"@type\":\"EntryPoint\",\"urlTemplate\":\"https:\/\/olgaluxurycreation.com\/?s={search_term_string}\"},\"query-input\":{\"@type\":\"PropertyValueSpecification\",\"valueRequired\":true,\"valueName\":\"search_term_string\"}}],\"inLanguage\":\"en-GB\"}]}<\/script>\n<!-- \/ Yoast SEO plugin. -->","yoast_head_json":{"title":"Sac de Soir\u00e9e en cuir noir matelass\u00e9 avec fermoir r\u00e9tro dor\u00e9 - Olga Luxury Cr\u00e9ation","robots":{"index":"index","follow":"follow","max-snippet":"max-snippet:-1","max-image-preview":"max-image-preview:large","max-video-preview":"max-video-preview:-1"},"canonical":"https:\/\/olgaluxurycreation.com\/en\/product\/sac-a-main-en-cuir-noir-matelasse\/","og_locale":"en_GB","og_type":"article","og_title":"Sac de Soir\u00e9e en cuir noir matelass\u00e9 avec fermoir r\u00e9tro dor\u00e9 - Olga Luxury Cr\u00e9ation","og_description":"Optez pour l'\u00e9l\u00e9gance avec notre sac de soir\u00e9e et mariage en cuir matelass\u00e9 noir. Ce sac raffin\u00e9 est l'accessoire parfait pour sublimer vos tenues lors des grandes occasions, alliant sophistication et style intemporel.","og_url":"https:\/\/olgaluxurycreation.com\/en\/product\/sac-a-main-en-cuir-noir-matelasse\/","og_site_name":"Olga Luxury Cr\u00e9ation","article_modified_time":"2025-07-09T15:40:17+00:00","og_image":[{"width":427,"height":640,"url":"https:\/\/olgaluxurycreation.com\/wp-content\/uploads\/2024\/07\/Sac-Daim-Noir2.jpeg","type":"image\/jpeg"}],"twitter_card":"summary_large_image","twitter_misc":{"Estimated reading time":"1 minute"},"schema":{"@context":"https:\/\/schema.org","@graph":[{"@type":"WebPage","@id":"https:\/\/olgaluxurycreation.com\/produit\/sac-a-main-en-cuir-noir-matelasse\/","url":"https:\/\/olgaluxurycreation.com\/produit\/sac-a-main-en-cuir-noir-matelasse\/","name":"Sac de Soir\u00e9e en cuir noir matelass\u00e9 avec fermoir r\u00e9tro dor\u00e9 - Olga Luxury Cr\u00e9ation","isPartOf":{"@id":"https:\/\/olgaluxurycreation.com\/#website"},"primaryImageOfPage":{"@id":"https:\/\/olgaluxurycreation.com\/produit\/sac-a-main-en-cuir-noir-matelasse\/#primaryimage"},"image":{"@id":"https:\/\/olgaluxurycreation.com\/produit\/sac-a-main-en-cuir-noir-matelasse\/#primaryimage"},"thumbnailUrl":"https:\/\/olgaluxurycreation.com\/wp-content\/uploads\/2024\/07\/Sac-Daim-Noir2.jpeg","datePublished":"2024-07-24T14:26:53+00:00","dateModified":"2025-07-09T15:40:17+00:00","breadcrumb":{"@id":"https:\/\/olgaluxurycreation.com\/produit\/sac-a-main-en-cuir-noir-matelasse\/#breadcrumb"},"inLanguage":"en-GB","potentialAction":[{"@type":"ReadAction","target":["https:\/\/olgaluxurycreation.com\/produit\/sac-a-main-en-cuir-noir-matelasse\/"]}]},{"@type":"ImageObject","inLanguage":"en-GB","@id":"https:\/\/olgaluxurycreation.com\/produit\/sac-a-main-en-cuir-noir-matelasse\/#primaryimage","url":"https:\/\/olgaluxurycreation.com\/wp-content\/uploads\/2024\/07\/Sac-Daim-Noir2.jpeg","contentUrl":"https:\/\/olgaluxurycreation.com\/wp-content\/uploads\/2024\/07\/Sac-Daim-Noir2.jpeg","width":427,"height":640},{"@type":"BreadcrumbList","@id":"https:\/\/olgaluxurycreation.com\/produit\/sac-a-main-en-cuir-noir-matelasse\/#breadcrumb","itemListElement":[{"@type":"ListItem","position":1,"name":"Accueil","item":"https:\/\/olgaluxurycreation.com\/"},{"@type":"ListItem","position":2,"name":"Boutique","item":"https:\/\/olgaluxurycreation.com\/boutique\/"},{"@type":"ListItem","position":3,"name":"Sac de Soir\u00e9e en cuir noir matelass\u00e9 avec fermoir r\u00e9tro dor\u00e9"}]},{"@type":"WebSite","@id":"https:\/\/olgaluxurycreation.com\/#website","url":"https:\/\/olgaluxurycreation.com\/","name":"Olga Luxury Cr\u00e9ation","description":"Sacs en cuir v\u00e9ritable faits main par Olga Luxury Cr\u00e9ation","potentialAction":[{"@type":"SearchAction","target":{"@type":"EntryPoint","urlTemplate":"https:\/\/olgaluxurycreation.com\/?s={search_term_string}"},"query-input":{"@type":"PropertyValueSpecification","valueRequired":true,"valueName":"search_term_string"}}],"inLanguage":"en-GB"}]}},"_links":{"self":[{"href":"https:\/\/olgaluxurycreation.com\/en\/wp-json\/wp\/v2\/product\/707","targetHints":{"allow":["GET"]}}],"collection":[{"href":"https:\/\/olgaluxurycreation.com\/en\/wp-json\/wp\/v2\/product"}],"about":[{"href":"https:\/\/olgaluxurycreation.com\/en\/wp-json\/wp\/v2\/types\/product"}],"wp:featuredmedia":[{"embeddable":true,"href":"https:\/\/olgaluxurycreation.com\/en\/wp-json\/wp\/v2\/media\/665"}],"wp:attachment":[{"href":"https:\/\/olgaluxurycreation.com\/en\/wp-json\/wp\/v2\/media?parent=707"}],"wp:term":[{"taxonomy":"product_brand","embeddable":true,"href":"https:\/\/olgaluxurycreation.com\/en\/wp-json\/wp\/v2\/product_brand?post=707"},{"taxonomy":"product_cat","embeddable":true,"href":"https:\/\/olgaluxurycreation.com\/en\/wp-json\/wp\/v2\/product_cat?post=707"},{"taxonomy":"product_tag","embeddable":true,"href":"https:\/\/olgaluxurycreation.com\/en\/wp-json\/wp\/v2\/product_tag?post=707"}],"curies":[{"name":"wp","href":"https:\/\/api.w.org\/{rel}","templated":true}]}}