{"id":708,"date":"2024-07-24T16:35:17","date_gmt":"2024-07-24T14:35:17","guid":{"rendered":"https:\/\/olgaluxurycreation.com\/?post_type=product&#038;p=708"},"modified":"2025-07-09T17:31:13","modified_gmt":"2025-07-09T15:31:13","slug":"sac-a-main-fourre-tout-en-cuir-noir","status":"publish","type":"product","link":"https:\/\/olgaluxurycreation.com\/en\/product\/sac-a-main-fourre-tout-en-cuir-noir\/","title":{"rendered":"Sac Noir en Cuir souple port\u00e9 \u00e9paule finition en Bronze, fourre-tout en cuir noir"},"content":{"rendered":"<div class=\"flex max-w-full flex-col flex-grow\">\n<div class=\"min-h-[20px] text-message flex w-full flex-col items-end gap-2 break-words [.text-message+&amp;]:mt-5 overflow-x-auto whitespace-normal\" dir=\"auto\" data-message-author-role=\"assistant\" data-message-id=\"e42ceeba-fa21-4419-bac5-a9ee259c8682\">\n<div class=\"flex w-full flex-col gap-1 empty:hidden first:pt-[3px]\">\n<div class=\"markdown prose w-full break-words dark:prose-invert light\">\n<p>The handcrafted leather bag is made using exceptional French know-how, guaranteeing original and unique pieces. Each bag is designed with meticulous attention to detail and precise finishing to ensure impeccable quality.<\/p>\n<p>The Olga Luxury Cr\u00e9ation handcrafted leather bag will be your ideal everyday companion, perfectly complementing your accessories and outfits. It will enrich your style and set you apart with its unique, refined character.<\/p>\n<\/div>\n<\/div>\n<\/div>\n<\/div>","protected":false},"excerpt":{"rendered":"<p>Discover our black leather Hobo bag, a spacious and elegant tote made in France. This supple leather handbag combines style and practicality, perfect for everyday use. An ideal gift, combining timeless design and quality craftsmanship.<\/p>","protected":false},"featured_media":735,"template":"","meta":{"_acf_changed":false},"product_brand":[],"product_cat":[20],"product_tag":[110,214,161,80,164,212,211,213,215,63],"class_list":{"0":"post-708","1":"product","2":"type-product","3":"status-publish","4":"has-post-thumbnail","6":"product_cat-non-classe","7":"product_tag-black-leather-hobo-bag","8":"product_tag-cadeau-anniversaire-femme","9":"product_tag-cadeau-pour-elle","10":"product_tag-sac-a-main-femme","11":"product_tag-sac-cuir-de-luxe","12":"product_tag-sac-cuir-souple","13":"product_tag-sac-hobo-cuir-noir","14":"product_tag-sac-noir-en-cuir","15":"product_tag-sac-unique-fait-main","16":"product_tag-soft-leather-bag","18":"first","19":"instock","20":"shipping-taxable","21":"purchasable","22":"product-type-simple"},"acf":[],"yoast_head":"<!-- This site is optimized with the Yoast SEO plugin v24.6 - https:\/\/yoast.com\/wordpress\/plugins\/seo\/ -->\n<title>Sac Noir en Cuir souple port\u00e9 \u00e9paule finition en Bronze, fourre-tout en cuir noir - Olga Luxury Cr\u00e9ation<\/title>\n<meta name=\"robots\" content=\"index, follow, max-snippet:-1, max-image-preview:large, max-video-preview:-1\" \/>\n<link rel=\"canonical\" href=\"https:\/\/olgaluxurycreation.com\/en\/product\/sac-a-main-fourre-tout-en-cuir-noir\/\" \/>\n<meta property=\"og:locale\" content=\"en_GB\" \/>\n<meta property=\"og:type\" content=\"article\" \/>\n<meta property=\"og:title\" content=\"Sac Noir en Cuir souple port\u00e9 \u00e9paule finition en Bronze, fourre-tout en cuir noir - Olga Luxury Cr\u00e9ation\" \/>\n<meta property=\"og:description\" content=\"D\u00e9couvrez notre sac Hobo en cuir noir, un fourre-tout spacieux et \u00e9l\u00e9gant, fabriqu\u00e9 en France. Ce sac \u00e0 main en cuir souple combine style et praticit\u00e9, parfait pour un usage quotidien. Un cadeau id\u00e9al, alliant design intemporel et artisanat de qualit\u00e9.\" \/>\n<meta property=\"og:url\" content=\"https:\/\/olgaluxurycreation.com\/en\/product\/sac-a-main-fourre-tout-en-cuir-noir\/\" \/>\n<meta property=\"og:site_name\" content=\"Olga Luxury Cr\u00e9ation\" \/>\n<meta property=\"article:modified_time\" content=\"2025-07-09T15:31:13+00:00\" \/>\n<meta property=\"og:image\" content=\"https:\/\/olgaluxurycreation.com\/wp-content\/uploads\/2024\/07\/olga-SacCuir-Noir.jpg\" \/>\n\t<meta property=\"og:image:width\" content=\"427\" \/>\n\t<meta property=\"og:image:height\" content=\"640\" \/>\n\t<meta property=\"og:image:type\" content=\"image\/jpeg\" \/>\n<meta name=\"twitter:card\" content=\"summary_large_image\" \/>\n<meta name=\"twitter:label1\" content=\"Estimated reading time\" \/>\n\t<meta name=\"twitter:data1\" content=\"1 minute\" \/>\n<script type=\"application\/ld+json\" class=\"yoast-schema-graph\">{\"@context\":\"https:\/\/schema.org\",\"@graph\":[{\"@type\":\"WebPage\",\"@id\":\"https:\/\/olgaluxurycreation.com\/produit\/sac-a-main-fourre-tout-en-cuir-noir\/\",\"url\":\"https:\/\/olgaluxurycreation.com\/produit\/sac-a-main-fourre-tout-en-cuir-noir\/\",\"name\":\"Sac Noir en Cuir souple port\u00e9 \u00e9paule finition en Bronze, fourre-tout en cuir noir - Olga Luxury Cr\u00e9ation\",\"isPartOf\":{\"@id\":\"https:\/\/olgaluxurycreation.com\/#website\"},\"primaryImageOfPage\":{\"@id\":\"https:\/\/olgaluxurycreation.com\/produit\/sac-a-main-fourre-tout-en-cuir-noir\/#primaryimage\"},\"image\":{\"@id\":\"https:\/\/olgaluxurycreation.com\/produit\/sac-a-main-fourre-tout-en-cuir-noir\/#primaryimage\"},\"thumbnailUrl\":\"https:\/\/olgaluxurycreation.com\/wp-content\/uploads\/2024\/07\/olga-SacCuir-Noir.jpg\",\"datePublished\":\"2024-07-24T14:35:17+00:00\",\"dateModified\":\"2025-07-09T15:31:13+00:00\",\"breadcrumb\":{\"@id\":\"https:\/\/olgaluxurycreation.com\/produit\/sac-a-main-fourre-tout-en-cuir-noir\/#breadcrumb\"},\"inLanguage\":\"en-GB\",\"potentialAction\":[{\"@type\":\"ReadAction\",\"target\":[\"https:\/\/olgaluxurycreation.com\/produit\/sac-a-main-fourre-tout-en-cuir-noir\/\"]}]},{\"@type\":\"ImageObject\",\"inLanguage\":\"en-GB\",\"@id\":\"https:\/\/olgaluxurycreation.com\/produit\/sac-a-main-fourre-tout-en-cuir-noir\/#primaryimage\",\"url\":\"https:\/\/olgaluxurycreation.com\/wp-content\/uploads\/2024\/07\/olga-SacCuir-Noir.jpg\",\"contentUrl\":\"https:\/\/olgaluxurycreation.com\/wp-content\/uploads\/2024\/07\/olga-SacCuir-Noir.jpg\",\"width\":427,\"height\":640},{\"@type\":\"BreadcrumbList\",\"@id\":\"https:\/\/olgaluxurycreation.com\/produit\/sac-a-main-fourre-tout-en-cuir-noir\/#breadcrumb\",\"itemListElement\":[{\"@type\":\"ListItem\",\"position\":1,\"name\":\"Accueil\",\"item\":\"https:\/\/olgaluxurycreation.com\/\"},{\"@type\":\"ListItem\",\"position\":2,\"name\":\"Boutique\",\"item\":\"https:\/\/olgaluxurycreation.com\/boutique\/\"},{\"@type\":\"ListItem\",\"position\":3,\"name\":\"Sac Noir en Cuir souple port\u00e9 \u00e9paule finition en Bronze, fourre-tout en cuir noir\"}]},{\"@type\":\"WebSite\",\"@id\":\"https:\/\/olgaluxurycreation.com\/#website\",\"url\":\"https:\/\/olgaluxurycreation.com\/\",\"name\":\"Olga Luxury Cr\u00e9ation\",\"description\":\"Sacs en cuir v\u00e9ritable faits main par Olga Luxury Cr\u00e9ation\",\"potentialAction\":[{\"@type\":\"SearchAction\",\"target\":{\"@type\":\"EntryPoint\",\"urlTemplate\":\"https:\/\/olgaluxurycreation.com\/?s={search_term_string}\"},\"query-input\":{\"@type\":\"PropertyValueSpecification\",\"valueRequired\":true,\"valueName\":\"search_term_string\"}}],\"inLanguage\":\"en-GB\"}]}<\/script>\n<!-- \/ Yoast SEO plugin. -->","yoast_head_json":{"title":"Sac Noir en Cuir souple port\u00e9 \u00e9paule finition en Bronze, fourre-tout en cuir noir - Olga Luxury Cr\u00e9ation","robots":{"index":"index","follow":"follow","max-snippet":"max-snippet:-1","max-image-preview":"max-image-preview:large","max-video-preview":"max-video-preview:-1"},"canonical":"https:\/\/olgaluxurycreation.com\/en\/product\/sac-a-main-fourre-tout-en-cuir-noir\/","og_locale":"en_GB","og_type":"article","og_title":"Sac Noir en Cuir souple port\u00e9 \u00e9paule finition en Bronze, fourre-tout en cuir noir - Olga Luxury Cr\u00e9ation","og_description":"D\u00e9couvrez notre sac Hobo en cuir noir, un fourre-tout spacieux et \u00e9l\u00e9gant, fabriqu\u00e9 en France. Ce sac \u00e0 main en cuir souple combine style et praticit\u00e9, parfait pour un usage quotidien. Un cadeau id\u00e9al, alliant design intemporel et artisanat de qualit\u00e9.","og_url":"https:\/\/olgaluxurycreation.com\/en\/product\/sac-a-main-fourre-tout-en-cuir-noir\/","og_site_name":"Olga Luxury Cr\u00e9ation","article_modified_time":"2025-07-09T15:31:13+00:00","og_image":[{"width":427,"height":640,"url":"https:\/\/olgaluxurycreation.com\/wp-content\/uploads\/2024\/07\/olga-SacCuir-Noir.jpg","type":"image\/jpeg"}],"twitter_card":"summary_large_image","twitter_misc":{"Estimated reading time":"1 minute"},"schema":{"@context":"https:\/\/schema.org","@graph":[{"@type":"WebPage","@id":"https:\/\/olgaluxurycreation.com\/produit\/sac-a-main-fourre-tout-en-cuir-noir\/","url":"https:\/\/olgaluxurycreation.com\/produit\/sac-a-main-fourre-tout-en-cuir-noir\/","name":"Sac Noir en Cuir souple port\u00e9 \u00e9paule finition en Bronze, fourre-tout en cuir noir - Olga Luxury Cr\u00e9ation","isPartOf":{"@id":"https:\/\/olgaluxurycreation.com\/#website"},"primaryImageOfPage":{"@id":"https:\/\/olgaluxurycreation.com\/produit\/sac-a-main-fourre-tout-en-cuir-noir\/#primaryimage"},"image":{"@id":"https:\/\/olgaluxurycreation.com\/produit\/sac-a-main-fourre-tout-en-cuir-noir\/#primaryimage"},"thumbnailUrl":"https:\/\/olgaluxurycreation.com\/wp-content\/uploads\/2024\/07\/olga-SacCuir-Noir.jpg","datePublished":"2024-07-24T14:35:17+00:00","dateModified":"2025-07-09T15:31:13+00:00","breadcrumb":{"@id":"https:\/\/olgaluxurycreation.com\/produit\/sac-a-main-fourre-tout-en-cuir-noir\/#breadcrumb"},"inLanguage":"en-GB","potentialAction":[{"@type":"ReadAction","target":["https:\/\/olgaluxurycreation.com\/produit\/sac-a-main-fourre-tout-en-cuir-noir\/"]}]},{"@type":"ImageObject","inLanguage":"en-GB","@id":"https:\/\/olgaluxurycreation.com\/produit\/sac-a-main-fourre-tout-en-cuir-noir\/#primaryimage","url":"https:\/\/olgaluxurycreation.com\/wp-content\/uploads\/2024\/07\/olga-SacCuir-Noir.jpg","contentUrl":"https:\/\/olgaluxurycreation.com\/wp-content\/uploads\/2024\/07\/olga-SacCuir-Noir.jpg","width":427,"height":640},{"@type":"BreadcrumbList","@id":"https:\/\/olgaluxurycreation.com\/produit\/sac-a-main-fourre-tout-en-cuir-noir\/#breadcrumb","itemListElement":[{"@type":"ListItem","position":1,"name":"Accueil","item":"https:\/\/olgaluxurycreation.com\/"},{"@type":"ListItem","position":2,"name":"Boutique","item":"https:\/\/olgaluxurycreation.com\/boutique\/"},{"@type":"ListItem","position":3,"name":"Sac Noir en Cuir souple port\u00e9 \u00e9paule finition en Bronze, fourre-tout en cuir noir"}]},{"@type":"WebSite","@id":"https:\/\/olgaluxurycreation.com\/#website","url":"https:\/\/olgaluxurycreation.com\/","name":"Olga Luxury Cr\u00e9ation","description":"Sacs en cuir v\u00e9ritable faits main par Olga Luxury Cr\u00e9ation","potentialAction":[{"@type":"SearchAction","target":{"@type":"EntryPoint","urlTemplate":"https:\/\/olgaluxurycreation.com\/?s={search_term_string}"},"query-input":{"@type":"PropertyValueSpecification","valueRequired":true,"valueName":"search_term_string"}}],"inLanguage":"en-GB"}]}},"_links":{"self":[{"href":"https:\/\/olgaluxurycreation.com\/en\/wp-json\/wp\/v2\/product\/708","targetHints":{"allow":["GET"]}}],"collection":[{"href":"https:\/\/olgaluxurycreation.com\/en\/wp-json\/wp\/v2\/product"}],"about":[{"href":"https:\/\/olgaluxurycreation.com\/en\/wp-json\/wp\/v2\/types\/product"}],"wp:featuredmedia":[{"embeddable":true,"href":"https:\/\/olgaluxurycreation.com\/en\/wp-json\/wp\/v2\/media\/735"}],"wp:attachment":[{"href":"https:\/\/olgaluxurycreation.com\/en\/wp-json\/wp\/v2\/media?parent=708"}],"wp:term":[{"taxonomy":"product_brand","embeddable":true,"href":"https:\/\/olgaluxurycreation.com\/en\/wp-json\/wp\/v2\/product_brand?post=708"},{"taxonomy":"product_cat","embeddable":true,"href":"https:\/\/olgaluxurycreation.com\/en\/wp-json\/wp\/v2\/product_cat?post=708"},{"taxonomy":"product_tag","embeddable":true,"href":"https:\/\/olgaluxurycreation.com\/en\/wp-json\/wp\/v2\/product_tag?post=708"}],"curies":[{"name":"wp","href":"https:\/\/api.w.org\/{rel}","templated":true}]}}