{"id":709,"date":"2024-07-24T17:19:47","date_gmt":"2024-07-24T15:19:47","guid":{"rendered":"https:\/\/olgaluxurycreation.com\/?post_type=product&#038;p=709"},"modified":"2024-11-27T00:27:59","modified_gmt":"2024-11-26T23:27:59","slug":"sac-a-main-en-cuir-matelasse-rouge","status":"publish","type":"product","link":"https:\/\/olgaluxurycreation.com\/en\/product\/sac-a-main-en-cuir-matelasse-rouge\/","title":{"rendered":"Sac de Mariage et C\u00e9r\u00e9monie en cuir matelass\u00e9 rouge chaine dor\u00e9"},"content":{"rendered":"<p>Discover our collection of red quilted leather handbags with retro clasp, perfect for evenings out and weddings. These unique bags are made with the utmost precision and carefully selected leather from local suppliers, guaranteeing impeccable quality.<\/p>\n<p>Crafted with meticulous attention to detail, our bags offer a truly unique creation. An essential part of our collection, they enrich and enhance your everyday style. Tailored to your needs, they add significant value to every occasion.<\/p>\n<p>All our bags are lined with organic cotton, underlining our commitment to quality and sustainability. Explore our range to discover elegant and refined accessories that are just what you're looking for.<\/p>","protected":false},"excerpt":{"rendered":"<p>Discover our red quilted leather bag, an elegant evening and wedding pouch perfect for 2024. This mini shoulder bag combines fashion and refinement, making it the ideal gift. Compact and chic, it's the perfect accessory to enhance your outfits for special occasions.<\/p>","protected":false},"featured_media":734,"template":"","meta":{"_acf_changed":false},"product_brand":[],"product_cat":[20],"product_tag":[42,104,137,132,131,136,130,133,134,135],"class_list":{"0":"post-709","1":"product","2":"type-product","3":"status-publish","4":"has-post-thumbnail","6":"product_cat-non-classe","7":"product_tag-custom-made-bag","8":"product_tag-gift-for-her","9":"product_tag-quilted-red-bag","10":"product_tag-red-evening-bag","11":"product_tag-red-leather-bag","12":"product_tag-red-wedding-clutch","13":"product_tag-sac-de-mariage-et-ceremonie-en-cuir-matelasse-rouge-chaine-dore","14":"product_tag-small-leather-bag","15":"product_tag-trendy-small-purse","16":"product_tag-vintage-bag","18":"first","19":"instock","20":"shipping-taxable","21":"purchasable","22":"product-type-simple"},"acf":[],"yoast_head":"<!-- This site is optimized with the Yoast SEO plugin v24.6 - https:\/\/yoast.com\/wordpress\/plugins\/seo\/ -->\n<title>Sac de Mariage et C\u00e9r\u00e9monie en cuir matelass\u00e9 rouge chaine dor\u00e9 - Olga Luxury Cr\u00e9ation<\/title>\n<meta name=\"robots\" content=\"index, follow, max-snippet:-1, max-image-preview:large, max-video-preview:-1\" \/>\n<link rel=\"canonical\" href=\"https:\/\/olgaluxurycreation.com\/en\/product\/sac-a-main-en-cuir-matelasse-rouge\/\" \/>\n<meta property=\"og:locale\" content=\"en_GB\" \/>\n<meta property=\"og:type\" content=\"article\" \/>\n<meta property=\"og:title\" content=\"Sac de Mariage et C\u00e9r\u00e9monie en cuir matelass\u00e9 rouge chaine dor\u00e9 - Olga Luxury Cr\u00e9ation\" \/>\n<meta property=\"og:description\" content=\"D\u00e9couvrez notre sac rouge en cuir matelass\u00e9, une pochette de soir\u00e9e et mariage \u00e9l\u00e9gante, parfaite pour 2024. Ce mini sac \u00e0 bandouli\u00e8re allie tendance et raffinement, faisant de lui le cadeau id\u00e9al. Compact et chic, il est l&#039;accessoire incontournable pour sublimer vos tenues lors de grandes occasions.\" \/>\n<meta property=\"og:url\" content=\"https:\/\/olgaluxurycreation.com\/en\/product\/sac-a-main-en-cuir-matelasse-rouge\/\" \/>\n<meta property=\"og:site_name\" content=\"Olga Luxury Cr\u00e9ation\" \/>\n<meta property=\"article:modified_time\" content=\"2024-11-26T23:27:59+00:00\" \/>\n<meta property=\"og:image\" content=\"https:\/\/olgaluxurycreation.com\/wp-content\/uploads\/2024\/07\/olga-sac-cuir-Rouge-matelasse.jpg\" \/>\n\t<meta property=\"og:image:width\" content=\"427\" \/>\n\t<meta property=\"og:image:height\" content=\"640\" \/>\n\t<meta property=\"og:image:type\" content=\"image\/jpeg\" \/>\n<meta name=\"twitter:card\" content=\"summary_large_image\" \/>\n<meta name=\"twitter:label1\" content=\"Estimated reading time\" \/>\n\t<meta name=\"twitter:data1\" content=\"1 minute\" \/>\n<script type=\"application\/ld+json\" class=\"yoast-schema-graph\">{\"@context\":\"https:\/\/schema.org\",\"@graph\":[{\"@type\":\"WebPage\",\"@id\":\"https:\/\/olgaluxurycreation.com\/produit\/sac-a-main-en-cuir-matelasse-rouge\/\",\"url\":\"https:\/\/olgaluxurycreation.com\/produit\/sac-a-main-en-cuir-matelasse-rouge\/\",\"name\":\"Sac de Mariage et C\u00e9r\u00e9monie en cuir matelass\u00e9 rouge chaine dor\u00e9 - Olga Luxury Cr\u00e9ation\",\"isPartOf\":{\"@id\":\"https:\/\/olgaluxurycreation.com\/#website\"},\"primaryImageOfPage\":{\"@id\":\"https:\/\/olgaluxurycreation.com\/produit\/sac-a-main-en-cuir-matelasse-rouge\/#primaryimage\"},\"image\":{\"@id\":\"https:\/\/olgaluxurycreation.com\/produit\/sac-a-main-en-cuir-matelasse-rouge\/#primaryimage\"},\"thumbnailUrl\":\"https:\/\/olgaluxurycreation.com\/wp-content\/uploads\/2024\/07\/olga-sac-cuir-Rouge-matelasse.jpg\",\"datePublished\":\"2024-07-24T15:19:47+00:00\",\"dateModified\":\"2024-11-26T23:27:59+00:00\",\"breadcrumb\":{\"@id\":\"https:\/\/olgaluxurycreation.com\/produit\/sac-a-main-en-cuir-matelasse-rouge\/#breadcrumb\"},\"inLanguage\":\"en-GB\",\"potentialAction\":[{\"@type\":\"ReadAction\",\"target\":[\"https:\/\/olgaluxurycreation.com\/produit\/sac-a-main-en-cuir-matelasse-rouge\/\"]}]},{\"@type\":\"ImageObject\",\"inLanguage\":\"en-GB\",\"@id\":\"https:\/\/olgaluxurycreation.com\/produit\/sac-a-main-en-cuir-matelasse-rouge\/#primaryimage\",\"url\":\"https:\/\/olgaluxurycreation.com\/wp-content\/uploads\/2024\/07\/olga-sac-cuir-Rouge-matelasse.jpg\",\"contentUrl\":\"https:\/\/olgaluxurycreation.com\/wp-content\/uploads\/2024\/07\/olga-sac-cuir-Rouge-matelasse.jpg\",\"width\":427,\"height\":640},{\"@type\":\"BreadcrumbList\",\"@id\":\"https:\/\/olgaluxurycreation.com\/produit\/sac-a-main-en-cuir-matelasse-rouge\/#breadcrumb\",\"itemListElement\":[{\"@type\":\"ListItem\",\"position\":1,\"name\":\"Accueil\",\"item\":\"https:\/\/olgaluxurycreation.com\/\"},{\"@type\":\"ListItem\",\"position\":2,\"name\":\"Boutique\",\"item\":\"https:\/\/olgaluxurycreation.com\/boutique\/\"},{\"@type\":\"ListItem\",\"position\":3,\"name\":\"Sac de Mariage et C\u00e9r\u00e9monie en cuir matelass\u00e9 rouge chaine dor\u00e9\"}]},{\"@type\":\"WebSite\",\"@id\":\"https:\/\/olgaluxurycreation.com\/#website\",\"url\":\"https:\/\/olgaluxurycreation.com\/\",\"name\":\"Olga Luxury Cr\u00e9ation\",\"description\":\"Sacs en cuir v\u00e9ritable faits main par Olga Luxury Cr\u00e9ation\",\"potentialAction\":[{\"@type\":\"SearchAction\",\"target\":{\"@type\":\"EntryPoint\",\"urlTemplate\":\"https:\/\/olgaluxurycreation.com\/?s={search_term_string}\"},\"query-input\":{\"@type\":\"PropertyValueSpecification\",\"valueRequired\":true,\"valueName\":\"search_term_string\"}}],\"inLanguage\":\"en-GB\"}]}<\/script>\n<!-- \/ Yoast SEO plugin. -->","yoast_head_json":{"title":"Sac de Mariage et C\u00e9r\u00e9monie en cuir matelass\u00e9 rouge chaine dor\u00e9 - Olga Luxury Cr\u00e9ation","robots":{"index":"index","follow":"follow","max-snippet":"max-snippet:-1","max-image-preview":"max-image-preview:large","max-video-preview":"max-video-preview:-1"},"canonical":"https:\/\/olgaluxurycreation.com\/en\/product\/sac-a-main-en-cuir-matelasse-rouge\/","og_locale":"en_GB","og_type":"article","og_title":"Sac de Mariage et C\u00e9r\u00e9monie en cuir matelass\u00e9 rouge chaine dor\u00e9 - Olga Luxury Cr\u00e9ation","og_description":"D\u00e9couvrez notre sac rouge en cuir matelass\u00e9, une pochette de soir\u00e9e et mariage \u00e9l\u00e9gante, parfaite pour 2024. Ce mini sac \u00e0 bandouli\u00e8re allie tendance et raffinement, faisant de lui le cadeau id\u00e9al. Compact et chic, il est l'accessoire incontournable pour sublimer vos tenues lors de grandes occasions.","og_url":"https:\/\/olgaluxurycreation.com\/en\/product\/sac-a-main-en-cuir-matelasse-rouge\/","og_site_name":"Olga Luxury Cr\u00e9ation","article_modified_time":"2024-11-26T23:27:59+00:00","og_image":[{"width":427,"height":640,"url":"https:\/\/olgaluxurycreation.com\/wp-content\/uploads\/2024\/07\/olga-sac-cuir-Rouge-matelasse.jpg","type":"image\/jpeg"}],"twitter_card":"summary_large_image","twitter_misc":{"Estimated reading time":"1 minute"},"schema":{"@context":"https:\/\/schema.org","@graph":[{"@type":"WebPage","@id":"https:\/\/olgaluxurycreation.com\/produit\/sac-a-main-en-cuir-matelasse-rouge\/","url":"https:\/\/olgaluxurycreation.com\/produit\/sac-a-main-en-cuir-matelasse-rouge\/","name":"Sac de Mariage et C\u00e9r\u00e9monie en cuir matelass\u00e9 rouge chaine dor\u00e9 - Olga Luxury Cr\u00e9ation","isPartOf":{"@id":"https:\/\/olgaluxurycreation.com\/#website"},"primaryImageOfPage":{"@id":"https:\/\/olgaluxurycreation.com\/produit\/sac-a-main-en-cuir-matelasse-rouge\/#primaryimage"},"image":{"@id":"https:\/\/olgaluxurycreation.com\/produit\/sac-a-main-en-cuir-matelasse-rouge\/#primaryimage"},"thumbnailUrl":"https:\/\/olgaluxurycreation.com\/wp-content\/uploads\/2024\/07\/olga-sac-cuir-Rouge-matelasse.jpg","datePublished":"2024-07-24T15:19:47+00:00","dateModified":"2024-11-26T23:27:59+00:00","breadcrumb":{"@id":"https:\/\/olgaluxurycreation.com\/produit\/sac-a-main-en-cuir-matelasse-rouge\/#breadcrumb"},"inLanguage":"en-GB","potentialAction":[{"@type":"ReadAction","target":["https:\/\/olgaluxurycreation.com\/produit\/sac-a-main-en-cuir-matelasse-rouge\/"]}]},{"@type":"ImageObject","inLanguage":"en-GB","@id":"https:\/\/olgaluxurycreation.com\/produit\/sac-a-main-en-cuir-matelasse-rouge\/#primaryimage","url":"https:\/\/olgaluxurycreation.com\/wp-content\/uploads\/2024\/07\/olga-sac-cuir-Rouge-matelasse.jpg","contentUrl":"https:\/\/olgaluxurycreation.com\/wp-content\/uploads\/2024\/07\/olga-sac-cuir-Rouge-matelasse.jpg","width":427,"height":640},{"@type":"BreadcrumbList","@id":"https:\/\/olgaluxurycreation.com\/produit\/sac-a-main-en-cuir-matelasse-rouge\/#breadcrumb","itemListElement":[{"@type":"ListItem","position":1,"name":"Accueil","item":"https:\/\/olgaluxurycreation.com\/"},{"@type":"ListItem","position":2,"name":"Boutique","item":"https:\/\/olgaluxurycreation.com\/boutique\/"},{"@type":"ListItem","position":3,"name":"Sac de Mariage et C\u00e9r\u00e9monie en cuir matelass\u00e9 rouge chaine dor\u00e9"}]},{"@type":"WebSite","@id":"https:\/\/olgaluxurycreation.com\/#website","url":"https:\/\/olgaluxurycreation.com\/","name":"Olga Luxury Cr\u00e9ation","description":"Sacs en cuir v\u00e9ritable faits main par Olga Luxury Cr\u00e9ation","potentialAction":[{"@type":"SearchAction","target":{"@type":"EntryPoint","urlTemplate":"https:\/\/olgaluxurycreation.com\/?s={search_term_string}"},"query-input":{"@type":"PropertyValueSpecification","valueRequired":true,"valueName":"search_term_string"}}],"inLanguage":"en-GB"}]}},"_links":{"self":[{"href":"https:\/\/olgaluxurycreation.com\/en\/wp-json\/wp\/v2\/product\/709","targetHints":{"allow":["GET"]}}],"collection":[{"href":"https:\/\/olgaluxurycreation.com\/en\/wp-json\/wp\/v2\/product"}],"about":[{"href":"https:\/\/olgaluxurycreation.com\/en\/wp-json\/wp\/v2\/types\/product"}],"wp:featuredmedia":[{"embeddable":true,"href":"https:\/\/olgaluxurycreation.com\/en\/wp-json\/wp\/v2\/media\/734"}],"wp:attachment":[{"href":"https:\/\/olgaluxurycreation.com\/en\/wp-json\/wp\/v2\/media?parent=709"}],"wp:term":[{"taxonomy":"product_brand","embeddable":true,"href":"https:\/\/olgaluxurycreation.com\/en\/wp-json\/wp\/v2\/product_brand?post=709"},{"taxonomy":"product_cat","embeddable":true,"href":"https:\/\/olgaluxurycreation.com\/en\/wp-json\/wp\/v2\/product_cat?post=709"},{"taxonomy":"product_tag","embeddable":true,"href":"https:\/\/olgaluxurycreation.com\/en\/wp-json\/wp\/v2\/product_tag?post=709"}],"curies":[{"name":"wp","href":"https:\/\/api.w.org\/{rel}","templated":true}]}}