{"id":711,"date":"2024-07-24T17:27:48","date_gmt":"2024-07-24T15:27:48","guid":{"rendered":"https:\/\/olgaluxurycreation.com\/?post_type=product&#038;p=711"},"modified":"2025-11-12T21:03:40","modified_gmt":"2025-11-12T20:03:40","slug":"sac-a-main-en-cuir-beige-et-marron-style-patwork","status":"publish","type":"product","link":"https:\/\/olgaluxurycreation.com\/en\/product\/sac-a-main-en-cuir-beige-et-marron-style-patwork\/","title":{"rendered":"Sac fermoir vintage en cuir beige et marron style patchwork"},"content":{"rendered":"<p>Our leather bags are unique creations, made with exceptional precision and quality. The leather is carefully selected from local suppliers to guarantee high quality. Each bag is crafted with meticulous attention to detail, creating authentic and distinctive pieces. Indispensable in your daily life, our bags are essential items in our collection, designed to enhance and enrich your style. They adapt perfectly to your expectations and add extra value to your needs.<\/p>","protected":false},"excerpt":{"rendered":"<p>Opt for timeless elegance with our Doctor-style leather handbag. Made in France, this bag features a patchwork design in shades of beige and brown, complemented by a distinctive retro clasp. Featuring a shoulder strap for added practicality, it makes the perfect gift, combining classic style with craftsmanship.<\/p>","protected":false},"featured_media":656,"template":"","meta":{"_acf_changed":false},"product_brand":[],"product_cat":[20],"product_tag":[81,69,42,84,82,64,80,79,78,77,83,76],"class_list":{"0":"post-711","1":"product","2":"type-product","3":"status-publish","4":"has-post-thumbnail","6":"product_cat-non-classe","7":"product_tag-cadeau-unique-pour-elle","8":"product_tag-cuir-souple","9":"product_tag-custom-made-bag","10":"product_tag-doctor-bag-handmade","11":"product_tag-leather-doctor-bag","12":"product_tag-olgaluxurycreation","13":"product_tag-sac-a-main-femme","14":"product_tag-sac-cuir-patchwork","15":"product_tag-sac-fermoir-retro","16":"product_tag-sac-retro-style-docteur-en-cuir-beige-et-marron","17":"product_tag-vinatage-bags","18":"product_tag-vintage","20":"first","21":"instock","22":"shipping-taxable","23":"purchasable","24":"product-type-simple"},"acf":[],"yoast_head":"<!-- This site is optimized with the Yoast SEO plugin v24.6 - https:\/\/yoast.com\/wordpress\/plugins\/seo\/ -->\n<title>Sac fermoir vintage en cuir beige et marron style patchwork - Olga Luxury Cr\u00e9ation<\/title>\n<meta name=\"robots\" content=\"index, follow, max-snippet:-1, max-image-preview:large, max-video-preview:-1\" \/>\n<link rel=\"canonical\" href=\"https:\/\/olgaluxurycreation.com\/en\/product\/sac-a-main-en-cuir-beige-et-marron-style-patwork\/\" \/>\n<meta property=\"og:locale\" content=\"en_GB\" \/>\n<meta property=\"og:type\" content=\"article\" \/>\n<meta property=\"og:title\" content=\"Sac fermoir vintage en cuir beige et marron style patchwork - Olga Luxury Cr\u00e9ation\" \/>\n<meta property=\"og:description\" content=\"Optez pour l&#039;\u00e9l\u00e9gance intemporelle avec notre sac \u00e0 main en cuir style Docteur. Ce sac, fabriqu\u00e9 en France, pr\u00e9sente un design patchwork en nuances de beige et marron, compl\u00e9t\u00e9 par un fermoir r\u00e9tro distinctif. Dot\u00e9 d&#039;une bandouli\u00e8re pour plus de pratricit\u00e9, il constitue le cadeau parfait, alliant style classique et savoir-faire artisanal.\" \/>\n<meta property=\"og:url\" content=\"https:\/\/olgaluxurycreation.com\/en\/product\/sac-a-main-en-cuir-beige-et-marron-style-patwork\/\" \/>\n<meta property=\"og:site_name\" content=\"Olga Luxury Cr\u00e9ation\" \/>\n<meta property=\"article:modified_time\" content=\"2025-11-12T20:03:40+00:00\" \/>\n<meta property=\"og:image\" content=\"https:\/\/olgaluxurycreation.com\/wp-content\/uploads\/2024\/07\/SacCuir-Marron-Patchwork.jpeg\" \/>\n\t<meta property=\"og:image:width\" content=\"427\" \/>\n\t<meta property=\"og:image:height\" content=\"640\" \/>\n\t<meta property=\"og:image:type\" content=\"image\/jpeg\" \/>\n<meta name=\"twitter:card\" content=\"summary_large_image\" \/>\n<meta name=\"twitter:label1\" content=\"Estimated reading time\" \/>\n\t<meta name=\"twitter:data1\" content=\"1 minute\" \/>\n<script type=\"application\/ld+json\" class=\"yoast-schema-graph\">{\"@context\":\"https:\/\/schema.org\",\"@graph\":[{\"@type\":\"WebPage\",\"@id\":\"https:\/\/olgaluxurycreation.com\/produit\/sac-a-main-en-cuir-beige-et-marron-style-patwork\/\",\"url\":\"https:\/\/olgaluxurycreation.com\/produit\/sac-a-main-en-cuir-beige-et-marron-style-patwork\/\",\"name\":\"Sac fermoir vintage en cuir beige et marron style patchwork - Olga Luxury Cr\u00e9ation\",\"isPartOf\":{\"@id\":\"https:\/\/olgaluxurycreation.com\/#website\"},\"primaryImageOfPage\":{\"@id\":\"https:\/\/olgaluxurycreation.com\/produit\/sac-a-main-en-cuir-beige-et-marron-style-patwork\/#primaryimage\"},\"image\":{\"@id\":\"https:\/\/olgaluxurycreation.com\/produit\/sac-a-main-en-cuir-beige-et-marron-style-patwork\/#primaryimage\"},\"thumbnailUrl\":\"https:\/\/olgaluxurycreation.com\/wp-content\/uploads\/2024\/07\/SacCuir-Marron-Patchwork.jpeg\",\"datePublished\":\"2024-07-24T15:27:48+00:00\",\"dateModified\":\"2025-11-12T20:03:40+00:00\",\"breadcrumb\":{\"@id\":\"https:\/\/olgaluxurycreation.com\/produit\/sac-a-main-en-cuir-beige-et-marron-style-patwork\/#breadcrumb\"},\"inLanguage\":\"en-GB\",\"potentialAction\":[{\"@type\":\"ReadAction\",\"target\":[\"https:\/\/olgaluxurycreation.com\/produit\/sac-a-main-en-cuir-beige-et-marron-style-patwork\/\"]}]},{\"@type\":\"ImageObject\",\"inLanguage\":\"en-GB\",\"@id\":\"https:\/\/olgaluxurycreation.com\/produit\/sac-a-main-en-cuir-beige-et-marron-style-patwork\/#primaryimage\",\"url\":\"https:\/\/olgaluxurycreation.com\/wp-content\/uploads\/2024\/07\/SacCuir-Marron-Patchwork.jpeg\",\"contentUrl\":\"https:\/\/olgaluxurycreation.com\/wp-content\/uploads\/2024\/07\/SacCuir-Marron-Patchwork.jpeg\",\"width\":427,\"height\":640,\"caption\":\"Sac R\u00e9tro style docteur en cuir beige et marron\"},{\"@type\":\"BreadcrumbList\",\"@id\":\"https:\/\/olgaluxurycreation.com\/produit\/sac-a-main-en-cuir-beige-et-marron-style-patwork\/#breadcrumb\",\"itemListElement\":[{\"@type\":\"ListItem\",\"position\":1,\"name\":\"Accueil\",\"item\":\"https:\/\/olgaluxurycreation.com\/\"},{\"@type\":\"ListItem\",\"position\":2,\"name\":\"Boutique\",\"item\":\"https:\/\/olgaluxurycreation.com\/boutique\/\"},{\"@type\":\"ListItem\",\"position\":3,\"name\":\"Sac fermoir vintage en cuir beige et marron style patchwork\"}]},{\"@type\":\"WebSite\",\"@id\":\"https:\/\/olgaluxurycreation.com\/#website\",\"url\":\"https:\/\/olgaluxurycreation.com\/\",\"name\":\"Olga Luxury Cr\u00e9ation\",\"description\":\"Sacs en cuir v\u00e9ritable faits main par Olga Luxury Cr\u00e9ation\",\"potentialAction\":[{\"@type\":\"SearchAction\",\"target\":{\"@type\":\"EntryPoint\",\"urlTemplate\":\"https:\/\/olgaluxurycreation.com\/?s={search_term_string}\"},\"query-input\":{\"@type\":\"PropertyValueSpecification\",\"valueRequired\":true,\"valueName\":\"search_term_string\"}}],\"inLanguage\":\"en-GB\"}]}<\/script>\n<!-- \/ Yoast SEO plugin. -->","yoast_head_json":{"title":"Sac fermoir vintage en cuir beige et marron style patchwork - Olga Luxury Cr\u00e9ation","robots":{"index":"index","follow":"follow","max-snippet":"max-snippet:-1","max-image-preview":"max-image-preview:large","max-video-preview":"max-video-preview:-1"},"canonical":"https:\/\/olgaluxurycreation.com\/en\/product\/sac-a-main-en-cuir-beige-et-marron-style-patwork\/","og_locale":"en_GB","og_type":"article","og_title":"Sac fermoir vintage en cuir beige et marron style patchwork - Olga Luxury Cr\u00e9ation","og_description":"Optez pour l'\u00e9l\u00e9gance intemporelle avec notre sac \u00e0 main en cuir style Docteur. Ce sac, fabriqu\u00e9 en France, pr\u00e9sente un design patchwork en nuances de beige et marron, compl\u00e9t\u00e9 par un fermoir r\u00e9tro distinctif. Dot\u00e9 d'une bandouli\u00e8re pour plus de pratricit\u00e9, il constitue le cadeau parfait, alliant style classique et savoir-faire artisanal.","og_url":"https:\/\/olgaluxurycreation.com\/en\/product\/sac-a-main-en-cuir-beige-et-marron-style-patwork\/","og_site_name":"Olga Luxury Cr\u00e9ation","article_modified_time":"2025-11-12T20:03:40+00:00","og_image":[{"width":427,"height":640,"url":"https:\/\/olgaluxurycreation.com\/wp-content\/uploads\/2024\/07\/SacCuir-Marron-Patchwork.jpeg","type":"image\/jpeg"}],"twitter_card":"summary_large_image","twitter_misc":{"Estimated reading time":"1 minute"},"schema":{"@context":"https:\/\/schema.org","@graph":[{"@type":"WebPage","@id":"https:\/\/olgaluxurycreation.com\/produit\/sac-a-main-en-cuir-beige-et-marron-style-patwork\/","url":"https:\/\/olgaluxurycreation.com\/produit\/sac-a-main-en-cuir-beige-et-marron-style-patwork\/","name":"Sac fermoir vintage en cuir beige et marron style patchwork - Olga Luxury Cr\u00e9ation","isPartOf":{"@id":"https:\/\/olgaluxurycreation.com\/#website"},"primaryImageOfPage":{"@id":"https:\/\/olgaluxurycreation.com\/produit\/sac-a-main-en-cuir-beige-et-marron-style-patwork\/#primaryimage"},"image":{"@id":"https:\/\/olgaluxurycreation.com\/produit\/sac-a-main-en-cuir-beige-et-marron-style-patwork\/#primaryimage"},"thumbnailUrl":"https:\/\/olgaluxurycreation.com\/wp-content\/uploads\/2024\/07\/SacCuir-Marron-Patchwork.jpeg","datePublished":"2024-07-24T15:27:48+00:00","dateModified":"2025-11-12T20:03:40+00:00","breadcrumb":{"@id":"https:\/\/olgaluxurycreation.com\/produit\/sac-a-main-en-cuir-beige-et-marron-style-patwork\/#breadcrumb"},"inLanguage":"en-GB","potentialAction":[{"@type":"ReadAction","target":["https:\/\/olgaluxurycreation.com\/produit\/sac-a-main-en-cuir-beige-et-marron-style-patwork\/"]}]},{"@type":"ImageObject","inLanguage":"en-GB","@id":"https:\/\/olgaluxurycreation.com\/produit\/sac-a-main-en-cuir-beige-et-marron-style-patwork\/#primaryimage","url":"https:\/\/olgaluxurycreation.com\/wp-content\/uploads\/2024\/07\/SacCuir-Marron-Patchwork.jpeg","contentUrl":"https:\/\/olgaluxurycreation.com\/wp-content\/uploads\/2024\/07\/SacCuir-Marron-Patchwork.jpeg","width":427,"height":640,"caption":"Sac R\u00e9tro style docteur en cuir beige et marron"},{"@type":"BreadcrumbList","@id":"https:\/\/olgaluxurycreation.com\/produit\/sac-a-main-en-cuir-beige-et-marron-style-patwork\/#breadcrumb","itemListElement":[{"@type":"ListItem","position":1,"name":"Accueil","item":"https:\/\/olgaluxurycreation.com\/"},{"@type":"ListItem","position":2,"name":"Boutique","item":"https:\/\/olgaluxurycreation.com\/boutique\/"},{"@type":"ListItem","position":3,"name":"Sac fermoir vintage en cuir beige et marron style patchwork"}]},{"@type":"WebSite","@id":"https:\/\/olgaluxurycreation.com\/#website","url":"https:\/\/olgaluxurycreation.com\/","name":"Olga Luxury Cr\u00e9ation","description":"Sacs en cuir v\u00e9ritable faits main par Olga Luxury Cr\u00e9ation","potentialAction":[{"@type":"SearchAction","target":{"@type":"EntryPoint","urlTemplate":"https:\/\/olgaluxurycreation.com\/?s={search_term_string}"},"query-input":{"@type":"PropertyValueSpecification","valueRequired":true,"valueName":"search_term_string"}}],"inLanguage":"en-GB"}]}},"_links":{"self":[{"href":"https:\/\/olgaluxurycreation.com\/en\/wp-json\/wp\/v2\/product\/711","targetHints":{"allow":["GET"]}}],"collection":[{"href":"https:\/\/olgaluxurycreation.com\/en\/wp-json\/wp\/v2\/product"}],"about":[{"href":"https:\/\/olgaluxurycreation.com\/en\/wp-json\/wp\/v2\/types\/product"}],"wp:featuredmedia":[{"embeddable":true,"href":"https:\/\/olgaluxurycreation.com\/en\/wp-json\/wp\/v2\/media\/656"}],"wp:attachment":[{"href":"https:\/\/olgaluxurycreation.com\/en\/wp-json\/wp\/v2\/media?parent=711"}],"wp:term":[{"taxonomy":"product_brand","embeddable":true,"href":"https:\/\/olgaluxurycreation.com\/en\/wp-json\/wp\/v2\/product_brand?post=711"},{"taxonomy":"product_cat","embeddable":true,"href":"https:\/\/olgaluxurycreation.com\/en\/wp-json\/wp\/v2\/product_cat?post=711"},{"taxonomy":"product_tag","embeddable":true,"href":"https:\/\/olgaluxurycreation.com\/en\/wp-json\/wp\/v2\/product_tag?post=711"}],"curies":[{"name":"wp","href":"https:\/\/api.w.org\/{rel}","templated":true}]}}