{"id":712,"date":"2024-07-24T17:33:48","date_gmt":"2024-07-24T15:33:48","guid":{"rendered":"https:\/\/olgaluxurycreation.com\/?post_type=product&#038;p=712"},"modified":"2024-11-26T23:56:24","modified_gmt":"2024-11-26T22:56:24","slug":"sac-a-main-pochette-en-cuir-et-daim-noir","status":"publish","type":"product","link":"https:\/\/olgaluxurycreation.com\/en\/product\/sac-a-main-pochette-en-cuir-et-daim-noir\/","title":{"rendered":"Sac de Soir\u00e9e pochette en cuir noir avec chaine dor\u00e9"},"content":{"rendered":"<p>Our leather and black suede bags are unique creations, made with the utmost precision and meticulous care. The leather is carefully selected from local suppliers to guarantee impeccable quality. Each bag is crafted with meticulous attention to detail, creating authentic and distinctive pieces. These bags are must-haves in our collection, essential for enriching your everyday life and enhancing your style. They are designed to meet your needs while adding value to your look.<\/p>\n<p>Our leather bags are luxury items that stand out in every situation. We harness the unique properties of leather to create high-value, authentic products for every season. Explore our collection to discover our exceptional expertise in luxury leather goods.<\/p>\n<p>Discover our Vintage collection of wallets with a metal clasp for practicality and a touch of elegance.<\/p>","protected":false},"excerpt":{"rendered":"<p>D\u00e9couvrez notre collection exclusive de sacs de soir\u00e9e en cuir noir, alliant \u00e9l\u00e9gance et praticit\u00e9. Ces pochettes en cuir noir pour soir\u00e9e et de mariage, fabriqu\u00e9es en France, se distinguent par leur style vintage et leur fermoir r\u00e9tro. Con\u00e7us pour offrir un espace g\u00e9n\u00e9reux, ces sacs disposent d&rsquo;un grand compartiment et sont doubl\u00e9s de tissus luxueux en 100 % coton ou soie. Un choix parfait pour une touche sophistiqu\u00e9e \u00e0 chaque occasion.<\/p>","protected":false},"featured_media":732,"template":"","meta":{"_acf_changed":false},"product_brand":[],"product_cat":[20],"product_tag":[74,73,70,69,52,67,71,72,66,68,76,75],"class_list":{"0":"post-712","1":"product","2":"type-product","3":"status-publish","4":"has-post-thumbnail","6":"product_cat-non-classe","7":"product_tag-black-dress-women","8":"product_tag-black-leather-purse","9":"product_tag-cadeaux-pour-elle","10":"product_tag-cuir-souple","11":"product_tag-evening-bag","12":"product_tag-pochette-cuir-noir","13":"product_tag-sac-a-main-unique","14":"product_tag-sac-cuir-noir","15":"product_tag-sac-de-soiree-cuir-noir","16":"product_tag-sac-retro","17":"product_tag-vintage","18":"product_tag-wedding-clutch-bag","20":"first","21":"instock","22":"shipping-taxable","23":"purchasable","24":"product-type-simple"},"acf":[],"yoast_head":"<!-- This site is optimized with the Yoast SEO plugin v24.6 - https:\/\/yoast.com\/wordpress\/plugins\/seo\/ -->\n<title>Sac de Soir\u00e9e pochette en cuir noir avec chaine dor\u00e9 - Olga Luxury Cr\u00e9ation<\/title>\n<meta name=\"description\" content=\"Elegant Evening bag with Black leather made in France Gift unique for her Sac de Soir\u00e9e pochette en cuir noir\" \/>\n<meta name=\"robots\" content=\"index, follow, max-snippet:-1, max-image-preview:large, max-video-preview:-1\" \/>\n<link rel=\"canonical\" href=\"https:\/\/olgaluxurycreation.com\/en\/product\/sac-a-main-pochette-en-cuir-et-daim-noir\/\" \/>\n<meta property=\"og:locale\" content=\"en_GB\" \/>\n<meta property=\"og:type\" content=\"article\" \/>\n<meta property=\"og:title\" content=\"Sac de Soir\u00e9e pochette en cuir noir avec chaine dor\u00e9 - Olga Luxury Cr\u00e9ation\" \/>\n<meta property=\"og:description\" content=\"Elegant Evening bag with Black leather made in France Gift unique for her Sac de Soir\u00e9e pochette en cuir noir\" \/>\n<meta property=\"og:url\" content=\"https:\/\/olgaluxurycreation.com\/en\/product\/sac-a-main-pochette-en-cuir-et-daim-noir\/\" \/>\n<meta property=\"og:site_name\" content=\"Olga Luxury Cr\u00e9ation\" \/>\n<meta property=\"article:modified_time\" content=\"2024-11-26T22:56:24+00:00\" \/>\n<meta property=\"og:image\" content=\"https:\/\/olgaluxurycreation.com\/wp-content\/uploads\/2024\/07\/olga-sac-Noir-Fermoir-Retro.jpg\" \/>\n\t<meta property=\"og:image:width\" content=\"427\" \/>\n\t<meta property=\"og:image:height\" content=\"640\" \/>\n\t<meta property=\"og:image:type\" content=\"image\/jpeg\" \/>\n<meta name=\"twitter:card\" content=\"summary_large_image\" \/>\n<meta name=\"twitter:label1\" content=\"Estimated reading time\" \/>\n\t<meta name=\"twitter:data1\" content=\"2 minutes\" \/>\n<script type=\"application\/ld+json\" class=\"yoast-schema-graph\">{\"@context\":\"https:\/\/schema.org\",\"@graph\":[{\"@type\":\"WebPage\",\"@id\":\"https:\/\/olgaluxurycreation.com\/produit\/sac-a-main-pochette-en-cuir-et-daim-noir\/\",\"url\":\"https:\/\/olgaluxurycreation.com\/produit\/sac-a-main-pochette-en-cuir-et-daim-noir\/\",\"name\":\"Sac de Soir\u00e9e pochette en cuir noir avec chaine dor\u00e9 - Olga Luxury Cr\u00e9ation\",\"isPartOf\":{\"@id\":\"https:\/\/olgaluxurycreation.com\/#website\"},\"primaryImageOfPage\":{\"@id\":\"https:\/\/olgaluxurycreation.com\/produit\/sac-a-main-pochette-en-cuir-et-daim-noir\/#primaryimage\"},\"image\":{\"@id\":\"https:\/\/olgaluxurycreation.com\/produit\/sac-a-main-pochette-en-cuir-et-daim-noir\/#primaryimage\"},\"thumbnailUrl\":\"https:\/\/olgaluxurycreation.com\/wp-content\/uploads\/2024\/07\/olga-sac-Noir-Fermoir-Retro.jpg\",\"datePublished\":\"2024-07-24T15:33:48+00:00\",\"dateModified\":\"2024-11-26T22:56:24+00:00\",\"description\":\"Elegant Evening bag with Black leather made in France Gift unique for her Sac de Soir\u00e9e pochette en cuir noir\",\"breadcrumb\":{\"@id\":\"https:\/\/olgaluxurycreation.com\/produit\/sac-a-main-pochette-en-cuir-et-daim-noir\/#breadcrumb\"},\"inLanguage\":\"en-GB\",\"potentialAction\":[{\"@type\":\"ReadAction\",\"target\":[\"https:\/\/olgaluxurycreation.com\/produit\/sac-a-main-pochette-en-cuir-et-daim-noir\/\"]}]},{\"@type\":\"ImageObject\",\"inLanguage\":\"en-GB\",\"@id\":\"https:\/\/olgaluxurycreation.com\/produit\/sac-a-main-pochette-en-cuir-et-daim-noir\/#primaryimage\",\"url\":\"https:\/\/olgaluxurycreation.com\/wp-content\/uploads\/2024\/07\/olga-sac-Noir-Fermoir-Retro.jpg\",\"contentUrl\":\"https:\/\/olgaluxurycreation.com\/wp-content\/uploads\/2024\/07\/olga-sac-Noir-Fermoir-Retro.jpg\",\"width\":427,\"height\":640},{\"@type\":\"BreadcrumbList\",\"@id\":\"https:\/\/olgaluxurycreation.com\/produit\/sac-a-main-pochette-en-cuir-et-daim-noir\/#breadcrumb\",\"itemListElement\":[{\"@type\":\"ListItem\",\"position\":1,\"name\":\"Accueil\",\"item\":\"https:\/\/olgaluxurycreation.com\/\"},{\"@type\":\"ListItem\",\"position\":2,\"name\":\"Boutique\",\"item\":\"https:\/\/olgaluxurycreation.com\/boutique\/\"},{\"@type\":\"ListItem\",\"position\":3,\"name\":\"Sac de Soir\u00e9e pochette en cuir noir avec chaine dor\u00e9\"}]},{\"@type\":\"WebSite\",\"@id\":\"https:\/\/olgaluxurycreation.com\/#website\",\"url\":\"https:\/\/olgaluxurycreation.com\/\",\"name\":\"Olga Luxury Cr\u00e9ation\",\"description\":\"Sacs en cuir v\u00e9ritable faits main par Olga Luxury Cr\u00e9ation\",\"potentialAction\":[{\"@type\":\"SearchAction\",\"target\":{\"@type\":\"EntryPoint\",\"urlTemplate\":\"https:\/\/olgaluxurycreation.com\/?s={search_term_string}\"},\"query-input\":{\"@type\":\"PropertyValueSpecification\",\"valueRequired\":true,\"valueName\":\"search_term_string\"}}],\"inLanguage\":\"en-GB\"}]}<\/script>\n<!-- \/ Yoast SEO plugin. -->","yoast_head_json":{"title":"Sac de Soir\u00e9e pochette en cuir noir avec chaine dor\u00e9 - Olga Luxury Cr\u00e9ation","description":"Elegant Evening bag with Black leather made in France Gift unique for her Sac de Soir\u00e9e pochette en cuir noir","robots":{"index":"index","follow":"follow","max-snippet":"max-snippet:-1","max-image-preview":"max-image-preview:large","max-video-preview":"max-video-preview:-1"},"canonical":"https:\/\/olgaluxurycreation.com\/en\/product\/sac-a-main-pochette-en-cuir-et-daim-noir\/","og_locale":"en_GB","og_type":"article","og_title":"Sac de Soir\u00e9e pochette en cuir noir avec chaine dor\u00e9 - Olga Luxury Cr\u00e9ation","og_description":"Elegant Evening bag with Black leather made in France Gift unique for her Sac de Soir\u00e9e pochette en cuir noir","og_url":"https:\/\/olgaluxurycreation.com\/en\/product\/sac-a-main-pochette-en-cuir-et-daim-noir\/","og_site_name":"Olga Luxury Cr\u00e9ation","article_modified_time":"2024-11-26T22:56:24+00:00","og_image":[{"width":427,"height":640,"url":"https:\/\/olgaluxurycreation.com\/wp-content\/uploads\/2024\/07\/olga-sac-Noir-Fermoir-Retro.jpg","type":"image\/jpeg"}],"twitter_card":"summary_large_image","twitter_misc":{"Estimated reading time":"2 minutes"},"schema":{"@context":"https:\/\/schema.org","@graph":[{"@type":"WebPage","@id":"https:\/\/olgaluxurycreation.com\/produit\/sac-a-main-pochette-en-cuir-et-daim-noir\/","url":"https:\/\/olgaluxurycreation.com\/produit\/sac-a-main-pochette-en-cuir-et-daim-noir\/","name":"Sac de Soir\u00e9e pochette en cuir noir avec chaine dor\u00e9 - Olga Luxury Cr\u00e9ation","isPartOf":{"@id":"https:\/\/olgaluxurycreation.com\/#website"},"primaryImageOfPage":{"@id":"https:\/\/olgaluxurycreation.com\/produit\/sac-a-main-pochette-en-cuir-et-daim-noir\/#primaryimage"},"image":{"@id":"https:\/\/olgaluxurycreation.com\/produit\/sac-a-main-pochette-en-cuir-et-daim-noir\/#primaryimage"},"thumbnailUrl":"https:\/\/olgaluxurycreation.com\/wp-content\/uploads\/2024\/07\/olga-sac-Noir-Fermoir-Retro.jpg","datePublished":"2024-07-24T15:33:48+00:00","dateModified":"2024-11-26T22:56:24+00:00","description":"Elegant Evening bag with Black leather made in France Gift unique for her Sac de Soir\u00e9e pochette en cuir noir","breadcrumb":{"@id":"https:\/\/olgaluxurycreation.com\/produit\/sac-a-main-pochette-en-cuir-et-daim-noir\/#breadcrumb"},"inLanguage":"en-GB","potentialAction":[{"@type":"ReadAction","target":["https:\/\/olgaluxurycreation.com\/produit\/sac-a-main-pochette-en-cuir-et-daim-noir\/"]}]},{"@type":"ImageObject","inLanguage":"en-GB","@id":"https:\/\/olgaluxurycreation.com\/produit\/sac-a-main-pochette-en-cuir-et-daim-noir\/#primaryimage","url":"https:\/\/olgaluxurycreation.com\/wp-content\/uploads\/2024\/07\/olga-sac-Noir-Fermoir-Retro.jpg","contentUrl":"https:\/\/olgaluxurycreation.com\/wp-content\/uploads\/2024\/07\/olga-sac-Noir-Fermoir-Retro.jpg","width":427,"height":640},{"@type":"BreadcrumbList","@id":"https:\/\/olgaluxurycreation.com\/produit\/sac-a-main-pochette-en-cuir-et-daim-noir\/#breadcrumb","itemListElement":[{"@type":"ListItem","position":1,"name":"Accueil","item":"https:\/\/olgaluxurycreation.com\/"},{"@type":"ListItem","position":2,"name":"Boutique","item":"https:\/\/olgaluxurycreation.com\/boutique\/"},{"@type":"ListItem","position":3,"name":"Sac de Soir\u00e9e pochette en cuir noir avec chaine dor\u00e9"}]},{"@type":"WebSite","@id":"https:\/\/olgaluxurycreation.com\/#website","url":"https:\/\/olgaluxurycreation.com\/","name":"Olga Luxury Cr\u00e9ation","description":"Sacs en cuir v\u00e9ritable faits main par Olga Luxury Cr\u00e9ation","potentialAction":[{"@type":"SearchAction","target":{"@type":"EntryPoint","urlTemplate":"https:\/\/olgaluxurycreation.com\/?s={search_term_string}"},"query-input":{"@type":"PropertyValueSpecification","valueRequired":true,"valueName":"search_term_string"}}],"inLanguage":"en-GB"}]}},"_links":{"self":[{"href":"https:\/\/olgaluxurycreation.com\/en\/wp-json\/wp\/v2\/product\/712","targetHints":{"allow":["GET"]}}],"collection":[{"href":"https:\/\/olgaluxurycreation.com\/en\/wp-json\/wp\/v2\/product"}],"about":[{"href":"https:\/\/olgaluxurycreation.com\/en\/wp-json\/wp\/v2\/types\/product"}],"wp:featuredmedia":[{"embeddable":true,"href":"https:\/\/olgaluxurycreation.com\/en\/wp-json\/wp\/v2\/media\/732"}],"wp:attachment":[{"href":"https:\/\/olgaluxurycreation.com\/en\/wp-json\/wp\/v2\/media?parent=712"}],"wp:term":[{"taxonomy":"product_brand","embeddable":true,"href":"https:\/\/olgaluxurycreation.com\/en\/wp-json\/wp\/v2\/product_brand?post=712"},{"taxonomy":"product_cat","embeddable":true,"href":"https:\/\/olgaluxurycreation.com\/en\/wp-json\/wp\/v2\/product_cat?post=712"},{"taxonomy":"product_tag","embeddable":true,"href":"https:\/\/olgaluxurycreation.com\/en\/wp-json\/wp\/v2\/product_tag?post=712"}],"curies":[{"name":"wp","href":"https:\/\/api.w.org\/{rel}","templated":true}]}}