{"id":713,"date":"2024-07-25T08:54:14","date_gmt":"2024-07-25T06:54:14","guid":{"rendered":"https:\/\/olgaluxurycreation.com\/?post_type=product&#038;p=713"},"modified":"2025-11-12T21:00:14","modified_gmt":"2025-11-12T20:00:14","slug":"sac-a-main-en-cuir-marron-et-rouge-fonce","status":"publish","type":"product","link":"https:\/\/olgaluxurycreation.com\/en\/product\/sac-a-main-en-cuir-marron-et-rouge-fonce\/","title":{"rendered":"Sac Hobo cuir et daim Rouge fonc\u00e9"},"content":{"rendered":"<p>Leather bags are essential everyday accessories, combining functionality and style. Our bags are made with meticulous attention to detail and trends, guaranteeing your satisfaction day after day.<\/p>\n<p>Each Olga Luxury Creation creation reinvents the use of leather, an exceptional material, by combining it with other materials to create unique and authentic pieces. Our expertise and precision in the choice of materials are at the heart of our manufacturing process.<\/p>\n<p>This leather handbag, with its brown and dark red hues, is an elegant way to take your style on the move. It's designed to get you noticed and enhance your style. Discover our wide selection of handbags made in France, and assert your uniqueness with a truly exceptional piece.<\/p>","protected":false},"excerpt":{"rendered":"<p>Discover our leather handbag, a brown genuine leather model with a patchwork design and studs. Made in France with an adjustable shoulder strap, this Hobo bag combines quality craftsmanship and elegance. Perfect as a gift, this bag embodies French style and craftsmanship.<\/p>","protected":false},"featured_media":730,"template":"","meta":{"_acf_changed":false},"product_brand":[],"product_cat":[20],"product_tag":[161,239,171,241,242,240],"class_list":{"0":"post-713","1":"product","2":"type-product","3":"status-publish","4":"has-post-thumbnail","6":"product_cat-non-classe","7":"product_tag-cadeau-pour-elle","8":"product_tag-sac-a-main-en-daim-pour-femme","9":"product_tag-sac-cuir-cloute","10":"product_tag-sac-cuir-unique-et-original","11":"product_tag-sac-elegant","12":"product_tag-sac-hobo-porte-epaule","14":"first","15":"instock","16":"shipping-taxable","17":"purchasable","18":"product-type-simple"},"acf":[],"yoast_head":"<!-- This site is optimized with the Yoast SEO plugin v24.6 - https:\/\/yoast.com\/wordpress\/plugins\/seo\/ -->\n<title>Sac Hobo cuir et daim Rouge fonc\u00e9 - Olga Luxury Cr\u00e9ation<\/title>\n<meta name=\"description\" content=\"Hobo bag Red leather Studded purse Gift unique for her\" \/>\n<meta name=\"robots\" content=\"index, follow, max-snippet:-1, max-image-preview:large, max-video-preview:-1\" \/>\n<link rel=\"canonical\" href=\"https:\/\/olgaluxurycreation.com\/en\/product\/sac-a-main-en-cuir-marron-et-rouge-fonce\/\" \/>\n<meta property=\"og:locale\" content=\"en_GB\" \/>\n<meta property=\"og:type\" content=\"article\" \/>\n<meta property=\"og:title\" content=\"Sac Hobo cuir et daim Rouge fonc\u00e9 - Olga Luxury Cr\u00e9ation\" \/>\n<meta property=\"og:description\" content=\"Hobo bag Red leather Studded purse Gift unique for her\" \/>\n<meta property=\"og:url\" content=\"https:\/\/olgaluxurycreation.com\/en\/product\/sac-a-main-en-cuir-marron-et-rouge-fonce\/\" \/>\n<meta property=\"og:site_name\" content=\"Olga Luxury Cr\u00e9ation\" \/>\n<meta property=\"article:modified_time\" content=\"2025-11-12T20:00:14+00:00\" \/>\n<meta property=\"og:image\" content=\"https:\/\/olgaluxurycreation.com\/wp-content\/uploads\/2024\/07\/olga-sacCuir-rouge-marron.jpg\" \/>\n\t<meta property=\"og:image:width\" content=\"427\" \/>\n\t<meta property=\"og:image:height\" content=\"640\" \/>\n\t<meta property=\"og:image:type\" content=\"image\/jpeg\" \/>\n<meta name=\"twitter:card\" content=\"summary_large_image\" \/>\n<meta name=\"twitter:label1\" content=\"Estimated reading time\" \/>\n\t<meta name=\"twitter:data1\" content=\"1 minute\" \/>\n<script type=\"application\/ld+json\" class=\"yoast-schema-graph\">{\"@context\":\"https:\/\/schema.org\",\"@graph\":[{\"@type\":\"WebPage\",\"@id\":\"https:\/\/olgaluxurycreation.com\/produit\/sac-a-main-en-cuir-marron-et-rouge-fonce\/\",\"url\":\"https:\/\/olgaluxurycreation.com\/produit\/sac-a-main-en-cuir-marron-et-rouge-fonce\/\",\"name\":\"Sac Hobo cuir et daim Rouge fonc\u00e9 - Olga Luxury Cr\u00e9ation\",\"isPartOf\":{\"@id\":\"https:\/\/olgaluxurycreation.com\/#website\"},\"primaryImageOfPage\":{\"@id\":\"https:\/\/olgaluxurycreation.com\/produit\/sac-a-main-en-cuir-marron-et-rouge-fonce\/#primaryimage\"},\"image\":{\"@id\":\"https:\/\/olgaluxurycreation.com\/produit\/sac-a-main-en-cuir-marron-et-rouge-fonce\/#primaryimage\"},\"thumbnailUrl\":\"https:\/\/olgaluxurycreation.com\/wp-content\/uploads\/2024\/07\/olga-sacCuir-rouge-marron.jpg\",\"datePublished\":\"2024-07-25T06:54:14+00:00\",\"dateModified\":\"2025-11-12T20:00:14+00:00\",\"description\":\"Hobo bag Red leather Studded purse Gift unique for her\",\"breadcrumb\":{\"@id\":\"https:\/\/olgaluxurycreation.com\/produit\/sac-a-main-en-cuir-marron-et-rouge-fonce\/#breadcrumb\"},\"inLanguage\":\"en-GB\",\"potentialAction\":[{\"@type\":\"ReadAction\",\"target\":[\"https:\/\/olgaluxurycreation.com\/produit\/sac-a-main-en-cuir-marron-et-rouge-fonce\/\"]}]},{\"@type\":\"ImageObject\",\"inLanguage\":\"en-GB\",\"@id\":\"https:\/\/olgaluxurycreation.com\/produit\/sac-a-main-en-cuir-marron-et-rouge-fonce\/#primaryimage\",\"url\":\"https:\/\/olgaluxurycreation.com\/wp-content\/uploads\/2024\/07\/olga-sacCuir-rouge-marron.jpg\",\"contentUrl\":\"https:\/\/olgaluxurycreation.com\/wp-content\/uploads\/2024\/07\/olga-sacCuir-rouge-marron.jpg\",\"width\":427,\"height\":640},{\"@type\":\"BreadcrumbList\",\"@id\":\"https:\/\/olgaluxurycreation.com\/produit\/sac-a-main-en-cuir-marron-et-rouge-fonce\/#breadcrumb\",\"itemListElement\":[{\"@type\":\"ListItem\",\"position\":1,\"name\":\"Accueil\",\"item\":\"https:\/\/olgaluxurycreation.com\/\"},{\"@type\":\"ListItem\",\"position\":2,\"name\":\"Boutique\",\"item\":\"https:\/\/olgaluxurycreation.com\/boutique\/\"},{\"@type\":\"ListItem\",\"position\":3,\"name\":\"Sac Hobo cuir et daim Rouge fonc\u00e9\"}]},{\"@type\":\"WebSite\",\"@id\":\"https:\/\/olgaluxurycreation.com\/#website\",\"url\":\"https:\/\/olgaluxurycreation.com\/\",\"name\":\"Olga Luxury Cr\u00e9ation\",\"description\":\"Sacs en cuir v\u00e9ritable faits main par Olga Luxury Cr\u00e9ation\",\"potentialAction\":[{\"@type\":\"SearchAction\",\"target\":{\"@type\":\"EntryPoint\",\"urlTemplate\":\"https:\/\/olgaluxurycreation.com\/?s={search_term_string}\"},\"query-input\":{\"@type\":\"PropertyValueSpecification\",\"valueRequired\":true,\"valueName\":\"search_term_string\"}}],\"inLanguage\":\"en-GB\"}]}<\/script>\n<!-- \/ Yoast SEO plugin. -->","yoast_head_json":{"title":"Sac Hobo cuir et daim Rouge fonc\u00e9 - Olga Luxury Cr\u00e9ation","description":"Hobo bag Red leather Studded purse Gift unique for her","robots":{"index":"index","follow":"follow","max-snippet":"max-snippet:-1","max-image-preview":"max-image-preview:large","max-video-preview":"max-video-preview:-1"},"canonical":"https:\/\/olgaluxurycreation.com\/en\/product\/sac-a-main-en-cuir-marron-et-rouge-fonce\/","og_locale":"en_GB","og_type":"article","og_title":"Sac Hobo cuir et daim Rouge fonc\u00e9 - Olga Luxury Cr\u00e9ation","og_description":"Hobo bag Red leather Studded purse Gift unique for her","og_url":"https:\/\/olgaluxurycreation.com\/en\/product\/sac-a-main-en-cuir-marron-et-rouge-fonce\/","og_site_name":"Olga Luxury Cr\u00e9ation","article_modified_time":"2025-11-12T20:00:14+00:00","og_image":[{"width":427,"height":640,"url":"https:\/\/olgaluxurycreation.com\/wp-content\/uploads\/2024\/07\/olga-sacCuir-rouge-marron.jpg","type":"image\/jpeg"}],"twitter_card":"summary_large_image","twitter_misc":{"Estimated reading time":"1 minute"},"schema":{"@context":"https:\/\/schema.org","@graph":[{"@type":"WebPage","@id":"https:\/\/olgaluxurycreation.com\/produit\/sac-a-main-en-cuir-marron-et-rouge-fonce\/","url":"https:\/\/olgaluxurycreation.com\/produit\/sac-a-main-en-cuir-marron-et-rouge-fonce\/","name":"Sac Hobo cuir et daim Rouge fonc\u00e9 - Olga Luxury Cr\u00e9ation","isPartOf":{"@id":"https:\/\/olgaluxurycreation.com\/#website"},"primaryImageOfPage":{"@id":"https:\/\/olgaluxurycreation.com\/produit\/sac-a-main-en-cuir-marron-et-rouge-fonce\/#primaryimage"},"image":{"@id":"https:\/\/olgaluxurycreation.com\/produit\/sac-a-main-en-cuir-marron-et-rouge-fonce\/#primaryimage"},"thumbnailUrl":"https:\/\/olgaluxurycreation.com\/wp-content\/uploads\/2024\/07\/olga-sacCuir-rouge-marron.jpg","datePublished":"2024-07-25T06:54:14+00:00","dateModified":"2025-11-12T20:00:14+00:00","description":"Hobo bag Red leather Studded purse Gift unique for her","breadcrumb":{"@id":"https:\/\/olgaluxurycreation.com\/produit\/sac-a-main-en-cuir-marron-et-rouge-fonce\/#breadcrumb"},"inLanguage":"en-GB","potentialAction":[{"@type":"ReadAction","target":["https:\/\/olgaluxurycreation.com\/produit\/sac-a-main-en-cuir-marron-et-rouge-fonce\/"]}]},{"@type":"ImageObject","inLanguage":"en-GB","@id":"https:\/\/olgaluxurycreation.com\/produit\/sac-a-main-en-cuir-marron-et-rouge-fonce\/#primaryimage","url":"https:\/\/olgaluxurycreation.com\/wp-content\/uploads\/2024\/07\/olga-sacCuir-rouge-marron.jpg","contentUrl":"https:\/\/olgaluxurycreation.com\/wp-content\/uploads\/2024\/07\/olga-sacCuir-rouge-marron.jpg","width":427,"height":640},{"@type":"BreadcrumbList","@id":"https:\/\/olgaluxurycreation.com\/produit\/sac-a-main-en-cuir-marron-et-rouge-fonce\/#breadcrumb","itemListElement":[{"@type":"ListItem","position":1,"name":"Accueil","item":"https:\/\/olgaluxurycreation.com\/"},{"@type":"ListItem","position":2,"name":"Boutique","item":"https:\/\/olgaluxurycreation.com\/boutique\/"},{"@type":"ListItem","position":3,"name":"Sac Hobo cuir et daim Rouge fonc\u00e9"}]},{"@type":"WebSite","@id":"https:\/\/olgaluxurycreation.com\/#website","url":"https:\/\/olgaluxurycreation.com\/","name":"Olga Luxury Cr\u00e9ation","description":"Sacs en cuir v\u00e9ritable faits main par Olga Luxury Cr\u00e9ation","potentialAction":[{"@type":"SearchAction","target":{"@type":"EntryPoint","urlTemplate":"https:\/\/olgaluxurycreation.com\/?s={search_term_string}"},"query-input":{"@type":"PropertyValueSpecification","valueRequired":true,"valueName":"search_term_string"}}],"inLanguage":"en-GB"}]}},"_links":{"self":[{"href":"https:\/\/olgaluxurycreation.com\/en\/wp-json\/wp\/v2\/product\/713","targetHints":{"allow":["GET"]}}],"collection":[{"href":"https:\/\/olgaluxurycreation.com\/en\/wp-json\/wp\/v2\/product"}],"about":[{"href":"https:\/\/olgaluxurycreation.com\/en\/wp-json\/wp\/v2\/types\/product"}],"wp:featuredmedia":[{"embeddable":true,"href":"https:\/\/olgaluxurycreation.com\/en\/wp-json\/wp\/v2\/media\/730"}],"wp:attachment":[{"href":"https:\/\/olgaluxurycreation.com\/en\/wp-json\/wp\/v2\/media?parent=713"}],"wp:term":[{"taxonomy":"product_brand","embeddable":true,"href":"https:\/\/olgaluxurycreation.com\/en\/wp-json\/wp\/v2\/product_brand?post=713"},{"taxonomy":"product_cat","embeddable":true,"href":"https:\/\/olgaluxurycreation.com\/en\/wp-json\/wp\/v2\/product_cat?post=713"},{"taxonomy":"product_tag","embeddable":true,"href":"https:\/\/olgaluxurycreation.com\/en\/wp-json\/wp\/v2\/product_tag?post=713"}],"curies":[{"name":"wp","href":"https:\/\/api.w.org\/{rel}","templated":true}]}}